{"id":36,"date":"2015-04-20T12:24:32","date_gmt":"2015-04-20T15:24:32","guid":{"rendered":"http:\/\/uenf.br\/ccta\/lcca\/?page_id=36"},"modified":"2015-05-04T09:46:51","modified_gmt":"2015-05-04T12:46:51","slug":"disciplinas-2","status":"publish","type":"page","link":"https:\/\/uenf.br\/ccta\/lcca\/disciplinas-2\/","title":{"rendered":"Disciplinas"},"content":{"rendered":"<table>\n<tbody>\n<tr>\n<td colspan=\"7\" width=\"948\">\n<p style=\"text-align: center\">DISCIPLINAS DO LABORAT\u00d3RIO DE CL\u00cdNICA E CIRURGIA ANIMAL\/ABRIL 2015<\/p>\n<p style=\"text-align: center\">\n<\/td>\n<\/tr>\n<tr>\n<td width=\"120\">\n<p style=\"text-align: center\"><strong>NOME PROFESSOR<\/strong><\/p>\n<p style=\"text-align: center\"><strong>\u00a0<\/strong><\/p>\n<\/td>\n<td style=\"text-align: center\" width=\"108\"><strong>C\u00d3DIGO<\/strong><\/td>\n<td style=\"text-align: center\" width=\"170\"><strong>DISCIPLINAS<\/strong><\/td>\n<td style=\"text-align: center\" width=\"178\"><strong>CURSO\/PROGRAMA<\/strong><\/td>\n<td style=\"text-align: center\" width=\"133\"><strong>OBRIGAT\u00d3RIA\/<\/strong><\/p>\n<p><strong>OPTATIVA<\/strong><\/td>\n<td style=\"text-align: center\" width=\"149\"><strong>COORDENADOR\/<\/strong><\/p>\n<p><strong>COLABORADOR<\/strong><\/td>\n<td style=\"text-align: center\" width=\"89\"><strong>CARGA<\/strong><\/p>\n<p><strong>HOR\u00c1RIA<\/strong><\/td>\n<\/tr>\n<tr>\n<td style=\"text-align: center\" rowspan=\"4\" width=\"120\"><strong>Adriana Jardim de Almeida<\/strong><\/td>\n<td style=\"text-align: center\" width=\"108\">CCA03109<\/td>\n<td style=\"text-align: center\" width=\"170\">Sa\u00fade do Ecossistema I<\/td>\n<td style=\"text-align: center\" width=\"178\">Medicina Veterin\u00e1ria e Zootecnia<\/td>\n<td style=\"text-align: center\" width=\"133\">Obrigat\u00f3ria<\/td>\n<td style=\"text-align: center\" width=\"149\">Coordenador<\/td>\n<td width=\"89\">\n<p style=\"text-align: center\">51h<\/p>\n<\/td>\n<\/tr>\n<tr>\n<td width=\"108\">\n<p style=\"text-align: center\">CCA03310<\/p>\n<\/td>\n<td style=\"text-align: center\" width=\"170\">Terap\u00eautica Veterin\u00e1ria I<\/p>\n<p>&nbsp;<\/td>\n<td style=\"text-align: center\" width=\"178\">Medicina Veterin\u00e1ria<\/td>\n<td style=\"text-align: center\" width=\"133\">Obrigat\u00f3ria<\/td>\n<td style=\"text-align: center\" width=\"149\">Coordenador<\/td>\n<td style=\"text-align: center\" width=\"89\">17h<\/td>\n<\/tr>\n<tr>\n<td style=\"text-align: center\" width=\"108\">CCA03311<\/td>\n<td style=\"text-align: center\" width=\"170\">Terap\u00eautica Veterin\u00e1ria II<\/td>\n<td style=\"text-align: center\" width=\"178\">Medicina Veterin\u00e1ria<\/td>\n<td style=\"text-align: center\" width=\"133\">Obrigat\u00f3ria<\/td>\n<td style=\"text-align: center\" width=\"149\">Coordenador<\/td>\n<td width=\"89\">\n<p style=\"text-align: center\">51h<\/p>\n<\/td>\n<\/tr>\n<tr>\n<td width=\"108\">\n<p style=\"text-align: center\">CCA3714<\/p>\n<\/td>\n<td style=\"text-align: center\" width=\"170\">T\u00f3picos Especiais em Terap\u00eautica<\/td>\n<td style=\"text-align: center\" width=\"178\">Programa de P\u00f3s-gradua\u00e7\u00e3o em Ci\u00eancia Animal<\/td>\n<td style=\"text-align: center\" width=\"133\">Optativa<\/td>\n<td style=\"text-align: center\" width=\"149\">Coordenador<\/td>\n<td style=\"text-align: center\" width=\"89\">68h<\/td>\n<\/tr>\n<tr>\n<td style=\"text-align: center\" rowspan=\"5\" width=\"120\"><strong>\u00a0<\/strong><\/p>\n<p><strong>\u00a0<\/strong><\/p>\n<p><strong>\u00a0<\/strong><\/p>\n<p><strong>\u00a0<\/strong><\/p>\n<p><strong>\u00a0<\/strong><\/p>\n<p><strong>Andr\u00e9 Lacerda de Abreu Oliveira<\/strong><\/p>\n<p><strong>\u00a0<\/strong><\/p>\n<p><strong>\u00a0<\/strong><\/p>\n<p><strong>\u00a0<\/strong><\/p>\n<p><strong>\u00a0<\/strong><\/p>\n<p><strong>\u00a0<\/strong><\/p>\n<p><strong>\u00a0\u00a0\u00a0\u00a0\u00a0\u00a0\u00a0\u00a0\u00a0\u00a0\u00a0\u00a0\u00a0\u00a0\u00a0\u00a0\u00a0\u00a0\u00a0\u00a0\u00a0\u00a0\u00a0\u00a0\u00a0\u00a0\u00a0\u00a0\u00a0\u00a0\u00a0\u00a0\u00a0\u00a0\u00a0\u00a0\u00a0 <\/strong><\/td>\n<td style=\"text-align: center\" width=\"108\">CCA03305<\/td>\n<td style=\"text-align: center\" width=\"170\">T\u00e9cnicas Cir\u00fargicas<\/td>\n<td style=\"text-align: center\" width=\"178\">Medicina Veterin\u00e1ria<\/td>\n<td style=\"text-align: center\" width=\"133\">Obrigat\u00f3ria<\/td>\n<td style=\"text-align: center\" width=\"149\">Coordenador<\/td>\n<td width=\"89\">\n<p style=\"text-align: center\">85h<\/p>\n<\/td>\n<\/tr>\n<tr>\n<td width=\"108\">\n<p style=\"text-align: center\">CCA3703<\/p>\n<\/td>\n<td style=\"text-align: center\" width=\"170\">Cirurgia Ortop\u00e9dica<\/td>\n<td style=\"text-align: center\" width=\"178\">Programa de P\u00f3s-gradua\u00e7\u00e3o em Ci\u00eancia Animal<\/td>\n<td style=\"text-align: center\" width=\"133\">Optativa<\/td>\n<td style=\"text-align: center\" width=\"149\">Coordenador<\/td>\n<td style=\"text-align: center\" width=\"89\">85h<\/td>\n<\/tr>\n<tr>\n<td style=\"text-align: center\" width=\"108\">CCA3706<\/td>\n<td style=\"text-align: center\" width=\"170\">Cirurgia Tor\u00e1cica em Veterin\u00e1ria<\/td>\n<td style=\"text-align: center\" width=\"178\">Programa de P\u00f3s-gradua\u00e7\u00e3o em Ci\u00eancia Animal<\/td>\n<td style=\"text-align: center\" width=\"133\">Optativa<\/td>\n<td style=\"text-align: center\" width=\"149\">Coordenador<\/td>\n<td width=\"89\">\n<p style=\"text-align: center\">85h<\/p>\n<\/td>\n<\/tr>\n<tr>\n<td width=\"108\">\n<p style=\"text-align: center\">CCA3707<\/p>\n<\/td>\n<td style=\"text-align: center\" width=\"170\">V\u00eddeocirurgia<\/td>\n<td style=\"text-align: center\" width=\"178\">Programa de P\u00f3s-gradua\u00e7\u00e3o em Ci\u00eancia Animal<\/td>\n<td style=\"text-align: center\" width=\"133\">Optativa<\/td>\n<td style=\"text-align: center\" width=\"149\">Coordenador<\/td>\n<td style=\"text-align: center\" width=\"89\">85h<\/td>\n<\/tr>\n<tr>\n<td style=\"text-align: center\" width=\"108\">CCA3803<\/td>\n<td style=\"text-align: center\" width=\"170\">T\u00f3picos Avan\u00e7ados em Cardiologia Cl\u00ednica e Cir\u00fargica de Pequenos Animais<\/td>\n<td style=\"text-align: center\" width=\"178\">Programa de P\u00f3s-gradua\u00e7\u00e3o em Ci\u00eancia Animal<\/td>\n<td style=\"text-align: center\" width=\"133\">Optativa<\/td>\n<td style=\"text-align: center\" width=\"149\">Coordenador<\/td>\n<td width=\"89\">\n<p style=\"text-align: center\">142h<\/p>\n<\/td>\n<\/tr>\n<tr>\n<td rowspan=\"3\" width=\"120\">\n<p style=\"text-align: center\"><strong>Antonio Peixoto Albernaz<\/strong><\/p>\n<\/td>\n<td style=\"text-align: center\" width=\"108\">\n<p style=\"text-align: center\">CCA03402<\/p>\n<\/td>\n<td style=\"text-align: center\" width=\"170\">Patologia Cl\u00ednica<\/p>\n<p>&nbsp;<\/td>\n<td style=\"text-align: center\" width=\"178\">Medicina Veterin\u00e1ria<\/td>\n<td style=\"text-align: center\" width=\"133\">Obrigat\u00f3ria<\/td>\n<td style=\"text-align: center\" width=\"149\">Coordenador<\/td>\n<td style=\"text-align: center\" width=\"89\">102h<\/td>\n<\/tr>\n<tr>\n<td style=\"text-align: center\" width=\"108\">CCA3705<\/td>\n<td style=\"text-align: center\" width=\"170\">T\u00f3picos Especiais em Hematologia Veterin\u00e1ria<\/p>\n<p>&nbsp;<\/td>\n<td style=\"text-align: center\" width=\"178\">Programa de P\u00f3s-gradua\u00e7\u00e3o em Ci\u00eancia Animal<\/td>\n<td style=\"text-align: center\" width=\"133\">Optativa<\/td>\n<td style=\"text-align: center\" width=\"149\">Coordenador<\/td>\n<td width=\"89\">\n<p style=\"text-align: center\">85h<\/p>\n<\/td>\n<\/tr>\n<tr>\n<td style=\"text-align: center\" width=\"108\">CCA03403<\/td>\n<td style=\"text-align: center\" width=\"170\">Cl\u00ednica M\u00e9dica dos Pequenos Animais Dom\u00e9sticos<\/p>\n<p>&nbsp;<\/td>\n<td style=\"text-align: center\" width=\"178\">Medicina Veterin\u00e1ria<\/td>\n<td style=\"text-align: center\" width=\"133\">Obrigat\u00f3ria<\/td>\n<td style=\"text-align: center\" width=\"149\">Coordenador<\/td>\n<td width=\"89\">\n<p style=\"text-align: center\">85h<\/p>\n<\/td>\n<\/tr>\n<tr>\n<td rowspan=\"2\" width=\"120\">\n<p style=\"text-align: center\"><strong>Cl\u00e1udio Baptista de Carvalho<\/strong><\/p>\n<\/td>\n<td style=\"text-align: center\" width=\"108\">CCA03403<\/td>\n<td style=\"text-align: center\" width=\"170\">Cl\u00ednica M\u00e9dica dos Pequenos Animais Dom\u00e9sticos<\/p>\n<p>&nbsp;<\/td>\n<td style=\"text-align: center\" width=\"178\">Medicina Veterin\u00e1ria<\/td>\n<td style=\"text-align: center\" width=\"133\">Obrigat\u00f3ria<\/td>\n<td style=\"text-align: center\" width=\"149\">Colaborador<\/td>\n<td style=\"text-align: center\" width=\"89\">85h<\/td>\n<\/tr>\n<tr>\n<td style=\"text-align: center\" width=\"108\">CCA 3801<\/td>\n<td style=\"text-align: center\" width=\"170\">Cl\u00ednica M\u00e9dica de Pequenos Animais e Oftalmologia Veterin\u00e1ria<\/p>\n<p>&nbsp;<\/td>\n<td style=\"text-align: center\" width=\"178\">Programa de P\u00f3s-gradua\u00e7\u00e3o em Ci\u00eancia Animal<\/td>\n<td style=\"text-align: center\" width=\"133\">Optativa<\/td>\n<td style=\"text-align: center\" width=\"149\">Coordenador<\/td>\n<td width=\"89\">\n<p style=\"text-align: center\">105h<\/p>\n<\/td>\n<\/tr>\n<tr>\n<td width=\"120\">\n<p style=\"text-align: center\"><strong>Edmundo Jorge Ab\u00edlio<\/strong><\/p>\n<\/td>\n<td style=\"text-align: center\" width=\"108\">CCA03308<\/td>\n<td style=\"text-align: center\" width=\"170\">Patologia e Cl\u00ednica Cir\u00fargica Veterin\u00e1ria<\/p>\n<p>&nbsp;<\/td>\n<td style=\"text-align: center\" width=\"178\">Medicina Veterin\u00e1ria<\/td>\n<td style=\"text-align: center\" width=\"133\">Obrigat\u00f3ria<\/td>\n<td style=\"text-align: center\" width=\"149\">Colaborador<\/td>\n<td style=\"text-align: center\" width=\"89\">85h<\/td>\n<\/tr>\n<tr>\n<td style=\"text-align: center\" rowspan=\"2\" width=\"120\"><strong>Fernanda Antunes<\/strong><\/td>\n<td style=\"text-align: center\" width=\"108\">CCA03305<\/td>\n<td style=\"text-align: center\" width=\"170\">Anestesiologia<\/td>\n<td style=\"text-align: center\" width=\"178\">Medicina Veterin\u00e1ria<\/td>\n<td style=\"text-align: center\" width=\"133\">Obrigat\u00f3ria<\/td>\n<td style=\"text-align: center\" width=\"149\">Coordenador<\/td>\n<td width=\"89\">\n<p style=\"text-align: center\">\n<p style=\"text-align: center\">51h<\/p>\n<p>&nbsp;<\/td>\n<\/tr>\n<tr>\n<td width=\"108\">\n<p style=\"text-align: center\">CCA3710<\/p>\n<\/td>\n<td style=\"text-align: center\" width=\"170\">Anestesia e Analgesia em Pacientes com Doen\u00e7as Espec\u00edficas<\/p>\n<p>&nbsp;<\/td>\n<td style=\"text-align: center\" width=\"178\">Programa de P\u00f3s-gradua\u00e7\u00e3o em Ci\u00eancia Animal<\/td>\n<td style=\"text-align: center\" width=\"133\">Optativa<\/td>\n<td style=\"text-align: center\" width=\"149\">Coordenador<\/td>\n<td style=\"text-align: center\" width=\"89\">85h<\/td>\n<\/tr>\n<tr>\n<td rowspan=\"2\" width=\"120\"><strong>Fl\u00e1vio Augusto Soares Gra\u00e7a<\/strong><\/td>\n<td width=\"108\">\n<p style=\"text-align: center\">CCA03304<\/p>\n<\/td>\n<td style=\"text-align: center\" width=\"170\">Cl\u00ednica dos Grandes Animais Dom\u00e9sticos<\/td>\n<td style=\"text-align: center\" width=\"178\">Medicina Veterin\u00e1ria<\/td>\n<td style=\"text-align: center\" width=\"133\">Obrigat\u00f3ria<\/td>\n<td style=\"text-align: center\" width=\"149\">Coordenador<\/td>\n<td width=\"89\">\n<p style=\"text-align: center\">102h<\/p>\n<\/td>\n<\/tr>\n<tr>\n<td style=\"text-align: center\" width=\"108\"><\/td>\n<td style=\"text-align: center\" width=\"170\">Semin\u00e1rio T\u00e9cnico em Medicina Veterin\u00e1ria<\/td>\n<td style=\"text-align: center\" width=\"178\">Resid\u00eancia em Medicina Veterin\u00e1ria<\/td>\n<td style=\"text-align: center\" width=\"133\">Obrigat\u00f3ria<\/td>\n<td style=\"text-align: center\" width=\"149\">Coordenador<\/td>\n<td width=\"89\">\n<p style=\"text-align: center\">34h<\/p>\n<\/td>\n<\/tr>\n<tr>\n<td rowspan=\"7\" width=\"120\">\n<p style=\"text-align: center\"><strong>Paula Alessandra Di Filippo<\/strong><\/p>\n<\/td>\n<td style=\"text-align: center\" width=\"108\">\n<p style=\"text-align: center\">CCA3713<\/p>\n<\/td>\n<td style=\"text-align: center\" width=\"170\">T\u00e9cnicas Cir\u00fargicas Aplicadas ao Aparelho Locomotor de Equinos<\/td>\n<td style=\"text-align: center\" width=\"178\">Programa de P\u00f3s-gradua\u00e7\u00e3o em Ci\u00eancia Animal<\/td>\n<td style=\"text-align: center\" width=\"133\">Optativa<\/td>\n<td style=\"text-align: center\" width=\"149\">Coordenador<\/td>\n<td style=\"text-align: center\" width=\"89\">119h<\/td>\n<\/tr>\n<tr>\n<td style=\"text-align: center\" width=\"108\">CCA3712<\/td>\n<td style=\"text-align: center\" width=\"170\">S\u00edndrome C\u00f3lica dos Equinos<\/td>\n<td style=\"text-align: center\" width=\"178\">Programa de P\u00f3s-gradua\u00e7\u00e3o em Ci\u00eancia Animal<\/td>\n<td style=\"text-align: center\" width=\"133\">Optativa<\/td>\n<td style=\"text-align: center\" width=\"149\">Coordenador<\/td>\n<td width=\"89\">\n<p style=\"text-align: center\">68h<\/p>\n<\/td>\n<\/tr>\n<tr>\n<td width=\"108\">\n<p style=\"text-align: center\">CCA03308<\/p>\n<\/td>\n<td style=\"text-align: center\" width=\"170\">&nbsp;<\/p>\n<p>Patologia e Cl\u00ednica Cir\u00fargica Veterin\u00e1ria<\/p>\n<p>&nbsp;<\/td>\n<td style=\"text-align: center\" width=\"178\">Medicina Veterin\u00e1ria<\/td>\n<td style=\"text-align: center\" width=\"133\">Obrigat\u00f3ria<\/td>\n<td style=\"text-align: center\" width=\"149\">Coordenador<\/td>\n<td style=\"text-align: center\" width=\"89\">85h<\/td>\n<\/tr>\n<tr>\n<td style=\"text-align: center\" width=\"108\">PGA3700<\/td>\n<td style=\"text-align: center\" width=\"170\">Semin\u00e1rios I<\/td>\n<td style=\"text-align: center\" width=\"178\">Programa de P\u00f3s-gradua\u00e7\u00e3o em Ci\u00eancia Animal<\/td>\n<td style=\"text-align: center\" width=\"133\">Obrigat\u00f3ria<\/td>\n<td style=\"text-align: center\" width=\"149\">Coordenador<\/td>\n<td width=\"89\">\n<p style=\"text-align: center\">17h<\/p>\n<\/td>\n<\/tr>\n<tr>\n<td style=\"text-align: center\" width=\"108\">PGA3701<\/td>\n<td style=\"text-align: center\" width=\"170\">Semin\u00e1rios II<\/td>\n<td style=\"text-align: center\" width=\"178\">Programa de P\u00f3s-gradua\u00e7\u00e3o em Ci\u00eancia Animal<\/td>\n<td style=\"text-align: center\" width=\"133\">Obrigat\u00f3ria<\/td>\n<td style=\"text-align: center\" width=\"149\">Coordenador<\/td>\n<td width=\"89\">\n<p style=\"text-align: center\">17h<\/p>\n<\/td>\n<\/tr>\n<tr>\n<td width=\"108\">PGA3800<\/td>\n<td width=\"170\">Semin\u00e1rios III<\/td>\n<td width=\"178\">Programa de P\u00f3s-gradua\u00e7\u00e3o em Ci\u00eancia Animal<\/td>\n<td width=\"133\">Obrigat\u00f3ria<\/td>\n<td width=\"149\">Coordenador<\/td>\n<td width=\"89\">17h<\/td>\n<\/tr>\n<tr>\n<td width=\"108\">PGA3801<\/td>\n<td width=\"170\">Semin\u00e1rios IV<\/td>\n<td width=\"178\">Programa de P\u00f3s-gradua\u00e7\u00e3o em Ci\u00eancia Animal<\/td>\n<td width=\"133\">Obrigat\u00f3ria<\/td>\n<td width=\"149\">Coordenador<\/td>\n<td width=\"89\">17h<\/td>\n<\/tr>\n<tr>\n<td colspan=\"7\" width=\"948\"><strong>CARGA HOR\u00c1RIA TOTAL LCCA\u00a0 1828 horas<\/strong><\/td>\n<\/tr>\n<\/tbody>\n<\/table>\n","protected":false},"excerpt":{"rendered":"<p>DISCIPLINAS DO LABORAT\u00d3RIO DE CL\u00cdNICA E CIRURGIA ANIMAL\/ABRIL 2015 NOME PROFESSOR \u00a0 C\u00d3DIGO DISCIPLINAS CURSO\/PROGRAMA OBRIGAT\u00d3RIA\/ OPTATIVA COORDENADOR\/ COLABORADOR CARGA&#8230;<\/p>\n","protected":false},"author":18,"featured_media":0,"parent":0,"menu_order":5,"comment_status":"closed","ping_status":"open","template":"","meta":{"footnotes":""},"class_list":["post-36","page","type-page","status-publish","hentry"],"_links":{"self":[{"href":"https:\/\/uenf.br\/ccta\/lcca\/wp-json\/wp\/v2\/pages\/36","targetHints":{"allow":["GET"]}}],"collection":[{"href":"https:\/\/uenf.br\/ccta\/lcca\/wp-json\/wp\/v2\/pages"}],"about":[{"href":"https:\/\/uenf.br\/ccta\/lcca\/wp-json\/wp\/v2\/types\/page"}],"author":[{"embeddable":true,"href":"https:\/\/uenf.br\/ccta\/lcca\/wp-json\/wp\/v2\/users\/18"}],"replies":[{"embeddable":true,"href":"https:\/\/uenf.br\/ccta\/lcca\/wp-json\/wp\/v2\/comments?post=36"}],"version-history":[{"count":0,"href":"https:\/\/uenf.br\/ccta\/lcca\/wp-json\/wp\/v2\/pages\/36\/revisions"}],"wp:attachment":[{"href":"https:\/\/uenf.br\/ccta\/lcca\/wp-json\/wp\/v2\/media?parent=36"}],"curies":[{"name":"wp","href":"https:\/\/api.w.org\/{rel}","templated":true}]}}