{"id":39,"date":"2015-04-22T10:21:13","date_gmt":"2015-04-22T13:21:13","guid":{"rendered":"http:\/\/uenf.br\/ccta\/lcca\/?page_id=39"},"modified":"2015-04-22T10:21:18","modified_gmt":"2015-04-22T13:21:18","slug":"atividades","status":"publish","type":"page","link":"https:\/\/uenf.br\/ccta\/lcca\/atividades\/","title":{"rendered":"Atividades"},"content":{"rendered":"<p><strong>Laborat\u00f3rio de Cl\u00ednica e Cirurgia Animal (LCCA)<\/strong><\/p>\n<p>Realizar ensino, pesquisa e extens\u00e3o abrangendo o diagn\u00f3stico laboratorial, cl\u00ednico e cir\u00fargico, bem como os procedimentos anest\u00e9sicos, profilaxia e tratamento das principais doen\u00e7as.<\/p>\n","protected":false},"excerpt":{"rendered":"<p>Laborat\u00f3rio de Cl\u00ednica e Cirurgia Animal (LCCA) Realizar ensino, pesquisa e extens\u00e3o abrangendo o diagn\u00f3stico laboratorial, cl\u00ednico e cir\u00fargico, bem&#8230;<\/p>\n","protected":false},"author":18,"featured_media":0,"parent":0,"menu_order":2,"comment_status":"closed","ping_status":"open","template":"","meta":{"footnotes":""},"class_list":["post-39","page","type-page","status-publish","hentry"],"_links":{"self":[{"href":"https:\/\/uenf.br\/ccta\/lcca\/wp-json\/wp\/v2\/pages\/39","targetHints":{"allow":["GET"]}}],"collection":[{"href":"https:\/\/uenf.br\/ccta\/lcca\/wp-json\/wp\/v2\/pages"}],"about":[{"href":"https:\/\/uenf.br\/ccta\/lcca\/wp-json\/wp\/v2\/types\/page"}],"author":[{"embeddable":true,"href":"https:\/\/uenf.br\/ccta\/lcca\/wp-json\/wp\/v2\/users\/18"}],"replies":[{"embeddable":true,"href":"https:\/\/uenf.br\/ccta\/lcca\/wp-json\/wp\/v2\/comments?post=39"}],"version-history":[{"count":0,"href":"https:\/\/uenf.br\/ccta\/lcca\/wp-json\/wp\/v2\/pages\/39\/revisions"}],"wp:attachment":[{"href":"https:\/\/uenf.br\/ccta\/lcca\/wp-json\/wp\/v2\/media?parent=39"}],"curies":[{"name":"wp","href":"https:\/\/api.w.org\/{rel}","templated":true}]}}