{"id":7,"date":"2010-09-22T09:22:49","date_gmt":"2010-09-22T12:22:49","guid":{"rendered":"http:\/\/uenf.br\/ccta\/lcca\/"},"modified":"2015-05-04T09:49:53","modified_gmt":"2015-05-04T12:49:53","slug":"funcionarios","status":"publish","type":"page","link":"https:\/\/uenf.br\/ccta\/lcca\/funcionarios\/","title":{"rendered":"Professores"},"content":{"rendered":"<p>Paula Alessandra Di Filippo &#8211; Chefe do Laborat\u00f3rio<\/p>\n<p><span style=\"text-decoration: underline;color: #0000ff\">difilippo@uenf.br<\/span><\/p>\n<p><a href=\"http:\/\/buscatextual.cnpq.br\/buscatextual\/visualizacv.do?id=K4766268H9\" target=\"_blank\">Curr\u00edculo Lattes<\/a><\/p>\n<p>&nbsp;<\/p>\n<p>&nbsp;<\/p>\n<p>Adriana Jardim de Almeida<\/p>\n<p>M\u00e9dica Veterin\u00e1ria UENF, 2000; Mestre UENF, 2002; Doutora UENF 2006.<\/p>\n<p><span style=\"text-decoration: underline;color: #0000ff\"><a style=\"color: #0000ff;text-decoration: underline\" href=\"mailto:jardim@uenf.br\">jardim@uenf.br<\/a><\/span><\/p>\n<p><a href=\"http:\/\/buscatextual.cnpq.br\/buscatextual\/visualizacv.do?id=K4770507H3\" target=\"_blank\">Curr\u00edculo Lattes<\/a><\/p>\n<p>&nbsp;<\/p>\n<p>Andr\u00e9 Lacerda de Abreu Oliveira<\/p>\n<p>M\u00e9dico Veterin\u00e1rio, UFF, 1988; Mestre em Medicina Veterin\u00e1ria (Patologia Cir\u00fargica),\u00a0 UFRRJ, 1997; Doutor em Cirurgia Geral (Cirurgia Abdominal), UFRJ, 2004.<\/p>\n<p><span style=\"text-decoration: underline;color: #0000ff\"><a style=\"color: #0000ff;text-decoration: underline\" href=\"mailto:andrevet@uenf.br\">andrevet@uenf.br<\/a><\/span><\/p>\n<p><a href=\"http:\/\/buscatextual.cnpq.br\/buscatextual\/visualizacv.do?id=K4742621J3\" target=\"_blank\">Curr\u00edculo Lattes<\/a><\/p>\n<p>&nbsp;<\/p>\n<p>Antonio Peixoto Albernaz<\/p>\n<p>M\u00e9dico Veterin\u00e1rio, UFF, 1991; Mestre em Produ\u00e7\u00e3o Animal (Cl\u00ednica M\u00e9dica),\u00a0UENF, 1999; Doutor em Produ\u00e7\u00e3o Animal (Cl\u00ednica M\u00e9dica), UENF, 2002.<\/p>\n<p><span style=\"text-decoration: underline;color: #0000ff\"><a style=\"color: #0000ff;text-decoration: underline\" href=\"mailto:albernaz@uenf.br\">albernaz@uenf.br<\/a><\/span><\/p>\n<p><a href=\"http:\/\/buscatextual.cnpq.br\/buscatextual\/visualizacv.do?id=K4775992H3\" target=\"_blank\">Curr\u00edculo Lattes<\/a><\/p>\n<p>&nbsp;<\/p>\n<p>Cl\u00e1udio Baptista de Carvalho<\/p>\n<p>M\u00e9dico Veterin\u00e1rio, UFRRJ, 1965; Mestre em Cl\u00ednica M\u00e9dica Veterin\u00e1ria, UFMG, 1973, Doutor em Medicina Veterin\u00e1ria (Cl\u00ednica de pequenos animais), Escola Superior de Medicina Veterin\u00e1ria de Hanover, Alemanha, 1988.<\/p>\n<p><span style=\"text-decoration: underline;color: #0000ff\"><a style=\"color: #0000ff;text-decoration: underline\" href=\"mailto:cbatista@uenf.br\">cbatista@uenf.br<\/a><\/span><\/p>\n<p><a href=\"http:\/\/buscatextual.cnpq.br\/buscatextual\/visualizacv.do?id=K4787502E0\" target=\"_blank\">Curr\u00edculo Lattes<\/a><\/p>\n<p>&nbsp;<\/p>\n<p>Edmundo Jorge Ab\u00edlio<\/p>\n<p>Medicina Veterin\u00e1ria, UFF, 1973; Mestrado em Cl\u00ednica e Cirurgia Veterin\u00e1ria, UFF, 1977; Doutorado em Medicina (Cirurgia Geral), UENF, 2001.<\/p>\n<p><span style=\"color: #0000ff\"><a style=\"color: #0000ff\" href=\"mailto:edabilio@uenf.br\">edabilio@uenf.br<\/a><\/span><\/p>\n<p><a href=\"http:\/\/buscatextual.cnpq.br\/buscatextual\/visualizacv.do?id=K4703689E3\" target=\"_blank\">Curr\u00edculo Lattes<\/a><\/p>\n<p>&nbsp;<\/p>\n<p>Fernanda Antunes<\/p>\n<p><span style=\"color: #0000ff\"><a style=\"color: #0000ff\" href=\"mailto:prfernandaantunes@yhaoo.com.br\">prfernandaantunes@yhaoo.com.br<\/a><\/span><\/p>\n<p><a href=\"http:\/\/buscatextual.cnpq.br\/buscatextual\/visualizacv.do?id=K4769212A8\" target=\"_blank\">Curr\u00edculo Lattes<\/a><\/p>\n<p>&nbsp;<\/p>\n<p>Fl\u00e1vio Augusto Soares Gra\u00e7a<\/p>\n<p><span style=\"text-decoration: underline\"><span style=\"color: #0000ff;text-decoration: underline\">fgra\u00e7a@uenf.br<\/span><\/span><\/p>\n<p><a href=\"http:\/\/buscatextual.cnpq.br\/buscatextual\/visualizacv.do?id=K4708028U2\" target=\"_blank\">Curr\u00edculo Lattes<\/a><\/p>\n","protected":false},"excerpt":{"rendered":"<p>Paula Alessandra Di Filippo &#8211; Chefe do Laborat\u00f3rio difilippo@uenf.br Curr\u00edculo Lattes &nbsp; &nbsp; Adriana Jardim de Almeida M\u00e9dica Veterin\u00e1ria UENF,&#8230;<\/p>\n","protected":false},"author":3,"featured_media":0,"parent":0,"menu_order":3,"comment_status":"closed","ping_status":"open","template":"","meta":{"footnotes":""},"class_list":["post-7","page","type-page","status-publish","hentry"],"_links":{"self":[{"href":"https:\/\/uenf.br\/ccta\/lcca\/wp-json\/wp\/v2\/pages\/7","targetHints":{"allow":["GET"]}}],"collection":[{"href":"https:\/\/uenf.br\/ccta\/lcca\/wp-json\/wp\/v2\/pages"}],"about":[{"href":"https:\/\/uenf.br\/ccta\/lcca\/wp-json\/wp\/v2\/types\/page"}],"author":[{"embeddable":true,"href":"https:\/\/uenf.br\/ccta\/lcca\/wp-json\/wp\/v2\/users\/3"}],"replies":[{"embeddable":true,"href":"https:\/\/uenf.br\/ccta\/lcca\/wp-json\/wp\/v2\/comments?post=7"}],"version-history":[{"count":0,"href":"https:\/\/uenf.br\/ccta\/lcca\/wp-json\/wp\/v2\/pages\/7\/revisions"}],"wp:attachment":[{"href":"https:\/\/uenf.br\/ccta\/lcca\/wp-json\/wp\/v2\/media?parent=7"}],"curies":[{"name":"wp","href":"https:\/\/api.w.org\/{rel}","templated":true}]}}