{"id":9,"date":"2010-09-22T09:23:26","date_gmt":"2010-09-22T12:23:26","guid":{"rendered":"http:\/\/uenf.br\/ccta\/lcca\/"},"modified":"2015-04-22T11:05:14","modified_gmt":"2015-04-22T14:05:14","slug":"contato","status":"publish","type":"page","link":"https:\/\/uenf.br\/ccta\/lcca\/contato\/","title":{"rendered":"Contato"},"content":{"rendered":"<p>Laborat\u00f3rio de Cl\u00ednica e Cirurgia Animal<\/p>\n<p>Hospital Veterin\u00e1rio UENF 1\u00ba andar Sala 36<\/p>\n<p>Tel (22) 2739-7056<\/p>\n<p>e-mail: lcca@uenf.br<\/p>\n","protected":false},"excerpt":{"rendered":"<p>Laborat\u00f3rio de Cl\u00ednica e Cirurgia Animal Hospital Veterin\u00e1rio UENF 1\u00ba andar Sala 36 Tel (22) 2739-7056 e-mail: lcca@uenf.br<\/p>\n","protected":false},"author":3,"featured_media":0,"parent":0,"menu_order":10,"comment_status":"closed","ping_status":"open","template":"","meta":{"footnotes":""},"class_list":["post-9","page","type-page","status-publish","hentry"],"_links":{"self":[{"href":"https:\/\/uenf.br\/ccta\/lcca\/wp-json\/wp\/v2\/pages\/9","targetHints":{"allow":["GET"]}}],"collection":[{"href":"https:\/\/uenf.br\/ccta\/lcca\/wp-json\/wp\/v2\/pages"}],"about":[{"href":"https:\/\/uenf.br\/ccta\/lcca\/wp-json\/wp\/v2\/types\/page"}],"author":[{"embeddable":true,"href":"https:\/\/uenf.br\/ccta\/lcca\/wp-json\/wp\/v2\/users\/3"}],"replies":[{"embeddable":true,"href":"https:\/\/uenf.br\/ccta\/lcca\/wp-json\/wp\/v2\/comments?post=9"}],"version-history":[{"count":0,"href":"https:\/\/uenf.br\/ccta\/lcca\/wp-json\/wp\/v2\/pages\/9\/revisions"}],"wp:attachment":[{"href":"https:\/\/uenf.br\/ccta\/lcca\/wp-json\/wp\/v2\/media?parent=9"}],"curies":[{"name":"wp","href":"https:\/\/api.w.org\/{rel}","templated":true}]}}