{"id":2,"date":"2012-11-27T12:16:20","date_gmt":"2012-11-27T12:16:20","guid":{"rendered":"http:\/\/uenf.br\/ccta\/leag\/?page_id=2"},"modified":"2012-12-05T19:03:01","modified_gmt":"2012-12-05T19:03:01","slug":"apresentacao","status":"publish","type":"page","link":"https:\/\/uenf.br\/ccta\/leag\/","title":{"rendered":"Apresenta\u00e7\u00e3o"},"content":{"rendered":"<div id=\"colCentral\">\n<p>&nbsp;<\/p>\n<div id=\"materiaPrincipal\">\n<p align=\"justify\">O Laborat\u00f3rio de Engenharia Agr\u00edcola foi criado em setembro de 1999 com o prop\u00f3sito de apoiar as atividades de Ensino e Pesquisa desenvolvidas no Centro de Ci\u00eancias e Tecnologias Agropecu\u00e1rias-CCTA. Nas atividades de ensino, os docentes desse Laborat\u00f3rio s\u00e3o respons\u00e1veis, no curso de Gradua\u00e7\u00e3o em Agronomia, Zootecnia, Medicina Veterin\u00e1ria\u00a0e no Programa de P\u00f3s-Gradua\u00e7\u00e3o em Produ\u00e7\u00e3o Vegetal por disciplinas nas \u00e1reas de Agrometeorologia, Irriga\u00e7\u00e3o e Drenagem, Constru\u00e7\u00f5es Rurais, Pr\u00e9-processamento de Produtos Agr\u00edcolas, Mec\u00e2nica Aplicada e Mecaniza\u00e7\u00e3o Agr\u00edcola, Economia Agr\u00edcola, Estat\u00edstica e Experimenta\u00e7\u00e3o Agropecu\u00e1ria. O laborat\u00f3rio vem tamb\u00e9m realizando importantes pesquisas, desenvolvidas nas \u00e1reas de Engenharia Agr\u00edcola e Economia Rural. Essas pesquisas est\u00e3o voltadas para o desenvolvimento de tecnologias mais adequadas para a agricultura das regi\u00f5es Norte e Noroeste do Estado do Rio de Janeiro, bem como para o estudo das quest\u00f5es relacionadas ao desenvolvimento econ\u00f4mico dessas regi\u00f5es.<\/p>\n<p>Laborat\u00f3rio de Engenharia Agr\u00edcola &#8211; LEAG<\/p>\n<\/div>\n<\/div>\n","protected":false},"excerpt":{"rendered":"<p>&nbsp; O Laborat\u00f3rio de Engenharia Agr\u00edcola foi criado em setembro de 1999 com o prop\u00f3sito de apoiar as atividades de&#8230;<\/p>\n","protected":false},"author":13,"featured_media":0,"parent":0,"menu_order":0,"comment_status":"open","ping_status":"closed","template":"","meta":{"footnotes":""},"class_list":["post-2","page","type-page","status-publish","hentry"],"_links":{"self":[{"href":"https:\/\/uenf.br\/ccta\/leag\/wp-json\/wp\/v2\/pages\/2","targetHints":{"allow":["GET"]}}],"collection":[{"href":"https:\/\/uenf.br\/ccta\/leag\/wp-json\/wp\/v2\/pages"}],"about":[{"href":"https:\/\/uenf.br\/ccta\/leag\/wp-json\/wp\/v2\/types\/page"}],"author":[{"embeddable":true,"href":"https:\/\/uenf.br\/ccta\/leag\/wp-json\/wp\/v2\/users\/13"}],"replies":[{"embeddable":true,"href":"https:\/\/uenf.br\/ccta\/leag\/wp-json\/wp\/v2\/comments?post=2"}],"version-history":[{"count":0,"href":"https:\/\/uenf.br\/ccta\/leag\/wp-json\/wp\/v2\/pages\/2\/revisions"}],"wp:attachment":[{"href":"https:\/\/uenf.br\/ccta\/leag\/wp-json\/wp\/v2\/media?parent=2"}],"curies":[{"name":"wp","href":"https:\/\/api.w.org\/{rel}","templated":true}]}}