{"id":21,"date":"2012-11-29T13:34:26","date_gmt":"2012-11-29T13:34:26","guid":{"rendered":"http:\/\/uenf.br\/ccta\/leag\/?page_id=21"},"modified":"2021-08-31T12:09:41","modified_gmt":"2021-08-31T12:09:41","slug":"docentes","status":"publish","type":"page","link":"https:\/\/uenf.br\/ccta\/leag\/docentes\/","title":{"rendered":"Corpo Docente"},"content":{"rendered":"<p><a href=\"http:\/\/lattes.cnpq.br\/7350417152879995\">Elias Fernandes de Sousa<\/a> (Professor Titular) &#8211; Engenheiro Agr\u00edcola, UFV, 1989; M.Sc. Engenharia Agr\u00edcola, UFV, 1993; D.Sc. Produ\u00e7\u00e3o Vegetal, UENF, 1997 (\u00c1rea de atua\u00e7\u00e3o: Agricultura Irrigada) &#8211; <a href=\"mailto:efs@uenf.br\">efs@uenf.br<\/a><\/p>\n<p><a href=\"http:\/\/lattes.cnpq.br\/8271659856741715\">Geraldo de Amaral Gravina<\/a> (Professor Associado) &#8211; Engenheiro Agr\u00f4nomo, UFRRJ,1996; M.Sc. Ci\u00eancia do Solo, UFRRJ, 1998, D.Sc. Fitotecnia, UFV, 2002 &#8211; <a href=\"mailto:gravina@uenf.br\">gravina@uenf.br<\/a><\/p>\n<p><a href=\"http:\/\/lattes.cnpq.br\/0262550173367199\">Jos\u00e9 Carlos Mendon\u00e7a<\/a> (Professor Associado) &#8211; Engenheiro Agr\u00f4nomo, UENF, 1998: M.Sc. Produ\u00e7\u00e3o Vegetal, UENF, 2000; D.Sc. Produ\u00e7\u00e3o Vegetal, UENF, 2007 &#8211; <a href=\"mailto:jtt1512@uenf.br\">mendonca@uenf.br<\/a><\/p>\n<p><a href=\"http:\/\/lattes.cnpq.br\/8271659856741715\">Marcelo Vivas<\/a> (Professor Associado) &#8211; Bi\u00f3logo, CUSC, 2005; M.Sc. Gen\u00e9tica e Melhoramento de Plantas, UENF, 2008; D.Sc. Gen\u00e9tica e Melhoramento de Plantas, UENF, 2021 &#8211; <a href=\"mailto:gravina@uenf.br\">vivas@uenf.br<\/a><\/p>\n<div class=\"layout-cell layout-cell-12 data-cell\">\n<div class=\"layout-cell layout-cell-9\">\n<div class=\"layout-cell-pad-5\"><a href=\"http:\/\/lattes.cnpq.br\/8600233008714000\">Niraldo Jos\u00e9 Ponciano (<\/a>Professor Associado)\u00a0&#8211; Engenheiro Agr\u00f4nomo, UFV,1992; M.Sc. Economia Rural, UFV, 1994; D.Sc. Economia Rural, UFV, 1999 &#8211; <a href=\"mailto:ponciano@uenf.br\">ponciano@uenf.br<\/a><\/div>\n<\/div>\n<\/div>\n<div><\/div>\n<div><\/div>\n<p><a href=\"http:\/\/lattes.cnpq.br\/2759766880484509\">Paulo Marcelo de Souza<\/a> (Professor Associado) &#8211; Engenheiro Agr\u00f4nomo, UFES, 1995; D.Sc. Economia Rural, UFV, 2000 &#8211; <a href=\"mailto:pmsouza@uenf.br\">pmsouza@uenf.br<\/a><\/p>\n<p><a href=\"http:\/\/lattes.cnpq.br\/0529623886649332\">Pedro Amorim Berbert<\/a> (Professor Associado) &#8211; Engenheiro Agr\u00edcola, UFV, 1986; M.Sc. Engenharia Agr\u00edcola, com concentra\u00e7\u00e3o na \u00e1rea de Produtos Agr\u00edcolas, UFV, 1991; Ph.D. Granfield University ( UK ), Agricultural Engineering,1995 (\u00c1rea de atua\u00e7\u00e3o: Secagem e Armazenamento de Produtos Agr\u00edcolas) &#8211; <a href=\"mailto:pberbert@uenf.br\">pberbert@uenf.br<\/a><\/p>\n<p><a href=\"http:\/\/lattes.cnpq.br\/9626640161947131\">Ricardo Ferreira Garcia<\/a> (Professor Associado) &#8211; Engenheiro Agr\u00edcola, UFV, 1995; M.Sc., Engenharia Agr\u00edcola, UFV, 1998; D.Sc. Engenharia Agr\u00edcola, UFV, 2002 (\u00c1rea de atua\u00e7\u00e3o: Mecaniza\u00e7\u00e3o Agr\u00edcola) &#8211; <a href=\"mailto:garcia@uenf.br\">garcia@uenf.br<\/a><\/p>\n<p><a href=\"http:\/\/lattes.cnpq.br\/0190530879188803\">Rog\u00e9rio Figueiredo Daher<\/a> (Professor Associado)\u00a0&#8211; Engenheiro Agr\u00f4nomo, UFV, 1988; M. Sc. Gen\u00e9tica e Melhoramento, UFV, 1992; D.Sc. Produ\u00e7\u00e3o Vegetal, UENF, 2003 &#8211; <a href=\"mailto:rogdaher@uenf.br\">rogdaher@uenf.br<\/a><\/p>\n","protected":false},"excerpt":{"rendered":"<p>Elias Fernandes de Sousa (Professor Titular) &#8211; Engenheiro Agr\u00edcola, UFV, 1989; M.Sc. Engenharia Agr\u00edcola, UFV, 1993; D.Sc. Produ\u00e7\u00e3o Vegetal, UENF,&#8230;<\/p>\n","protected":false},"author":13,"featured_media":0,"parent":0,"menu_order":2,"comment_status":"open","ping_status":"closed","template":"","meta":{"footnotes":""},"class_list":["post-21","page","type-page","status-publish","hentry"],"_links":{"self":[{"href":"https:\/\/uenf.br\/ccta\/leag\/wp-json\/wp\/v2\/pages\/21","targetHints":{"allow":["GET"]}}],"collection":[{"href":"https:\/\/uenf.br\/ccta\/leag\/wp-json\/wp\/v2\/pages"}],"about":[{"href":"https:\/\/uenf.br\/ccta\/leag\/wp-json\/wp\/v2\/types\/page"}],"author":[{"embeddable":true,"href":"https:\/\/uenf.br\/ccta\/leag\/wp-json\/wp\/v2\/users\/13"}],"replies":[{"embeddable":true,"href":"https:\/\/uenf.br\/ccta\/leag\/wp-json\/wp\/v2\/comments?post=21"}],"version-history":[{"count":0,"href":"https:\/\/uenf.br\/ccta\/leag\/wp-json\/wp\/v2\/pages\/21\/revisions"}],"wp:attachment":[{"href":"https:\/\/uenf.br\/ccta\/leag\/wp-json\/wp\/v2\/media?parent=21"}],"curies":[{"name":"wp","href":"https:\/\/api.w.org\/{rel}","templated":true}]}}