{"id":33,"date":"2012-11-29T13:49:42","date_gmt":"2012-11-29T13:49:42","guid":{"rendered":"http:\/\/uenf.br\/ccta\/leag\/?page_id=33"},"modified":"2013-11-08T13:34:40","modified_gmt":"2013-11-08T13:34:40","slug":"teses","status":"publish","type":"page","link":"https:\/\/uenf.br\/ccta\/leag\/teses\/","title":{"rendered":"Disserta\u00e7\u00f5es e Teses Defendidas"},"content":{"rendered":"<p>&nbsp;<\/p>\n<p align=\"center\"><strong>MESTRADO<\/strong><\/p>\n<p>1- Aluno:<em><strong> Vicente de Paulo Santos de Oliveira<br \/>\n<\/strong><\/em>Orientador: Prof. Salassier Bernardo<br \/>\nData de In\u00edcio: 1994<br \/>\nData da Defesa de Tese: 30.07.96<br \/>\nT\u00edtulo da Tese: Avalia\u00e7\u00e3o do Sistema de Irriga\u00e7\u00e3o por Sulco da Fazenda do Alto em Campos dos Goytacazes &#8211; RJ<\/p>\n<p>2- Aluno: <strong><em>Maur\u00edcio Carvalho Ribeiro Gomes<\/em><br \/>\n<\/strong>Orientador: Prof. Salassier Bernardo<br \/>\nData de In\u00edcio: 1997<br \/>\nData da Defesa de Tese: 27.01.99<br \/>\nT\u00edtulo da Tese: Efeito da Irriga\u00e7\u00e3o Suplementar na Produtividade da Cana-de-a\u00e7\u00facar em Campos dos Goytacazes-RJ.<\/p>\n<p>3- Aluno: <em><strong>Jos\u00e9 Carlos Mendon\u00e7a<\/strong><\/em><br \/>\nOrientador: Prof. Elias Fernandes de Sousa<br \/>\nData de In\u00edcio: 03\/1999<br \/>\nData da Defesa de Tese: 19\/03\/2001<br \/>\nT\u00edtulo da Tese: Compara\u00e7\u00e3o entre m\u00e9todos de estimativa da evapotranspira\u00e7\u00e3o potencial de refer\u00eancia (Eto) para a Regi\u00e3o Norte Fluminense, RJ.<\/p>\n<p>4- Aluno: <em><strong>Victor Rodrigues Ferreira<br \/>\n<\/strong><\/em>Orientador: Prof. Niraldo Jos\u00e9 Ponciano<br \/>\nData de In\u00edcio: 03\/2001<br \/>\nData de Defesa de Tese: 17\/01\/2003<br \/>\nT\u00edtulo da Tese: An\u00e1lise de otimiza\u00e7\u00e3o e de viabilidade econ\u00f4mica da fruticultura como alternativa para a produ\u00e7\u00e3o familiar nos munic\u00edpios de Campos dos Goytacazes e S\u00e3o Francisco do Itabapoana &#8211; RJ.<\/p>\n<p>5- Aluno: <em><strong>Marilaine Campanati Ara\u00fajo<br \/>\n<\/strong><\/em>Orientador: Prof. Elias Fernandes de Sousa<br \/>\nData de In\u00edcio: 03\/2001<br \/>\nData de Defesa de Tese: 06\/03\/2003<br \/>\nT\u00edtulo da Tese: Demanda h\u00eddrica e distribui\u00e7\u00e3o do sistema radicular da cultura do coqueiro-an\u00e3o (<em>Cocos nucifera<\/em> L.) na Regi\u00e3o Norte-Fluminense.<\/p>\n<p>6- Aluno: <em><strong>Marcelo Gabetto e Silva<br \/>\n<\/strong><\/em>Orientador: Prof. Salassier Bernardo<br \/>\nData de In\u00edcio: 03\/2001<br \/>\nData de Defesa de Tese: 14\/03\/2003<br \/>\nT\u00edtulo da Tese: Densidade de fluxo de seiva e rela\u00e7\u00f5es h\u00eddricas do caf\u00e9 (<em>Coffea arabica<\/em> L.) para a regi\u00e3o de Varre-Sai, RJ<\/p>\n<p>7- Aluno: <em><strong>Herval Martinho Ferreira Paes<br \/>\n<\/strong><\/em>Orientador: Prof. Elias Fernandes de Sousa<br \/>\nData de In\u00edcio: 03\/2001<br \/>\nData de Defesa de Tese: 13\/06\/2003<br \/>\nT\u00edtulo da Tese: Demanda h\u00eddrica e fun\u00e7\u00e3o de produ\u00e7\u00e3o da cultura do quiabeiro (<em>Abelmoschus esculentus<\/em> (L.) Moench) em Campos dos Goytacazes-RJ.<\/p>\n<p>8 &#8211; Aluno: <em><strong>Adelmo Golynski<br \/>\n<\/strong><\/em>Orientador: Prof. Niraldo Jos\u00e9 Ponciano<br \/>\nData de in\u00edcio: 03\/2003<br \/>\nData de Defesa de Tese: 07\/03\/2005<br \/>\nT\u00edtulo da Tese: Alternativas de comercializa\u00e7\u00e3o como fator de influ\u00eancia na competitividade das cadeias produtivas de abacaxi e maracuj\u00e1 da regi\u00e3o Norte Fluminense.<\/p>\n<p>9 &#8211; Aluno: <em><strong>Poliana Dar\u00e9 Zampiroli<br \/>\n<\/strong><\/em>Orientador: Prof. Paulo Marcelo de Souza<br \/>\nData de in\u00edcio: 03\/2003<br \/>\nData de Defesa de Tese: 07\/03\/2005<br \/>\nT\u00edtulo da Tese: An\u00e1lise do processo de comercializa\u00e7\u00e3o do coco e da goiaba produzidos na regi\u00e3o Norte Fluminense.<\/p>\n<p>10 &#8211; Aluno: <em><strong>Robson Prucoli Posse<\/strong><\/em><br \/>\nOrientador: Prof. Elias Fernandes de Sousa<br \/>\nData de in\u00edcio: 03\/2003<br \/>\nData de Defesa de Tese: 10\/03\/2005<br \/>\nT\u00edtulo da Tese: Rela\u00e7\u00f5es h\u00eddricas em plantas de coqueiro an\u00e3o verde (<em>Cocos nucifera<\/em> L.) na regi\u00e3o Norte Fluminense.<\/p>\n<p><strong>DOUTORADO<br \/>\n<\/strong><\/p>\n<p>1- Aluno: <em><strong>Elias Fernandes de Sousa<br \/>\n<\/strong><\/em>Orientador: Prof. Prof. Salassier Bernardo<br \/>\nData de In\u00edcio: 1993<br \/>\nData da Defesa de Tese: 18.12.97<br \/>\nT\u00edtulo da Tese: Fun\u00e7\u00e3o de Produ\u00e7\u00e3o da Cana-de-a\u00e7\u00facar e da Goiabeira em Rela\u00e7\u00e3o \u00e0 Irriga\u00e7\u00e3o.<\/p>\n<p>2-Aluno: <em><strong>Donivaldo Pedro Martins<br \/>\n<\/strong><\/em>Orientador: Prof. Salassier Bernardo<br \/>\nData de In\u00edcio: 1994<br \/>\nData de Defesa de Tese: 13.02.98<br \/>\nT\u00edtulo da Tese: Resposta do Maracujazeiro Amarelo (<em>Passiflora edulis Sins var. flavicarpa Deg<\/em>.) a L\u00e2minas de Irriga\u00e7\u00e3o e Doses de Nitrog\u00eanio e de Pot\u00e1ssio.<\/p>\n<p>3- Aluno: <em><strong>Frederico Terra de Almeida<\/strong><\/em><br \/>\nOrientador: Prof. Salassier Bernardo<br \/>\nData de In\u00edcio: 03\/1997<br \/>\nData da Defesa de Tese: 10\/10\/2000<br \/>\nT\u00edtulo da Tese: Respostas do Mamoeiro (<em>Carica papaya<\/em> L.) \u201cdo grupo Solo\u201d a Diferentes L\u00e2minas de Irriga\u00e7\u00e3o no Norte Fluminense.<\/p>\n<p>4 &#8211; Aluno: <em><strong>Luiz de Morais R\u00eago Filho<\/strong><\/em><br \/>\nOrientador: Prof. Salassier Bernardo<br \/>\nData de In\u00edcio: 31\/08\/98<br \/>\nData de Defesa da Tese: 30\/09\/2002<br \/>\nT\u00edtulo da Tese: Respostas do abacaxizeiro \u201cP\u00e9rola\u201d a diferentes l\u00e2minas de irriga\u00e7\u00e3o no Norte-Fluminense<\/p>\n<p>5- Aluno: <em><strong>Maur\u00edcio Carvalho Ribeiro Gomes<br \/>\n<\/strong><\/em>Orientador: Prof. Salassier Bernardo<br \/>\nData de In\u00edcio: 03\/1999<br \/>\nData de Defesa de Tese: 11\/06\/2003<br \/>\nT\u00edtulo da Tese: Irriga\u00e7\u00e3o do cafeeiro (<em>Coffea arabica<\/em> L.) na regi\u00e3o Noroeste Fluminense: Produtividade, grau de matura\u00e7\u00e3o e trocas gasosas.<\/p>\n<p style=\"text-align: left;\">6\u00a0&#8211; Aluno:\u00a0<strong><em>Guilherme Bastos Lyra<\/em><\/strong><br \/>\nOrientador: Prof. Niraldo Jos\u00e9 Ponciano<br \/>\nData de In\u00edcio: 08\/2003<br \/>\nData de Defesa da Tese: 30\/09\/2007<br \/>\nT\u00edtulo da Tese:\u00a0Estimativa dos n\u00edveis \u00f3timos econ\u00f4micos de irriga\u00e7\u00e3o e de aduba\u00e7\u00e3o nitrogenada nos mamoeiros (<em>Carica papaya <\/em>L.)\u00a0cultivar Golden e do h\u00edbrido UENF Caliman 01.<\/p>\n<p>\u00a0<strong><\/strong><\/p>\n","protected":false},"excerpt":{"rendered":"<p>&nbsp; MESTRADO 1- Aluno: Vicente de Paulo Santos de Oliveira Orientador: Prof. Salassier Bernardo Data de In\u00edcio: 1994 Data da&#8230;<\/p>\n","protected":false},"author":13,"featured_media":0,"parent":0,"menu_order":6,"comment_status":"open","ping_status":"closed","template":"","meta":{"footnotes":""},"class_list":["post-33","page","type-page","status-publish","hentry"],"_links":{"self":[{"href":"https:\/\/uenf.br\/ccta\/leag\/wp-json\/wp\/v2\/pages\/33","targetHints":{"allow":["GET"]}}],"collection":[{"href":"https:\/\/uenf.br\/ccta\/leag\/wp-json\/wp\/v2\/pages"}],"about":[{"href":"https:\/\/uenf.br\/ccta\/leag\/wp-json\/wp\/v2\/types\/page"}],"author":[{"embeddable":true,"href":"https:\/\/uenf.br\/ccta\/leag\/wp-json\/wp\/v2\/users\/13"}],"replies":[{"embeddable":true,"href":"https:\/\/uenf.br\/ccta\/leag\/wp-json\/wp\/v2\/comments?post=33"}],"version-history":[{"count":0,"href":"https:\/\/uenf.br\/ccta\/leag\/wp-json\/wp\/v2\/pages\/33\/revisions"}],"wp:attachment":[{"href":"https:\/\/uenf.br\/ccta\/leag\/wp-json\/wp\/v2\/media?parent=33"}],"curies":[{"name":"wp","href":"https:\/\/api.w.org\/{rel}","templated":true}]}}