{"id":61,"date":"2012-12-05T19:11:31","date_gmt":"2012-12-05T19:11:31","guid":{"rendered":"http:\/\/uenf.br\/ccta\/leag\/?page_id=61"},"modified":"2013-11-08T13:34:32","modified_gmt":"2013-11-08T13:34:32","slug":"setores","status":"publish","type":"page","link":"https:\/\/uenf.br\/ccta\/leag\/setores\/","title":{"rendered":"Setores"},"content":{"rendered":"<p>* Agrometeorologia<br \/>\n* Irriga\u00e7\u00e3o e Drenagem<br \/>\n* Constru\u00e7\u00f5es Rurais<br \/>\n* Pr\u00e9-processamento de produtos agr\u00edcolas<br \/>\n* Mec\u00e2nica Aplicada e Mecaniza\u00e7\u00e3o Agr\u00edcola<br \/>\n* Economia Agr\u00edcola<br \/>\n* Estat\u00edstica e Experimenta\u00e7\u00e3o Agr\u00edcola<\/p>\n<p><strong>Linhas de Pesquisa<br \/>\n<\/strong><br \/>\n* \u00a0Engenharia e Economia na Agricultura<\/p>\n<p>*\u00a0 Manejo, Propaga\u00e7\u00e3o de Plantas e controle de Qualidade de Sementes e Gr\u00e3os.<\/p>\n","protected":false},"excerpt":{"rendered":"<p>* Agrometeorologia * Irriga\u00e7\u00e3o e Drenagem * Constru\u00e7\u00f5es Rurais * Pr\u00e9-processamento de produtos agr\u00edcolas * Mec\u00e2nica Aplicada e Mecaniza\u00e7\u00e3o Agr\u00edcola&#8230;<\/p>\n","protected":false},"author":13,"featured_media":0,"parent":0,"menu_order":5,"comment_status":"open","ping_status":"closed","template":"","meta":{"footnotes":""},"class_list":["post-61","page","type-page","status-publish","hentry"],"_links":{"self":[{"href":"https:\/\/uenf.br\/ccta\/leag\/wp-json\/wp\/v2\/pages\/61","targetHints":{"allow":["GET"]}}],"collection":[{"href":"https:\/\/uenf.br\/ccta\/leag\/wp-json\/wp\/v2\/pages"}],"about":[{"href":"https:\/\/uenf.br\/ccta\/leag\/wp-json\/wp\/v2\/types\/page"}],"author":[{"embeddable":true,"href":"https:\/\/uenf.br\/ccta\/leag\/wp-json\/wp\/v2\/users\/13"}],"replies":[{"embeddable":true,"href":"https:\/\/uenf.br\/ccta\/leag\/wp-json\/wp\/v2\/comments?post=61"}],"version-history":[{"count":0,"href":"https:\/\/uenf.br\/ccta\/leag\/wp-json\/wp\/v2\/pages\/61\/revisions"}],"wp:attachment":[{"href":"https:\/\/uenf.br\/ccta\/leag\/wp-json\/wp\/v2\/media?parent=61"}],"curies":[{"name":"wp","href":"https:\/\/api.w.org\/{rel}","templated":true}]}}