{"id":66,"date":"2013-10-11T19:05:27","date_gmt":"2013-10-11T19:05:27","guid":{"rendered":"http:\/\/uenf.br\/ccta\/leag\/?page_id=66"},"modified":"2013-11-08T13:34:25","modified_gmt":"2013-11-08T13:34:25","slug":"tecnicos-e-auxiliares","status":"publish","type":"page","link":"https:\/\/uenf.br\/ccta\/leag\/tecnicos-e-auxiliares\/","title":{"rendered":"T\u00e9cnicos e Auxiliares"},"content":{"rendered":"<p><b>Jos\u00e9 Paccelli Sarmet Moreira Rocha <\/b><\/p>\n<p>Cargo: T\u00e9cnico de N\u00edvel Superior<\/p>\n<p>Localiza\u00e7\u00e3o: CCTA &#8211; Sala 209-D<\/p>\n<p>E-mail: jps@uenf.br<\/p>\n<p>Ramal: 97286<\/p>\n<p><b>\u00a0<\/b><\/p>\n<p><b>Julio Cezar de Meirelles<\/b><\/p>\n<p>Cargo: Assistente T\u00e9cnico Profissional<\/p>\n<p>Localiza\u00e7\u00e3o: Sala 18 do Anexo\/CCTA<\/p>\n<p>E-mail: meirelles@uenf.br<\/p>\n<p>Ramal: 97051<\/p>\n<p><b>\u00a0<\/b><\/p>\n<p><b>Romildo Domingos Gottardo <\/b><\/p>\n<p>Cargo: Assistente T\u00e9cnico Profissional<\/p>\n<p>Localiza\u00e7\u00e3o: PESAGRO<\/p>\n<p>E-mail: rgottardo@yahoo.com.br<\/p>\n<p><b>\u00a0<\/b><\/p>\n<p><b>Edemilson Borges Ramos<\/b><\/p>\n<p>Cargo: Auxiliar de Servi\u00e7os Gerais Administrativos<\/p>\n<p>Localiza\u00e7\u00e3o: Sala 18 do Anexo\/CCTA<\/p>\n<p>E-mail: edemilson@uenf.br<\/p>\n<p>Ramal: 97051<\/p>\n<p><b>\u00a0<\/b><\/p>\n<p><b>Doriam Fel\u00edcio Peres <\/b><\/p>\n<p>Cargo: Auxiliar Operacional<\/p>\n<p>Localiza\u00e7\u00e3o: PESAGRO<\/p>\n<p>E-mail: doriam@uenf.br<\/p>\n<p>&nbsp;<\/p>\n<p><b>Sergio Cordeiro de Freitas<\/b><\/p>\n<p>Cargo: Auxiliar Operacional<\/p>\n<p>Localiza\u00e7\u00e3o: Galp\u00e3o de M\u00e1quinas<\/p>\n<p>Ramal: 97286<\/p>\n<p>&nbsp;<\/p>\n<p><b>Fernando Moraes da Silva <\/b><\/p>\n<p>Cargo: Auxiliar Operacional<\/p>\n<p>Localiza\u00e7\u00e3o: PESAGRO<\/p>\n<p>&nbsp;<\/p>\n<p><b>J\u00falio C\u00e9sar Rodrigues <\/b><\/p>\n<p>Cargo: Auxiliar Operacional<\/p>\n<p>Localiza\u00e7\u00e3o: PESAGRO<\/p>\n","protected":false},"excerpt":{"rendered":"<p>Jos\u00e9 Paccelli Sarmet Moreira Rocha Cargo: T\u00e9cnico de N\u00edvel Superior Localiza\u00e7\u00e3o: CCTA &#8211; Sala 209-D E-mail: jps@uenf.br Ramal: 97286 \u00a0&#8230;<\/p>\n","protected":false},"author":13,"featured_media":0,"parent":0,"menu_order":4,"comment_status":"open","ping_status":"closed","template":"","meta":{"footnotes":""},"class_list":["post-66","page","type-page","status-publish","hentry"],"_links":{"self":[{"href":"https:\/\/uenf.br\/ccta\/leag\/wp-json\/wp\/v2\/pages\/66","targetHints":{"allow":["GET"]}}],"collection":[{"href":"https:\/\/uenf.br\/ccta\/leag\/wp-json\/wp\/v2\/pages"}],"about":[{"href":"https:\/\/uenf.br\/ccta\/leag\/wp-json\/wp\/v2\/types\/page"}],"author":[{"embeddable":true,"href":"https:\/\/uenf.br\/ccta\/leag\/wp-json\/wp\/v2\/users\/13"}],"replies":[{"embeddable":true,"href":"https:\/\/uenf.br\/ccta\/leag\/wp-json\/wp\/v2\/comments?post=66"}],"version-history":[{"count":0,"href":"https:\/\/uenf.br\/ccta\/leag\/wp-json\/wp\/v2\/pages\/66\/revisions"}],"wp:attachment":[{"href":"https:\/\/uenf.br\/ccta\/leag\/wp-json\/wp\/v2\/media?parent=66"}],"curies":[{"name":"wp","href":"https:\/\/api.w.org\/{rel}","templated":true}]}}