{"id":72,"date":"2013-10-11T19:50:03","date_gmt":"2013-10-11T19:50:03","guid":{"rendered":"http:\/\/uenf.br\/ccta\/leag\/?page_id=72"},"modified":"2013-11-08T13:42:12","modified_gmt":"2013-11-08T13:42:12","slug":"corpo-discente","status":"publish","type":"page","link":"https:\/\/uenf.br\/ccta\/leag\/corpo-discente\/","title":{"rendered":"Corpo Discente"},"content":{"rendered":"<p><b>Estudante de P\u00f3s-doutoramento<\/b><\/p>\n<p><b>1. <\/b>Marcia Terezinha Ramos de Oliveira. In\u00edcio: 2012. Bolsista da Coordena\u00e7\u00e3o de Aperfei\u00e7oamento de Pessoal de N\u00edvel Superior &#8211; CAPES.<\/p>\n<p>&nbsp;<\/p>\n<p><b>\u00a0Estudantes de Mestrado<\/b><\/p>\n<p><b>1. <\/b>Mois\u00e9s Omena. Balan\u00e7o H\u00eddrico Regional a partir de sensoriamento remoto. In\u00edcio: 2012. Disserta\u00e7\u00e3o<\/p>\n<p><b>2. <\/b>Fernanda Cec\u00edlia Rohen S\u00e1. Demanda H\u00eddrica do Tomateiro. In\u00edcio: 2011.<\/p>\n<p><b>3<\/b>.Carlos Misael Bezerra de Sousa. Melhoramento gen\u00e9tico do feij\u00e3o-caupi. In\u00edcio: 2013.<\/p>\n<p><b>4<\/b>. Kl\u00e9berson Cordeiro Ara\u00fajo. Sele\u00e7\u00e3o de gen\u00f3tipos de graviola para a regi\u00e3o noroeste fluminense.<\/p>\n<p><b>5. <\/b>Luana Barros Freitas. Efeito do Tipo de Embalagem e do Ambiente de Armazenamento Sobre a Qualidade Fisiol\u00f3gica de Sementes de Linhagens Promissoras de Feij\u00e3o-de Vagem. In\u00edcio: 2012.<\/p>\n<p><b>6.<\/b> Carla Roberta Ferraz Carvalho. An\u00e1lise T\u00e9cnica e Econ\u00f4mica dos Sistemas de Produ\u00e7\u00e3o de Tomate Convencional e Org\u00e2nica no Munic\u00edpio de Cambuci\/RJ. In\u00edcio: 2012.<\/p>\n<p><b>7.<\/b> Douglas Vianna Bahiense. Estudo sobre o desenvolvimento da fruticultura no estado do Rio de Janeiro. In\u00edcio: 2013.<\/p>\n<p><b>8. <\/b>Karina de Jesus Soares. Propriedades diel\u00e9tricas de sementes de mam\u00e3o. In\u00edcio: 2012.<\/p>\n<p><b>9. <\/b>Avelino dos Santos Rocha. Adaptabilidade e estabilidade de acessos de capim-elefante para produ\u00e7\u00e3o de biomassa energ\u00e9tica no Norte Fluminense. In\u00edcio: 2013.<\/p>\n<p><b>10. <\/b>Maria Lorraine Fonseca. Avalia\u00e7\u00e3o da produ\u00e7\u00e3o de biomassa energ\u00e9tica anual e da diversidade morfol\u00f3gica em 85 gen\u00f3tipos de capim-elefante do Banco Ativo de Germoplasma do LEAG\/CCTA\/UENF em Campos dos goytacazes, RJ. In\u00edcio: 2012.<\/p>\n<p><b>11. <\/b>Liliane Barroso de Sousa. Capacidade combinat\u00f3ria em capim-elefante para fins energ\u00e9ticos com base em caracteres morfoagron\u00f4micos e da qualidade da biomassa em Campos dos Goytacazes, RJ. In\u00edcio: 2011.<\/p>\n<p><b>12. <\/b>Larissa Scheideger Athayde Schneider. Avalia\u00e7\u00e3o do rendimento e de estabilidade e adaptabilidade da produ\u00e7\u00e3o forrageira em 85 variedades de capim-elefante em Campos dos Goytacazes, RJ.. In\u00edcio: 2011.<\/p>\n<p><b>13. <\/b>Marcus Vinicius Fran\u00e7a Lopes. Avalia\u00e7\u00e3o de gen\u00f3tipos de capim-elefante para fins energ\u00e9ticos em Campos dos Goytacazs, RJ.. In\u00edcio: 2010.<\/p>\n<p>&nbsp;<\/p>\n<p><b>Estudantes de Doutorado<\/b><\/p>\n<p><b>1. <\/b>Manuel Rodrigues. Produ\u00e7\u00e3o de Biog\u00e1s a partir de vinha\u00e7a. In\u00edcio: 2013.<\/p>\n<p><b>2. <\/b>Marcelo Siqueira Ribeiro. Transpira\u00e7\u00e3o e \u00edndice de estresse h\u00eddrico do caf\u00e9 conilon. In\u00edcio: 2012.<\/p>\n<p><b>3. <\/b>Barbara dos Santos Esteves. Demanda H\u00eddrica da Videira. In\u00edcio: 2011.<\/p>\n<p><b>4. <\/b>Marcus Antonio Santolin. Desenvolvimento e Avalia\u00e7\u00e3o de Sensor de Fluxo de Seiva. In\u00edcio: 2010.<\/p>\n<p><b>5. <\/b>Andr\u00e9a Barros Silva. Melhoramento gen\u00e9tico do ffeij\u00e3o-de-vagem pelo m\u00e9todo SSD. In\u00edcio: 2013.<\/p>\n<p><b>6.<\/b> Lanusse Cordeiro de Ara\u00fajo. Melhoramento gen\u00e9tico da cultura do feij\u00e3o-de-vagem para as regi\u00f5es Norte e Noroeste Fluminense. In\u00edcio: 2011.<\/p>\n<p><b>7.\u00a0 <\/b>C\u00edntia Machado de Oliveira. Sele\u00e7\u00e3o de gen\u00f3tipos superiores de caf\u00e9 conilon para o Sul do estado do Esp\u00edrito Santo.. In\u00edcio: 2011.<\/p>\n<p><b>8. <\/b>Ziraldo Moreno dos Santos. Sele\u00e7\u00e3o de gen\u00f3tipos de Jatropha curcas L. para a regi\u00e3o Norte Fluminense. In\u00edcio: 2010.<\/p>\n<p><b>9. <\/b>Max Lacerda Ribas. Intera\u00e7\u00e3o gen\u00f3tipo x ambiente, adaptabilidade e estabilidade de gen\u00f3tipos de Girassol (Helianthus annuus L.) para o estado do Rio de janeiro. In\u00edcio: 2009.<\/p>\n<p><b>10. <\/b>Crist\u00f3bal Soto Solano. Avalia\u00e7\u00e3o agroecon\u00f4mica da produ\u00e7\u00e3o do sorgo sacarino para a Regi\u00e3o Norte Fluminense. In\u00edcio: 2012.<\/p>\n<p><b>11. <\/b>Andrezza da Silva Machado Neto. Viabilidade agroecon\u00f4mica da produ\u00e7\u00e3o org\u00e2nica de tomate de mesa sob cultivo protegido: um estudo comparativo com a produ\u00e7\u00e3o convencional. In\u00edcio: 2010.<\/p>\n<p><b>12. <\/b>Luciane Costa Barb\u00e9. Fatores que afetam o desenvolvimento da agricultura familiar na regi\u00e3o Norte fluminense. In\u00edcio: 2013.<\/p>\n<p><b>13.\u00a0 <\/b>Carmozene Maria Silva Santos. Diferen\u00e7as regionais no acesso aos recursos do Programa Nacional de Fortalecimento da Agricultura Familiar pelos agricultores maranhenses. In\u00edcio: 2013.<\/p>\n<p><b>14.<\/b> Carmen Maria Coimbra Manh\u00e3es. Avalia\u00e7\u00e3o de colhedoras de cana-de-a\u00e7\u00facar autopropelidas no Norte Fluminense. In\u00edcio: 2011.<\/p>\n<p><b>15. <\/b>Jos\u00e9 Francisco S\u00e1 Vasconcelos Junior. Desenvolvimento de uma colhedora de cana-de-a\u00e7\u00facar autopropelida para uma linha. In\u00edcio: 2010.<\/p>\n<p><b>16. <\/b>Giovanni Colonese. Emprego da tecnologia OLAP especial em apoio \u00e0 agricultura de precis\u00e3o. In\u00edcio: 2010.<\/p>\n<p><b>17. <\/b>Alan Carvalho Galante. Implementa\u00e7\u00e3o de um sistema integrado para gerenciamento de agricultura de precis\u00e3o. In\u00edcio: 2010.<\/p>\n<p><b>18. <\/b>Erina Rodrigues. Teste de prog\u00eanies com sele\u00e7\u00e3o entre e dentro de fam\u00edlias de irm\u00e3os completos em capim-elefante visando produ\u00e7\u00e3o de biomassa energ\u00e9tica. In\u00edcio: 2013.<\/p>\n<p><b>19. <\/b>Ver\u00f4nica Brito. Capacidade combinat\u00f3ria em capim-elefante visando h\u00edbridos de elevada produ\u00e7\u00e3o de biomassa energ\u00e9tica e de florescimento tardio. In\u00edcio: 2012.<\/p>\n<p><b>20.\u00a0 <\/b>Ant\u00f4nio Alonso. Utiliza\u00e7\u00e3o de modelos de amostragem na avalia\u00e7\u00e3o da adaptabilidade da produ\u00e7\u00e3o de biomassa energ\u00e9tica de capim-elefante na regi\u00e3o norte e noroeste fluminense. In\u00edcio: 2012.<\/p>\n<p><b>21.<\/b> Bruna Rafaela da Silva Menezes. Capacidade Combinat\u00f3ria em Capim Elefante (Pennisetum purpureum Schum.) Para Fins Energ\u00e9ticos. In\u00edcio: 2011.<\/p>\n<p><b>22. <\/b>Marcia Maria Paes Santos. Efeito da aduba\u00e7\u00e3o nitrogenada e fosfatada na produ\u00e7\u00e3o de biomassa energ\u00e9tica em tr\u00eas gen\u00f3tipos de capim-elefante na regi\u00e3o sul do Esp\u00edrito Santo. In\u00edcio: 2009.<\/p>\n<p><b>23. <\/b>Jos\u00e9 Augusto de Almeida Santana. Efeito da aduba\u00e7\u00e3o nitrogenada e fosfatada na qualidade da biomassa energ\u00e9tica do capim-elefante no sul do Esp\u00edrito Santo.. In\u00edcio: 2009.<\/p>\n<p>&nbsp;<\/p>\n<p><b>Estudantes de Inicia\u00e7\u00e3o Cient\u00edfica<\/b><\/p>\n<p><strong>1.<\/strong> David Pessanha Siqueira. Balan\u00e7o H\u00eddrico da Videira na Regi\u00e3o Norte Fluminense. In\u00edcio: 2012.<\/p>\n<p><b>2. <\/b>Thiago Pontes da Silva Peixoto. Determina\u00e7\u00e3o do coeficiente de cultivo simples (Kc) em escala regional por uso de t\u00e9cnicas de sensoriamento remoto. In\u00edcio: 2012.<\/p>\n<p><b>3.<\/b> Kleydson Luiz Calado da Rosa Cunha. Determina\u00e7\u00e3o do coeficiente de cultivo\u00a0 simples (Kc) em escala regional por uso de t\u00e9cnicas de sensoriaento remoto. In\u00edcio: 2013. Programa Jovens Talentos \/ Faperj<\/p>\n<p><b>4. <\/b>Ana Beatriz Lessa de Souza Paulo Pinto. Determina\u00e7\u00e3o do coeficiente de cultivo\u00a0 simples (Kc) em escala regional por uso de t\u00e9cnicas de sensoriamento remoto.\u00a0 In\u00edcio: 2013. Programa Jovens Talentos \/ Faperj<\/p>\n","protected":false},"excerpt":{"rendered":"<p>Estudante de P\u00f3s-doutoramento 1. Marcia Terezinha Ramos de Oliveira. In\u00edcio: 2012. Bolsista da Coordena\u00e7\u00e3o de Aperfei\u00e7oamento de Pessoal de N\u00edvel&#8230;<\/p>\n","protected":false},"author":13,"featured_media":0,"parent":0,"menu_order":3,"comment_status":"open","ping_status":"closed","template":"","meta":{"footnotes":""},"class_list":["post-72","page","type-page","status-publish","hentry"],"_links":{"self":[{"href":"https:\/\/uenf.br\/ccta\/leag\/wp-json\/wp\/v2\/pages\/72","targetHints":{"allow":["GET"]}}],"collection":[{"href":"https:\/\/uenf.br\/ccta\/leag\/wp-json\/wp\/v2\/pages"}],"about":[{"href":"https:\/\/uenf.br\/ccta\/leag\/wp-json\/wp\/v2\/types\/page"}],"author":[{"embeddable":true,"href":"https:\/\/uenf.br\/ccta\/leag\/wp-json\/wp\/v2\/users\/13"}],"replies":[{"embeddable":true,"href":"https:\/\/uenf.br\/ccta\/leag\/wp-json\/wp\/v2\/comments?post=72"}],"version-history":[{"count":0,"href":"https:\/\/uenf.br\/ccta\/leag\/wp-json\/wp\/v2\/pages\/72\/revisions"}],"wp:attachment":[{"href":"https:\/\/uenf.br\/ccta\/leag\/wp-json\/wp\/v2\/media?parent=72"}],"curies":[{"name":"wp","href":"https:\/\/api.w.org\/{rel}","templated":true}]}}