{"id":73,"date":"2021-10-13T11:52:45","date_gmt":"2021-10-13T14:52:45","guid":{"rendered":"https:\/\/uenf.br\/ccta\/lef\/?page_id=73"},"modified":"2021-10-13T12:03:05","modified_gmt":"2021-10-13T15:03:05","slug":"disciplinas-da-graduacao","status":"publish","type":"page","link":"https:\/\/uenf.br\/ccta\/lef\/atividades-de-ensino\/disciplinas-da-graduacao\/","title":{"rendered":"Disciplinas da Gradua\u00e7\u00e3o"},"content":{"rendered":"<p>LEF 03201 &#8211; Zoologia Aplicada \u00e0 Agropecu\u00e1ria<br \/>\nLEF 03202 &#8211; Entomologia Geral<br \/>\nLEF 03403 &#8211; Entomologia Agr\u00edcola<br \/>\nLEF 03304 &#8211; Fitopatologia I<br \/>\nLEF 03405 &#8211; Fitopatologia II<br \/>\nLEF03207 &#8211; Metodologia Cient\u00edfica em Ci\u00eancias Agr\u00e1ria<\/p>\n","protected":false},"excerpt":{"rendered":"<p>LEF 03201 &#8211; Zoologia Aplicada \u00e0 Agropecu\u00e1ria LEF 03202 &#8211; Entomologia Geral LEF 03403 &#8211; Entomologia Agr\u00edcola LEF 03304 &#8211;&#8230;<\/p>\n","protected":false},"author":21,"featured_media":0,"parent":65,"menu_order":1,"comment_status":"closed","ping_status":"closed","template":"","meta":{"footnotes":""},"class_list":["post-73","page","type-page","status-publish","hentry"],"_links":{"self":[{"href":"https:\/\/uenf.br\/ccta\/lef\/wp-json\/wp\/v2\/pages\/73","targetHints":{"allow":["GET"]}}],"collection":[{"href":"https:\/\/uenf.br\/ccta\/lef\/wp-json\/wp\/v2\/pages"}],"about":[{"href":"https:\/\/uenf.br\/ccta\/lef\/wp-json\/wp\/v2\/types\/page"}],"author":[{"embeddable":true,"href":"https:\/\/uenf.br\/ccta\/lef\/wp-json\/wp\/v2\/users\/21"}],"replies":[{"embeddable":true,"href":"https:\/\/uenf.br\/ccta\/lef\/wp-json\/wp\/v2\/comments?post=73"}],"version-history":[{"count":0,"href":"https:\/\/uenf.br\/ccta\/lef\/wp-json\/wp\/v2\/pages\/73\/revisions"}],"up":[{"embeddable":true,"href":"https:\/\/uenf.br\/ccta\/lef\/wp-json\/wp\/v2\/pages\/65"}],"wp:attachment":[{"href":"https:\/\/uenf.br\/ccta\/lef\/wp-json\/wp\/v2\/media?parent=73"}],"curies":[{"name":"wp","href":"https:\/\/api.w.org\/{rel}","templated":true}]}}