{"id":75,"date":"2021-10-13T11:53:34","date_gmt":"2021-10-13T14:53:34","guid":{"rendered":"https:\/\/uenf.br\/ccta\/lef\/?page_id=75"},"modified":"2023-08-14T16:37:03","modified_gmt":"2023-08-14T19:37:03","slug":"disciplinas-da-pos-graduacao","status":"publish","type":"page","link":"https:\/\/uenf.br\/ccta\/lef\/atividades-de-ensino\/disciplinas-da-pos-graduacao\/","title":{"rendered":"Disciplinas da P\u00f3s-Gradua\u00e7\u00e3o"},"content":{"rendered":"<p style=\"text-align: justify\">LEF3710 \u2013 Controle Biol\u00f3gico (Prof. Gilberto S. Albuquerque)<br \/>\n<span style=\"font-family: 'Open Sans',serif;color: #2b2b2b\">M\u00e9todos biol\u00f3gicos de controle de pragas (latu sensu). Hist\u00f3rico do controle biol\u00f3gico (CB). Bases ecol\u00f3gicas do CB. Biologia, identifica\u00e7\u00e3o e comportamento de parasit\u00f3ides e predadores. Pat\u00f3genos no CB. Import\u00e2ncia das adapta\u00e7\u00f5es sazonais e da sistem\u00e1tica para o CB. Procedimentos de um programa de CB cl\u00e1ssico. Aumento e conserva\u00e7\u00e3o de inimigos naturais. CB de plantas daninhas e de pragas de import\u00e2ncia agr\u00edcola, m\u00e9dica e veterin\u00e1ria. CB em casas de vegeta\u00e7\u00e3o. Manipula\u00e7\u00e3o gen\u00e9tica de inimigos naturais. Riscos ambientais associados ao uso de inimigos naturais.<\/span><\/p>\n<p style=\"text-align: justify\">LEF 3712 &#8211;\u00a0 Controle Microbiano de Insetos (Prof. Richard Ian Samuels)<br \/>\n<span style=\"font-family: 'Open Sans',serif;color: #2b2b2b\">Introdu\u00e7\u00e3o e hist\u00f3rico do uso de pat\u00f3genos contra insetos. Taxonomia e caracteriza\u00e7\u00e3o de fungos, v\u00edrus, bact\u00e9rias e nemat\u00f3ides entomopatog\u00eanicos. Processos de infec\u00e7\u00e3o. Intera\u00e7\u00f5es fisiol\u00f3gicas e bioqu\u00edmicas entre insetos e pat\u00f3genos. Epizootiologia e desenvolvimento de doen\u00e7as naturais. O uso de inseticidas microbianos em programas de controle biol\u00f3gico. Desenvolvimento de agentes microbianos.<\/span><\/p>\n<p style=\"text-align: justify\">LEF 3720 &#8211; Nematologia (Prof. Ricardo M. de Souza)<br \/>\n<span style=\"font-family: 'Open Sans',serif;color: #2b2b2b\">Hist\u00f3rico da nematologia. Import\u00e2ncia dos nemat\u00f3ides para os ecossistemas, a Agricultura, a sa\u00fade p\u00fablica e as ci\u00eancias biol\u00f3gicas. Morfologia e sistem\u00e1tica de nemat\u00f3ides. Fisiologia dos nemat\u00f3ides. Ecologia dos fitonemat\u00f3ides (tipos de ciclo-de-vida, sobreviv\u00eancia, dispers\u00e3o e influ\u00eancia de fatores ambientais e ed\u00e1ficos, assim como intera\u00e7\u00f5es com outros organismos do solo e fitopatog\u00eanicos). Intera\u00e7\u00f5es nemat\u00f3ide-planta. Principais g\u00eaneros e esp\u00e9cies de fitonemat\u00f3ides e as doen\u00e7as por eles causadas. Epidemiologia e controle dos fitonemat\u00f3ides por meios culturais, biol\u00f3gico, qu\u00edmico e de resist\u00eancia. Nemat\u00f3ides como vetores de fitov\u00edrus. Nemat\u00f3ides patog\u00eanicos a insetos (morfologia, classifica\u00e7\u00e3o, tipos de ciclo-de-vida, metodologia empregadas em seu estudo e emprego para o controle biol\u00f3gico de pragas). Introdu\u00e7\u00e3o aos nemat\u00f3ides marinhos e \u00e0queles relevantes \u00e0 pecu\u00e1ria. T\u00e9cnicas recentes na pesquisa em Nematologia.<\/span><\/p>\n<p style=\"text-align: justify\">LEF 3730 Semioqu\u00edmicos (Prof\u00aa. Ana Maria M. V. Bailez &#8211; Coord., Prof. Omar E. Bailez e Prof. Paulo Miranda)<br \/>\nTerminologia dos Semioqu\u00edmicos. Conceitos qu\u00edmicos e metodologias anal\u00edticas empregadas no estudo de semioqu\u00edmicos. Produ\u00e7\u00e3o, libera\u00e7\u00e3o e percep\u00e7\u00e3o de semioqu\u00edmicos. Considera\u00e7\u00f5es sobre o comportamento e comunica\u00e7\u00e3o dos insetos. Intera\u00e7\u00f5es atrav\u00e9s de aleloqu\u00edmicos. Intera\u00e7\u00f5es atrav\u00e9s de ferom\u00f4nios. Bioensaios para avalia\u00e7\u00e3o da a\u00e7\u00e3o de semioqu\u00edmicos. Semioqu\u00edmicos no manejo Integrado de Pragas agr\u00edcolas, florestais e de interesse m\u00e9dico e veterin\u00e1rio. Vantagens e desvantagens do uso de semioqu\u00edmicos. Perspectivas do uso de semioqu\u00edmicos no Brasil e no Mundo.<strong><br \/>\n<\/strong><\/p>\n<p style=\"text-align: justify\">LEF 3731 Comportamento de Insetos 3 (51+00) I (Prof. Omar E. Bailez \u2013 Coord., Prof\u00aa Ana Maria M.Viana-Bailez e Prof. Gilberto S. de Albuquerque)<br \/>\n<span style=\"font-family: 'Open Sans',serif;color: #2b2b2b\">Introdu\u00e7\u00e3o ao estudo do comportamento. Ontog\u00eanese do comportamento. Evolu\u00e7\u00e3o do comportamento. Aprendizagem. Desencadeadores do comportamento. Comunica\u00e7\u00e3o dos insetos. Ritmo biol\u00f3gico. Comportamento social. Comportamento parental e reprodutivo. Ecologia e comportamento. Intera\u00e7\u00f5es hospedeiro-parasit\u00f3ide, predador-presa e intera\u00e7\u00f5es tritr\u00f3ficas. Metodologia do estudo da Etologia. Import\u00e2ncia da etologia nas ci\u00eancias agr\u00e1rias e biol\u00f3gicas.<\/span><\/p>\n<p style=\"text-align: justify\">LEF3732 &#8211; Virologia vegetal e vir\u00f3ides (Prof. Roberto Ramos Sobrinho)<br \/>\n<span style=\"font-family: 'Open Sans',serif;color: #2b2b2b\">Hist\u00f3rico, classifica\u00e7\u00e3o e nomenclatura dos v\u00edrus vegetais e vir\u00f3ides. Transmiss\u00e3o, estrat\u00e9gia de replica\u00e7\u00e3o, ultraestrutura da infec\u00e7\u00e3o de v\u00edrus vegetais e de vir\u00f3ides. Satelitismo. Virus\u00f3ides. Sintomatologia nas plantas afetadas. Propriedades biol\u00f3gicas, f\u00edsico-qu\u00edmicas e moleculares dos v\u00edrus vegetais e vir\u00f3ides. Propriedades sorol\u00f3gicas dos v\u00edrus vegetais. Vetores de v\u00edrus vegetais. Ecologia. Controle.<\/span><\/p>\n<p style=\"text-align: justify\">LEF3760 &#8211;\u00a0 Micologia e Fungos Fitopatog\u00eanicos (Prof. Silvaldo F. da Silveira)<br \/>\n<span style=\"font-family: 'Open Sans',serif;color: #2b2b2b\">Hist\u00f3ria da Micologia. Defini\u00e7\u00f5es e No\u00e7\u00f5es de Fisiologia de fungos. Import\u00e2ncia, Ecologia, estruturas reprodutivas, ciclos de vida generalizados e sistem\u00e1tica dos principais filos f\u00fangicos: Mixomycota, Plasmodiophoromycota, Hyphochytridiomycota, Oomycota, Chytridiomycota, Zigomycota, Ascomycota e Basidiomycota. Taxonomia e identifica\u00e7\u00e3o de fungos em n\u00edvel de ordens (geral) e de g\u00eaneros (fungos fitopatog\u00eanicos). T\u00e9cnicas laboratoriais e Micotecas.<\/span><\/p>\n<p style=\"text-align: justify\">LEF3761-\u00a0 Epidemiologia de doen\u00e7as de plantas (Prof. Silvaldo F. da Silveira &#8211; Coord.)<br \/>\n<span style=\"font-family: 'Open Sans',serif;color: #2b2b2b\">Hist\u00f3rico, conceitos de epidemiologia de doen\u00e7as de plantas. Efeito de ambiente em doen\u00e7as. Medi\u00e7\u00f5es meteorol\u00f3gicas. Quantifica\u00e7\u00e3o de popula\u00e7\u00f5es de pat\u00f3genos e de intensidade de doen\u00e7as. Amostragem. Progresso e modelagem de epidemias. Gradiente de doen\u00e7as. Distribui\u00e7\u00e3o Espacial de In\u00f3culo e de Plantas Doentes. Previs\u00e3o de epidemias. An\u00e1lise de Perdas. Princ\u00edpios epidemiol\u00f3gicos de controle.<\/span><\/p>\n<p style=\"margin: 0cm;margin-bottom: .0001pt;text-align: justify;background: white;vertical-align: baseline\">LEF3771\u00a0 &#8211; Manejo integrado de pragas (Prof. Gerson Adriano Silva)<br \/>\nIntrodu\u00e7\u00e3o \u00e0 entomologia agr\u00edcola. Bases ecol\u00f3gicas de manejo integrado de pragas (MIP). Avalia\u00e7\u00e3o dos agroecossistemas no MIP. Tomada de decis\u00e3o no MIP. Estrat\u00e9gias e t\u00e1ticas de controle no MIP. Toxicologia de inseticidas. Esta\u00e7\u00f5es de avisos fitossanit\u00e1rios no MIP.<\/p>\n<p>&nbsp;<\/p>\n<p style=\"text-align: justify\">LEF 3772\u00a0 \u00a0 \u00a0 \u00a0\u00a0Resist\u00eancia de plantas a insetos fit\u00f3fagos (Prof. Gerson Adriano Silva \u2013 Coord.)<br \/>\n<span style=\"font-family: 'Open Sans',serif;color: #2b2b2b\">Introdu\u00e7\u00e3o \u00e0 resist\u00eancia de plantas a insetos. Conceitos b\u00e1sicos. Mecanismos de resist\u00eancia. Causas da resist\u00eancia. Resist\u00eancia constitutiva e induzida. Fatores que afetam a resist\u00eancia de plantas a insetos. T\u00e9cnicas para mensura\u00e7\u00e3o de resist\u00eancia de plantas a insetos. Localiza\u00e7\u00e3o e manipula\u00e7\u00e3o de plantas por insetos. Especializa\u00e7\u00e3o de insetos em partes das plantas. Insetos especialistas X insetos generalistas. Intera\u00e7\u00e3o entre resist\u00eancia de plantas e os outros m\u00e9todos de controle. Programas de resist\u00eancia de plantas a artr\u00f3podes.<\/span><\/p>\n<p style=\"text-align: justify\">LEF3780 &#8211; Aspectos de Fisiologia de Insetos (Prof. Richard Ian Samuels, Coord., Prof. Francisco J. A. Lemos e Prof. Gerson Adriano Silva)<br \/>\n<span style=\"font-family: 'Open Sans',serif;color: #2b2b2b\">Introdu\u00e7\u00e3o. Fisiologia e estrutura do tegumento. Fisiologia e ultraestrutura do canal alimentar e membrana peritr\u00f3fica. Fisiologia da digest\u00e3o. Sistema nervoso e alvos de inseticidas. Sistema respirat\u00f3rio. Sistema reprodutivo.<\/span><\/p>\n<p style=\"text-align: justify\">LEF 3801 Introdu\u00e7\u00e3o a Pesquisa Cient\u00edfica (Prof. Omar Eduardo Bailez \u2013 Coord. e Prof\u00aa Ana Maria Matoso Viana-Bailez)<br \/>\nCi\u00eancia: conceito, finalidades e considera\u00e7\u00f5es gerais da pesquisa e do pesquisador. Tipos de pesquisa: bibliografia, de campo e de laborat\u00f3rio. M\u00e9todo Cient\u00edfico: hip\u00f3teses, experimenta\u00e7\u00e3o, an\u00e1lises e interpreta\u00e7\u00e3o dos resultados. \u00d3rg\u00e3os de pesquisa: financiamento da pesquisa e inser\u00e7\u00e3o no sistema. Documenta\u00e7\u00e3o: an\u00e1lise cr\u00edtica das diferentes fontes de informa\u00e7\u00e3o. Revis\u00e3o bibliogr\u00e1fica. Formula\u00e7\u00e3o de um projeto de pesquisa: escolha do tema, formula\u00e7\u00e3o do problema, especifica\u00e7\u00e3o de objetivos, metodologia e cita\u00e7\u00e3o bibliogr\u00e1fica. Condi\u00e7\u00f5es experimentais: escolha de vari\u00e1veis, amostragem, m\u00e9todos de observa\u00e7\u00e3o, escolha do m\u00e9todo de an\u00e1lise estat\u00edstico e representa\u00e7\u00e3o gr\u00e1fica dos dados. Difus\u00e3o dos conhecimentos adquiridos: apresenta\u00e7\u00e3o oral e escrita. Relat\u00f3rio, tese, artigo cient\u00edfico, apresenta\u00e7\u00e3o em reuni\u00f5es cient\u00edficas, palestras, etc\u2026 Apresenta\u00e7\u00e3o escrita: aspectos da reda\u00e7\u00e3o cient\u00edfica. Apresenta\u00e7\u00e3o oral: t\u00e9cnicas e meios de apresenta\u00e7\u00e3o.<\/p>\n<p>&nbsp;<\/p>\n","protected":false},"excerpt":{"rendered":"<p>LEF3710 \u2013 Controle Biol\u00f3gico (Prof. Gilberto S. Albuquerque) M\u00e9todos biol\u00f3gicos de controle de pragas (latu sensu). Hist\u00f3rico do controle biol\u00f3gico&#8230;<\/p>\n","protected":false},"author":21,"featured_media":0,"parent":65,"menu_order":2,"comment_status":"closed","ping_status":"closed","template":"","meta":{"footnotes":""},"class_list":["post-75","page","type-page","status-publish","hentry"],"_links":{"self":[{"href":"https:\/\/uenf.br\/ccta\/lef\/wp-json\/wp\/v2\/pages\/75","targetHints":{"allow":["GET"]}}],"collection":[{"href":"https:\/\/uenf.br\/ccta\/lef\/wp-json\/wp\/v2\/pages"}],"about":[{"href":"https:\/\/uenf.br\/ccta\/lef\/wp-json\/wp\/v2\/types\/page"}],"author":[{"embeddable":true,"href":"https:\/\/uenf.br\/ccta\/lef\/wp-json\/wp\/v2\/users\/21"}],"replies":[{"embeddable":true,"href":"https:\/\/uenf.br\/ccta\/lef\/wp-json\/wp\/v2\/comments?post=75"}],"version-history":[{"count":0,"href":"https:\/\/uenf.br\/ccta\/lef\/wp-json\/wp\/v2\/pages\/75\/revisions"}],"up":[{"embeddable":true,"href":"https:\/\/uenf.br\/ccta\/lef\/wp-json\/wp\/v2\/pages\/65"}],"wp:attachment":[{"href":"https:\/\/uenf.br\/ccta\/lef\/wp-json\/wp\/v2\/media?parent=75"}],"curies":[{"name":"wp","href":"https:\/\/api.w.org\/{rel}","templated":true}]}}