{"id":79,"date":"2021-10-13T11:55:04","date_gmt":"2021-10-13T14:55:04","guid":{"rendered":"https:\/\/uenf.br\/ccta\/lef\/?page_id=79"},"modified":"2023-08-14T15:47:36","modified_gmt":"2023-08-14T18:47:36","slug":"linha-de-pesquisa","status":"publish","type":"page","link":"https:\/\/uenf.br\/ccta\/lef\/atividades-de-pesquisa-e-publicacoes\/linha-de-pesquisa\/","title":{"rendered":"Linhas de Pesquisa"},"content":{"rendered":"<p><strong>Linhas de Pesquisa dos Docentes (via CV Lattes):<\/strong><\/p>\n<p><a href=\"http:\/\/lattes.cnpq.br\/2873022302720839\" target=\"_blank\" rel=\"noopener\">Prof\u00aa. Ana Maria Matoso Viana Bailez<\/a><\/p>\n<p><a href=\"http:\/\/lattes.cnpq.br\/9007362342405568\">Prof. Bruno Clarkson Mattos<\/a><\/p>\n<p><a href=\"http:\/\/lattes.cnpq.br\/6335671423894009\" target=\"_blank\" rel=\"noopener\">Prof. Gerson Adriano Silva<\/a><\/p>\n<p><a href=\"http:\/\/lattes.cnpq.br\/3960803363944219\">Prof. Gilberto Soares Albuquerque<\/a><\/p>\n<p><a href=\"http:\/\/lattes.cnpq.br\/4948121531387275\" target=\"_blank\" rel=\"noopener\">Prof. Omar Eduardo Bailez<\/a><\/p>\n<p><a href=\"http:\/\/lattes.cnpq.br\/4263353816624577\">Prof. Ricardo Moreira de Souza<\/a><\/p>\n<p><a href=\"http:\/\/lattes.cnpq.br\/1377493381219615\" target=\"_blank\" rel=\"noopener\">Prof. Richard Ian Samuels<\/a><\/p>\n<p><a href=\"http:\/\/lattes.cnpq.br\/2419464973930579\">Prof. Roberto Ramos Sobrinho<\/a><\/p>\n<p align=\"justify\"><a href=\"http:\/\/lattes.cnpq.br\/9928206009695111\" target=\"_blank\" rel=\"noopener\">Prof. Silvaldo Felipe da Silveira<\/a><\/p>\n<p><a href=\"http:\/\/lattes.cnpq.br\/4263353816624577\" target=\"_blank\" rel=\"noopener\">Prof. Ricardo Moreira de Souza<\/a><\/p>\n<p>&nbsp;<\/p>\n<p style=\"text-align: center\"><strong>Resumo das Linhas de Pesquisa<\/strong><\/p>\n<p><strong>Prof. Ricardo Moreira de Souza<\/strong><\/p>\n<ul>\n<li><strong>Nematoides de vida-livre e fitoparasitos no bioma Mata Atl\u00e2ntica (MA)<\/strong><\/li>\n<\/ul>\n<p>Nessa linha de pesquisa n\u00f3s a) identificamos nematoides parasitos de dezenas de esp\u00e9cies florestais nativas da MA. O efeito do parasitismo sobre o crescimento das plantas foi caracterizado para algumas esp\u00e9cies florestais e alguns fitonematoides; e b) caracterizamos a comunidade de nematoides associados a brom\u00e9lias formadoras de tanque (phytotelma) nos ecossistemas de floresta de montana e restinga, e investigamos quais fatores clim\u00e1ticos e micro-ambientais t\u00eam papel na ecologia dos nematoides. Em breve iniciaremos a caracteriza\u00e7\u00e3o da comunidade de nematoides (e sua ecologia) associados \u00e0 copa de \u00e1rvores da MA.<\/p>\n<ul>\n<li><strong>Etiologia e manejo de doen\u00e7as causadas por nematoides fitoparasitos<\/strong><\/li>\n<\/ul>\n<p>Essa linha de pesquisa j\u00e1 abordou fitonematoides associados \u00e0s culturas da goiabeira, cana-de-a\u00e7\u00facar, abacaxizeiro, maracujazeiro e cafeeiro. Diversos projetos de pesquisa foram desenvolvidos nas \u00e1reas de etiologia, ecologia, distribui\u00e7\u00e3o espacial e amostragem, avalia\u00e7\u00e3o de danos e perdas econ\u00f4micas, estrat\u00e9gias de manejo a campo, controle biol\u00f3gico, resist\u00eancia gen\u00e9tica e intera\u00e7\u00f5es com outros fitopat\u00f3genos.<\/p>\n<ul>\n<li><strong>Efeito de prepara\u00e7\u00f5es ultra-dilu\u00eddas sobre nematoides fitoparasitos e seu dano \u00e0s plantas<\/strong><\/li>\n<\/ul>\n<p>Nessa linha de pesquisa rec\u00e9m-iniciada investiga-se o efeito de prepara\u00e7\u00f5es ultra-dilu\u00eddas sobre a reprodu\u00e7\u00e3o de nematoides fitoparasitos, bem como seu efeito sobre as plantas e o parasitismo. Os processos bioqu\u00edmicos envolvidos em tais efeitos ser\u00e3o tamb\u00e9m investigados.<\/p>\n<p>Duas linhas de pesquisa adicionais foram desenvolvidas ao longo de v\u00e1rios anos, tendo resultado em diversos artigos cient\u00edficos: Potencial de nematoides entomopatog\u00eanicos para o biocontrole de pragas agr\u00edcolas e urbanas e Avalia\u00e7\u00e3o da forma\u00e7\u00e3o em <a href=\"https:\/\/uenf.br\/ccta\/nematologia\/\" target=\"_blank\" rel=\"noopener\">nematologia<\/a> nos cursos de gradua\u00e7\u00e3o e p\u00f3s-gradua\u00e7\u00e3o do Brasil. Essas linhas de pesquisa encontram-se desativadas neste momento.<\/p>\n<p>&nbsp;<\/p>\n<p><strong>Prof. Richard Ian Samuels<\/strong><\/p>\n<ul>\n<li><strong><strong>Controle Biol\u00f3gico de Pragas e Vetores de doen\u00e7as<\/strong><\/strong>&nbsp;<\/li>\n<li><strong>Compostos bioativos de microrganismos<\/strong><\/li>\n<\/ul>\n<p>&nbsp;<\/p>\n<p><strong>Prof. Silvaldo Felipe da Silveira<\/strong><\/p>\n<ul>\n<li><strong>Etiologia de Doen\u00e7as de Plantas causadas por fungos<\/strong><\/li>\n<\/ul>\n<div>Diagnose, taxonomia cl\u00e1ssica e molecular, biologia, ecologia, gen\u00e9tica e patog\u00eanese de fungos.<\/div>\n<ul>\n<li><strong> Epidemiologia<\/strong><\/li>\n<\/ul>\n<div>Modelagem de epidemias, efeito de\u00a0 fatores de ambiente e de pr\u00e1ticas de manejo sobre epidemias.<\/div>\n<ul>\n<li><strong>Controle de Doen\u00e7as de Plantas<\/strong><\/li>\n<\/ul>\n<p>M\u00e9todos Qu\u00edmicos, Pr\u00e1ticas culturais, Biocontrole, Resist\u00eancia Gen\u00e9tica ou Induzida.<\/p>\n","protected":false},"excerpt":{"rendered":"<p>Linhas de Pesquisa dos Docentes (via CV Lattes): Prof\u00aa. Ana Maria Matoso Viana Bailez Prof. Bruno Clarkson Mattos Prof. Gerson&#8230;<\/p>\n","protected":false},"author":21,"featured_media":0,"parent":77,"menu_order":1,"comment_status":"closed","ping_status":"closed","template":"","meta":{"footnotes":""},"class_list":["post-79","page","type-page","status-publish","hentry"],"_links":{"self":[{"href":"https:\/\/uenf.br\/ccta\/lef\/wp-json\/wp\/v2\/pages\/79","targetHints":{"allow":["GET"]}}],"collection":[{"href":"https:\/\/uenf.br\/ccta\/lef\/wp-json\/wp\/v2\/pages"}],"about":[{"href":"https:\/\/uenf.br\/ccta\/lef\/wp-json\/wp\/v2\/types\/page"}],"author":[{"embeddable":true,"href":"https:\/\/uenf.br\/ccta\/lef\/wp-json\/wp\/v2\/users\/21"}],"replies":[{"embeddable":true,"href":"https:\/\/uenf.br\/ccta\/lef\/wp-json\/wp\/v2\/comments?post=79"}],"version-history":[{"count":0,"href":"https:\/\/uenf.br\/ccta\/lef\/wp-json\/wp\/v2\/pages\/79\/revisions"}],"up":[{"embeddable":true,"href":"https:\/\/uenf.br\/ccta\/lef\/wp-json\/wp\/v2\/pages\/77"}],"wp:attachment":[{"href":"https:\/\/uenf.br\/ccta\/lef\/wp-json\/wp\/v2\/media?parent=79"}],"curies":[{"name":"wp","href":"https:\/\/api.w.org\/{rel}","templated":true}]}}