{"id":82,"date":"2021-10-13T11:56:03","date_gmt":"2021-10-13T14:56:03","guid":{"rendered":"https:\/\/uenf.br\/ccta\/lef\/?page_id=82"},"modified":"2022-06-13T13:52:15","modified_gmt":"2022-06-13T16:52:15","slug":"teses-e-dissertacoes","status":"publish","type":"page","link":"https:\/\/uenf.br\/ccta\/lef\/atividades-de-pesquisa-e-publicacoes\/teses-e-dissertacoes\/","title":{"rendered":"Teses e Disserta\u00e7\u00f5es"},"content":{"rendered":"<p><strong>Mestrado<\/strong><\/p>\n<p><strong>2022<\/strong><\/p>\n<p>Aluno: Lais Viana Paes Mendon\u00e7a<br \/>\nOrientador: Prof. Gerson Adriano Silva<br \/>\nData de In\u00edcio: 03\/2020<br \/>\nData de Defesa de Tese: 22\/02\/2022<br \/>\nT\u00edtulo da Tese: Efici\u00eancia de inseticidas sobre\u00a0<em>Spodoptera frugiperda<\/em>\u00a0(Lepidoptera: Noctuidae) e sua seletividade ao predador\u00a0<em>Doru Luteipes<\/em>.<\/p>\n<p>Aluno: Raymyson Rhuryo de Sousa Queiroz<br \/>\nOrientador: Prof. Richard Ian Samuels<br \/>\nData de In\u00edcio: 03\/2020<br \/>\nData de Defesa de Tese: 24\/02\/2022<br \/>\nT\u00edtulo da Tese: Utiliza\u00e7\u00e3o de\u00a0<em>Beauveria bassiana<\/em>\u00a0e\u00a0<em>Escovopsis<\/em>\u00a0spp. no controle de formigas cortadeiras\u00a0<em>Acromyrmex subterraneus<\/em>.<\/p>\n<p><strong>2021<\/strong><\/p>\n<p>Aluna: Mariana Zandom\u00eanico Mangeiro<br \/>\nOrientador: Prof. Ricardo Moreira de Souza<br \/>\nData de In\u00edcio: 03\/2019<br \/>\nData de Defesa de Tese: 25\/02\/2021<br \/>\nT\u00edtulo da Tese: Caracteriza\u00e7\u00e3o da intera\u00e7\u00e3o entre os nematoides\u00a0<em>Meloidogyne incognita<\/em>,\u00a0<em>M. javanica<\/em>\u00a0e\u00a0<em>Rotylenchulus reniformis<\/em>\u00a0e os fungos\u00a0<em>Neocosmospora<\/em>\u00a0sp. (=\u00a0<em>Fusarium solani<\/em>\u00a0f.sp. passiflorae) e\u00a0<em>F. nirenbergiae<\/em>\u00a0(=\u00a0<em>F. oxysporum<\/em>\u00a0f. sp. passiflorae), em maracujazeiro azedo.<\/p>\n<p>Aluno: Anderson Ribeiro<br \/>\nOrientador: Prof. Richard Ian Samuels<br \/>\nData de In\u00edcio: 03\/2019<br \/>\nData de Defesa de Tese: 11\/06\/2021<br \/>\nT\u00edtulo da Tese: Desenvolvimento de ovitrampas impregnadas com o fungo entomopatog\u00eanico<em>\u00a0Metarhizium<\/em>\u00a0<em>anisopliae<\/em>\u00a0para o controle dos mosquitos\u00a0<em>Aedes aegypti<\/em>\u00a0e\u00a0<em>Aedes albopictus<\/em>.<\/p>\n<p><strong>2020<\/strong><\/p>\n<p>Aluna: Patr\u00edcia Batista de Oliveira<br \/>\nOrientador: Prof. Richard Ian Samuels<br \/>\nData de In\u00edcio: 03\/2018<br \/>\nData de Defesa de Tese: 19\/02\/2020<br \/>\nT\u00edtulo da Tese: Isolamento e caracteriza\u00e7\u00e3o de leveduras presentes em jardins de fungos de formigas cortadeiras\u00a0<em>Acromyrmex balzani<\/em>\u00a0(Hymenpoptera: Formicidae) (Emery, 1890).<\/p>\n<p>Aluna: Ana Carolina Loreti Silva<br \/>\nOrientador: Prof. Richard Ian Samuels<br \/>\nData de In\u00edcio: 03\/2018<br \/>\nData de Defesa de Tese: 20\/02\/2020<br \/>\nT\u00edtulo da Tese: Coloniza\u00e7\u00e3o de fungos entomopatog\u00eanicos na forma endof\u00edtica em plantas de tomate\u00a0<em>Solanum lycopersicum<\/em>\u00a0visando o controle de\u00a0<em>Tuta absoluta<\/em>\u00a0(Meyrick, 1917) (Lepidoptera: Gelechiidae).<\/p>\n<p>Aluno: Jos\u00e9 Moreira Gon\u00e7alves<br \/>\nOrientador: Prof. Silvaldo Felipe da Silveira<br \/>\nData de In\u00edcio: 03\/2018<br \/>\nData de Defesa de Tese: 02\/03\/2020<br \/>\nT\u00edtulo da Tese:\u00a0<a href=\"https:\/\/uenf.br\/posgraduacao\/producao-vegetal\/wp-content\/uploads\/sites\/10\/2021\/07\/2020-Jose-MOREITA-Dissertacao-COMPLETA-FINAL.pdf\">Fungos associados as lixas do coqueiro (C<em>ocos nucifera<\/em>\u00a0L.) e potencial de biocontrole.<\/a><\/p>\n<p>Aluna: Tha\u00eds de Moraes Ferreira<br \/>\nOrientador: Prof. Ricardo Moreira de Souza<br \/>\nData de In\u00edcio: 03\/2018<br \/>\nData de Defesa de Tese: 02\/03\/2020<br \/>\nT\u00edtulo da Tese:\u00a0<a href=\"https:\/\/uenf.br\/posgraduacao\/producao-vegetal\/wp-content\/uploads\/sites\/10\/2021\/08\/THAIS-DE-MORAES-LIBERADA.pdf\">Efeito de prepara\u00e7\u00f5es homeop\u00e1ticas sobre alface \u2018elisa\u2019, sadia e parasitada por\u00a0<em>Meloidogyne enterolobii.<\/em><\/a><\/p>\n<p>Aluno: Jo\u00e3o Gabriel Tardin de Moraes<br \/>\nOrientador: Prof. Gerson Adriano Silva<br \/>\nData de In\u00edcio: 03\/2018<br \/>\nData de Defesa de Tese: 17\/03\/2020<br \/>\nT\u00edtulo da Tese:\u00a0<a href=\"https:\/\/uenf.br\/posgraduacao\/producao-vegetal\/wp-content\/uploads\/sites\/10\/2021\/07\/DISSERTACAO-Joao-Gabriel-Tardin-de-Moraes-ASSINADA-com-Ficha-catalografica-OK.pdf\">Gorgulho-da-goiaba,\u00a0<em>Conotrachelus psidii<\/em>\u00a0Marshall (1922) (Coleoptera: Curculionidae): resposta a distintos espectros de emiss\u00e3o de luz e aspectos de sua bioecologia.<\/a><\/p>\n<p><strong>2019<\/strong><\/p>\n<p>Aluna: Sabrina Buqueroni Alves<br \/>\nOrientador: Prof. Gilberto Soares Albuquerque<br \/>\nData de In\u00edcio: 04\/2017<br \/>\nData de Defesa de Tese: 02\/09\/2019<br \/>\nT\u00edtulo da Tese:\u00a0<a href=\"https:\/\/uenf.br\/posgraduacao\/producao-vegetal\/wp-content\/uploads\/sites\/10\/2020\/01\/Disserta%C3%A7%C3%A3o-Sabrina-vers%C3%A3o-final-para-impress%C3%A3o-2-Almy.pdf\">Desenvolvimento e reprodu\u00e7\u00e3o de duas esp\u00e9cies de Chrysopidae (Insecta: Neuroptera) de ambientes distintos sob condi\u00e7\u00f5es naturais: influ\u00eancia dos fatores abi\u00f3ticos e bi\u00f3ticos.<\/a><\/p>\n<p>&nbsp;<\/p>\n<p><a href=\"https:\/\/uenf.br\/posgraduacao\/producao-vegetal\/teses-e-dissertacoes-concluidas\/mestrado\/\">Listas das disserta\u00e7\u00f5es dos anos anteriores &#8211; banco de dados da P\u00f3s-Gradua\u00e7\u00e3o em Produ\u00e7\u00e3o Vegetal<\/a><\/p>\n<p>&nbsp;<\/p>\n<p><strong>Doutorado<\/strong><\/p>\n<p><strong>2022<\/strong><\/p>\n<p>Aluno: Laura Mathias Barroso<br \/>\nOrientador: Prof. Silvaldo Felipe da Silveira<br \/>\nData de In\u00edcio: 03\/2018<br \/>\nData de Defesa de Tese: 17\/02\/2022<br \/>\nT\u00edtulo da Tese:\u00a0<a href=\"https:\/\/uenf.br\/posgraduacao\/producao-vegetal\/wp-content\/uploads\/sites\/10\/2022\/06\/LAURA-MATHIAS-LIBERADA.pdf\">Intera\u00e7\u00e3o fungo-bact\u00e9ria e biochar na promo\u00e7\u00e3o do crescimento e no manejo da podrid\u00e3o do p\u00e9 do mamoeiro.<\/a><\/p>\n<p>Aluno: Josiane Pessanha Ribeiro<br \/>\nOrientador: Prof. Richard Ian Samuels<br \/>\nData de In\u00edcio: 03\/2018<br \/>\nData de Defesa de Tese: 30\/05\/2022<br \/>\nT\u00edtulo da Tese: A microbiota intestinal de\u00a0<em>Aedes aegypti<\/em>\u00a0protege os insetos contra infec\u00e7\u00f5es por fungos entomopatog\u00eanicos.<\/p>\n<p><strong>2021<\/strong><\/p>\n<p>Aluna: Thais Ber\u00e7ot Pontes Teodoro<br \/>\nOrientador: Prof. Richard Ian Samuels<br \/>\nData de In\u00edcio: 04\/2017<br \/>\nData de Defesa de Tese: 19\/03\/2021<br \/>\nT\u00edtulo da Tese: Utiliza\u00e7\u00e3o de fungos entomopatog\u00eanicos e micoparasitas como alternativa de controle biol\u00f3gico de formigas cortadeiras.<\/p>\n<p>Aluno: Jos\u00e9 Ol\u00edvio Lopes Vieira J\u00fanior<br \/>\nOrientador: Prof. Ricardo Moreira de Souza<br \/>\nData de In\u00edcio: 04\/2017<br \/>\nData de Defesa de Tese: 19\/03\/2021<br \/>\nT\u00edtulo da Tese: Fitonematoides em mudas florestais: incid\u00eancia em viveiros e avalia\u00e7\u00e3o de danos ao desenvolvimento vegetativo.<\/p>\n<p><strong>2019<\/strong><\/p>\n<p>Aluna: Leila Eid Imad da Silva<br \/>\nOrientador: Prof. Richard Ian Samuels<br \/>\nData de In\u00edcio: 04\/2015<br \/>\nData de Defesa de Tese: 09\/04\/2019<br \/>\nT\u00edtulo da Tese:\u00a0<a href=\"https:\/\/uenf.br\/posgraduacao\/producao-vegetal\/wp-content\/uploads\/sites\/10\/2020\/02\/Tese-Leila-Eid-03-12-2019-.pdf\">Aumentando a efici\u00eancia de panos pretos impregnados com fungos entomopatog\u00eanicos para o controle de\u00a0<em>Aedes aegypti<\/em>\u00a0utilizando atraente sint\u00e9tico.<\/a><\/p>\n<p>Aluna: Simone Azevedo Gomes<br \/>\nOrientador: Prof. Richard Ian Samuels<br \/>\nData de In\u00edcio: 04\/2015<br \/>\nData de Defesa de Tese: 10\/04\/2019<br \/>\nT\u00edtulo da Tese:\u00a0<a href=\"https:\/\/uenf.br\/posgraduacao\/producao-vegetal\/wp-content\/uploads\/sites\/10\/2019\/10\/Tese-com-formata%C3%A7%C3%A3o-atualizada-Simone.pdf\">O potencial de blastosporos do fungo entomopatog\u00eanico\u00a0<em>Metarhizium anisopliae<\/em>\u00a0para o controle de larvas do mosquito\u00a0<em>Aedes aegypti<\/em><\/a><\/p>\n<p>Aluno: Jhonattan Rodriguez Guerrero<br \/>\nOrientador: Prof\u00aa Ana Maria Matoso Viana Bailez<br \/>\nData de In\u00edcio: 10\/2015<br \/>\nData de Defesa de Tese: 23\/07\/2019<br \/>\nT\u00edtulo da Tese:\u00a0<a href=\"https:\/\/uenf.br\/posgraduacao\/producao-vegetal\/wp-content\/uploads\/sites\/10\/2020\/02\/Tese-Jhonattan-Rodriguez.pdf\">Caracteriza\u00e7\u00e3o do perfil de hidrocarbonetos cuticulares da rainha de\u00a0<em>Atta sexdens<\/em>\u00a0(Hymenoptera: Formicidae).<\/a><\/p>\n<p>&nbsp;<\/p>\n<p><a href=\"https:\/\/uenf.br\/posgraduacao\/producao-vegetal\/teses-e-dissertacoes-concluidas\/doutorado\/\">Listas das Teses dos anos anteriores &#8211; banco de dados da P\u00f3s=Gradua\u00e7\u00e3o em Produ\u00e7\u00e3o Vegetal<\/a><\/p>\n","protected":false},"excerpt":{"rendered":"<p>Mestrado 2022 Aluno: Lais Viana Paes Mendon\u00e7a Orientador: Prof. Gerson Adriano Silva Data de In\u00edcio: 03\/2020 Data de Defesa de&#8230;<\/p>\n","protected":false},"author":21,"featured_media":0,"parent":77,"menu_order":2,"comment_status":"closed","ping_status":"closed","template":"","meta":{"footnotes":""},"class_list":["post-82","page","type-page","status-publish","hentry"],"_links":{"self":[{"href":"https:\/\/uenf.br\/ccta\/lef\/wp-json\/wp\/v2\/pages\/82","targetHints":{"allow":["GET"]}}],"collection":[{"href":"https:\/\/uenf.br\/ccta\/lef\/wp-json\/wp\/v2\/pages"}],"about":[{"href":"https:\/\/uenf.br\/ccta\/lef\/wp-json\/wp\/v2\/types\/page"}],"author":[{"embeddable":true,"href":"https:\/\/uenf.br\/ccta\/lef\/wp-json\/wp\/v2\/users\/21"}],"replies":[{"embeddable":true,"href":"https:\/\/uenf.br\/ccta\/lef\/wp-json\/wp\/v2\/comments?post=82"}],"version-history":[{"count":0,"href":"https:\/\/uenf.br\/ccta\/lef\/wp-json\/wp\/v2\/pages\/82\/revisions"}],"up":[{"embeddable":true,"href":"https:\/\/uenf.br\/ccta\/lef\/wp-json\/wp\/v2\/pages\/77"}],"wp:attachment":[{"href":"https:\/\/uenf.br\/ccta\/lef\/wp-json\/wp\/v2\/media?parent=82"}],"curies":[{"name":"wp","href":"https:\/\/api.w.org\/{rel}","templated":true}]}}