{"id":140,"date":"2014-10-03T11:08:30","date_gmt":"2014-10-03T14:08:30","guid":{"rendered":"http:\/\/uenf.br\/ccta\/lfit\/?page_id=140"},"modified":"2020-08-10T01:08:56","modified_gmt":"2020-08-10T04:08:56","slug":"professora-claudia-lopes-prins","status":"publish","type":"page","link":"https:\/\/uenf.br\/ccta\/lfit\/funcionarios\/professora-claudia-lopes-prins\/","title":{"rendered":"Professora Dra. Claudia Lopes Prins"},"content":{"rendered":"<p><img loading=\"lazy\" decoding=\"async\" class=\"alignleft wp-image-193\" src=\"http:\/\/uenf.br\/ccta\/lfit\/files\/2018\/09\/FOTO-PARA-SITE-2.jpg\" alt=\"\" width=\"132\" height=\"88\" \/><\/p>\n<p><a title=\"Curr\u00edculo lattes\" href=\"http:\/\/buscatextual.cnpq.br\/buscatextual\/visualizacv.do?id=K4701817Z4\">Curr\u00edculo lattes<\/a><\/p>\n<p>&nbsp;<\/p>\n<p>&nbsp;<\/p>\n<p>&nbsp;<\/p>\n<p>Prof\u00aa Cl\u00e1udia Lopes Prins<\/p>\n<p>\u00c1rea de atua\u00e7\u00e3o: Olericultura<\/p>\n<p>Contatos:<br \/>\nE-mail:prins@uenf.br<br \/>\nTel. 22 2748-6222<br \/>\nSala 119 &#8211; P4<\/p>\n","protected":false},"excerpt":{"rendered":"<p>Curr\u00edculo lattes &nbsp; &nbsp; &nbsp; Prof\u00aa Cl\u00e1udia Lopes Prins \u00c1rea de atua\u00e7\u00e3o: Olericultura Contatos: E-mail:prins@uenf.br Tel. 22 2748-6222 Sala 119&#8230;<\/p>\n","protected":false},"author":5,"featured_media":0,"parent":7,"menu_order":2,"comment_status":"closed","ping_status":"open","template":"","meta":{"footnotes":""},"class_list":["post-140","page","type-page","status-publish","hentry"],"_links":{"self":[{"href":"https:\/\/uenf.br\/ccta\/lfit\/wp-json\/wp\/v2\/pages\/140","targetHints":{"allow":["GET"]}}],"collection":[{"href":"https:\/\/uenf.br\/ccta\/lfit\/wp-json\/wp\/v2\/pages"}],"about":[{"href":"https:\/\/uenf.br\/ccta\/lfit\/wp-json\/wp\/v2\/types\/page"}],"author":[{"embeddable":true,"href":"https:\/\/uenf.br\/ccta\/lfit\/wp-json\/wp\/v2\/users\/5"}],"replies":[{"embeddable":true,"href":"https:\/\/uenf.br\/ccta\/lfit\/wp-json\/wp\/v2\/comments?post=140"}],"version-history":[{"count":0,"href":"https:\/\/uenf.br\/ccta\/lfit\/wp-json\/wp\/v2\/pages\/140\/revisions"}],"up":[{"embeddable":true,"href":"https:\/\/uenf.br\/ccta\/lfit\/wp-json\/wp\/v2\/pages\/7"}],"wp:attachment":[{"href":"https:\/\/uenf.br\/ccta\/lfit\/wp-json\/wp\/v2\/media?parent=140"}],"curies":[{"name":"wp","href":"https:\/\/api.w.org\/{rel}","templated":true}]}}