{"id":2,"date":"2010-09-21T17:50:37","date_gmt":"2010-09-21T17:50:37","guid":{"rendered":"http:\/\/uenf.br\/ccta\/lfit\/?page_id=2"},"modified":"2026-02-23T18:28:42","modified_gmt":"2026-02-23T21:28:42","slug":"apresentacao","status":"publish","type":"page","link":"https:\/\/uenf.br\/ccta\/lfit\/","title":{"rendered":"Apresenta\u00e7\u00e3o"},"content":{"rendered":"<p>O Laborat\u00f3rio de Fitotecnia (LFIT) re\u00fane os setores de Grandes Culturas, de Horticultura, de Manejo de Plantas Daninhas e Medicinais, de Nutri\u00e7\u00e3o Mineral de Plantas, de Produ\u00e7\u00e3o e Tecnologia de Sementes e de Silvicultura. O LFIT foi criado para colaborar para o desenvolvimento da agricultura, especialmente, nas Regi\u00f5es Norte e Noroeste Fluminenses, por meio do desenvolvimento de pesquisas direcionadas \u00e0s tecnologias envolvidas na produ\u00e7\u00e3o de diversas culturas. A consolida\u00e7\u00e3o do LFIT \u00e9 resultado do trabalho conjunto de renomados professores e se afirma por meio do desenvolvimento de atividades de pesquisa, ensino e extens\u00e3o que buscam integrar o conhecimento acad\u00eamico com as necessidades espec\u00edficas da agricultura regional e brasileira. O quadro docente atual conta com 11 professores que coordenam disciplinas no curso de gradua\u00e7\u00e3o em Agronomia e P\u00f3s-gradua\u00e7\u00e3o em Produ\u00e7\u00e3o Vegetal.<\/p>\n<p><img loading=\"lazy\" decoding=\"async\" class=\"aligncenter size-large wp-image-325\" src=\"http:\/\/uenf.br\/ccta\/lfit\/files\/2026\/02\/Artboard-2-1-1024x418.png\" alt=\"\" width=\"1024\" height=\"418\" srcset=\"https:\/\/uenf.br\/ccta\/lfit\/files\/2026\/02\/Artboard-2-1-1024x418.png 1024w, https:\/\/uenf.br\/ccta\/lfit\/files\/2026\/02\/Artboard-2-1-300x122.png 300w, https:\/\/uenf.br\/ccta\/lfit\/files\/2026\/02\/Artboard-2-1-768x313.png 768w, https:\/\/uenf.br\/ccta\/lfit\/files\/2026\/02\/Artboard-2-1-1536x627.png 1536w, https:\/\/uenf.br\/ccta\/lfit\/files\/2026\/02\/Artboard-2-1-2048x836.png 2048w, https:\/\/uenf.br\/ccta\/lfit\/files\/2026\/02\/Artboard-2-1-1200x490.png 1200w, https:\/\/uenf.br\/ccta\/lfit\/files\/2026\/02\/Artboard-2-1-320x131.png 320w\" sizes=\"auto, (max-width: 1024px) 100vw, 1024px\" \/><\/p>\n","protected":false},"excerpt":{"rendered":"<p>O Laborat\u00f3rio de Fitotecnia (LFIT) re\u00fane os setores de Grandes Culturas, de Horticultura, de Manejo de Plantas Daninhas e Medicinais,&#8230;<\/p>\n","protected":false},"author":28,"featured_media":0,"parent":0,"menu_order":1,"comment_status":"closed","ping_status":"closed","template":"","meta":{"footnotes":""},"class_list":["post-2","page","type-page","status-publish","hentry"],"_links":{"self":[{"href":"https:\/\/uenf.br\/ccta\/lfit\/wp-json\/wp\/v2\/pages\/2","targetHints":{"allow":["GET"]}}],"collection":[{"href":"https:\/\/uenf.br\/ccta\/lfit\/wp-json\/wp\/v2\/pages"}],"about":[{"href":"https:\/\/uenf.br\/ccta\/lfit\/wp-json\/wp\/v2\/types\/page"}],"author":[{"embeddable":true,"href":"https:\/\/uenf.br\/ccta\/lfit\/wp-json\/wp\/v2\/users\/28"}],"replies":[{"embeddable":true,"href":"https:\/\/uenf.br\/ccta\/lfit\/wp-json\/wp\/v2\/comments?post=2"}],"version-history":[{"count":0,"href":"https:\/\/uenf.br\/ccta\/lfit\/wp-json\/wp\/v2\/pages\/2\/revisions"}],"wp:attachment":[{"href":"https:\/\/uenf.br\/ccta\/lfit\/wp-json\/wp\/v2\/media?parent=2"}],"curies":[{"name":"wp","href":"https:\/\/api.w.org\/{rel}","templated":true}]}}