{"id":21,"date":"2011-12-05T15:28:02","date_gmt":"2011-12-05T17:28:02","guid":{"rendered":"http:\/\/uenf.br\/ccta\/lfit\/?page_id=21"},"modified":"2025-05-16T11:32:17","modified_gmt":"2025-05-16T14:32:17","slug":"professora-virginia-silva-carvalho","status":"publish","type":"page","link":"https:\/\/uenf.br\/ccta\/lfit\/funcionarios\/professora-virginia-silva-carvalho\/","title":{"rendered":"Professora Dra. Virginia Silva Carvalho"},"content":{"rendered":"<p><img loading=\"lazy\" decoding=\"async\" class=\"aligncenter size-large wp-image-248\" src=\"http:\/\/uenf.br\/ccta\/lfit\/files\/2023\/03\/img-Vi2-1024x1024.jpeg\" alt=\"\" width=\"1024\" height=\"1024\" srcset=\"https:\/\/uenf.br\/ccta\/lfit\/files\/2023\/03\/img-Vi2-1024x1024.jpeg 1024w, https:\/\/uenf.br\/ccta\/lfit\/files\/2023\/03\/img-Vi2-300x300.jpeg 300w, https:\/\/uenf.br\/ccta\/lfit\/files\/2023\/03\/img-Vi2-150x150.jpeg 150w, https:\/\/uenf.br\/ccta\/lfit\/files\/2023\/03\/img-Vi2-768x768.jpeg 768w, https:\/\/uenf.br\/ccta\/lfit\/files\/2023\/03\/img-Vi2-600x600.jpeg 600w, https:\/\/uenf.br\/ccta\/lfit\/files\/2023\/03\/img-Vi2.jpeg 1080w\" sizes=\"auto, (max-width: 1024px) 100vw, 1024px\" \/>Contato: virginia@uenf.br virginiascar@gmail.com<br \/>\nTelefone: (22) 2739 7162<br \/>\nRamal interno: 97162<br \/>\nP4 Sala 112<\/p>\n<p><a title=\"Curr\u00edculo Lattes\" href=\"http:\/\/lattes.cnpq.br\/3199872902054955\" target=\"_blank\" rel=\"noopener noreferrer\">Curr\u00edculo lattes<\/a><\/p>\n<p>Professora Associada I do Laborat\u00f3rio de Fitotecnia da Universidade Estadual do Norte Fluminense Darcy Ribeiro (UENF) na \u00e1rea de Propaga\u00e7\u00e3o de Plantas e Cultura de Tecidos Vegetais.<br \/>\nPossui gradua\u00e7\u00e3o em Agronomia (1995), Mestrado em Fitotecnia (2002) e Doutorado em Fitotecnia (2006) pela Universidade Federal de Vi\u00e7osa, com per\u00edodo sandu\u00edche na Universidade da Fl\u00f3rida &#8211; EUA (2004-2005) e P\u00f3s-Doutorado em Produ\u00e7\u00e3o Vegetal pela UENF (2007-2010).<br \/>\nTem experi\u00eancia na \u00e1rea de Fitotecnia (Produ\u00e7\u00e3o Vegetal), com \u00eanfase em propaga\u00e7\u00e3o de plantas e cultura de tecidos vegetais. Tem atuado principalmente nos seguintes temas: propaga\u00e7\u00e3o semin\u00edfera e vegetativa &#8216;in vitro&#8217; (biof\u00e1bricas), conserva\u00e7\u00e3o de germoplasma (cultivo m\u00ednimo &#8216;in vitro&#8217; e criopreserva\u00e7\u00e3o) e t\u00e9cnicas de cultura de tecidos aplicadas ao melhoramento gen\u00e9tico (cultura e resgate de embri\u00f5es).<br \/>\nProfessora do curso de Agronomia e orientadora de Mestrado e Doutorado nos Programas de P\u00f3s-Gradua\u00e7\u00e3o em Produ\u00e7\u00e3o Vegetal (Conceito 5 CAPES) e em Gen\u00e9tica e Melhoramento de Plantas (Conceito 6 CAPES).<br \/>\nCoordenadora do Projeto de Extens\u00e3o: Orqu\u00eddeas da UENF (antigo: Entendendo as plantas da fam\u00edlia Orchidaceae: conhecer para preservar e produzir com sustentabilidade, Ano XV) desde 2008. Respons\u00e1vel pelo Orquid\u00e1rio GDN da UENF (inaugurado em 2023) e diretora t\u00e9cnica da Orquidecampos &#8211; Associa\u00e7\u00e3o Orquid\u00f3fila de Campos. Coordenadora do curso de Agronomia da UENF (2025\/2027).<\/p>\n<p style=\"text-align: left\" align=\"center\"><strong>Linhas de Pesquisa:<\/strong><\/p>\n<ul>\n<li>Propaga\u00e7\u00e3o de Plantas;<\/li>\n<li>Cultura de Tecidos Vegetais;<\/li>\n<li>Conserva\u00e7\u00e3o de Germoplasma <em>in vitro <\/em>e Criopreserva\u00e7\u00e3o;<\/li>\n<li>Cultura e Resgate de Embri\u00f5es.<\/li>\n<\/ul>\n<p style=\"text-align: left\" align=\"center\"><strong>Equipe de 2024<\/strong><\/p>\n<p style=\"text-align: left\" align=\"center\"><strong>P\u00f3s-doutoranda do Programa de Gen\u00e9tica e Melhoramento de Plantas\u00a0<\/strong><\/p>\n<ul>\n<li style=\"text-align: left\">Lidiane Miranda da Silva<\/li>\n<\/ul>\n<p style=\"text-align: left\" align=\"center\"><strong>Estudantes de P\u00f3s-Gradua\u00e7\u00e3o:<\/strong><\/p>\n<ul>\n<li>K\u00edssila Motta Defanti (Doutoranda em Produ\u00e7\u00e3o Vegetal)<\/li>\n<li>Isis Naryelle G\u00f3es Souza (Doutoranda em Produ\u00e7\u00e3o Vegetal)<\/li>\n<li>Lu\u00edsa Silva Castro (Mestranda em Produ\u00e7\u00e3o Vegetal)<\/li>\n<\/ul>\n<p><strong>Estudantes de Extens\u00e3o Universit\u00e1ria:<\/strong><\/p>\n<ul>\n<li>Anna J\u00falia Trindade Duarte<\/li>\n<li>Carlos Henrique Nogueira Sardinha<\/li>\n<li>Gabriel de Abreu Pessanha<\/li>\n<li>Josu\u00e9 dos Santos Licassales de Almeida<\/li>\n<li>Leonardo Kaminski Perini<\/li>\n<li>Tamires Ribeiro Tavares<\/li>\n<\/ul>\n<p><strong>Apoio:<\/strong><\/p>\n<ul>\n<li>Maria Clara Moreira<\/li>\n<\/ul>\n<p><strong>Volunt\u00e1rios:<\/strong><\/p>\n<ul>\n<li>Carlos Antonio Ribeiro Monteiro Junior &#8211; Engenheiro Agr\u00f4nomo<\/li>\n<\/ul>\n<p><img loading=\"lazy\" decoding=\"async\" class=\"aligncenter size-full wp-image-299\" src=\"http:\/\/uenf.br\/ccta\/lfit\/files\/2025\/05\/l4tkkp4d.png\" alt=\"\" width=\"225\" height=\"241\" \/><\/p>\n<p><strong> <img loading=\"lazy\" decoding=\"async\" class=\"aligncenter size-full wp-image-302\" src=\"http:\/\/uenf.br\/ccta\/lfit\/files\/2025\/05\/0obxvosi.png\" alt=\"\" width=\"225\" height=\"300\" \/><img loading=\"lazy\" decoding=\"async\" class=\"aligncenter size-full wp-image-298\" src=\"http:\/\/uenf.br\/ccta\/lfit\/files\/2025\/05\/3t5hu90a.png\" alt=\"\" width=\"225\" height=\"300\" \/><img loading=\"lazy\" decoding=\"async\" class=\"aligncenter size-full wp-image-300\" src=\"http:\/\/uenf.br\/ccta\/lfit\/files\/2025\/05\/mp7rhifh.png\" alt=\"\" width=\"225\" height=\"229\" \/><img loading=\"lazy\" decoding=\"async\" class=\"aligncenter size-full wp-image-301\" src=\"http:\/\/uenf.br\/ccta\/lfit\/files\/2025\/05\/uu1honqe.png\" alt=\"\" width=\"225\" height=\"245\" \/><\/strong><\/p>\n","protected":false},"excerpt":{"rendered":"<p>Contato: virginia@uenf.br virginiascar@gmail.com Telefone: (22) 2739 7162 Ramal interno: 97162 P4 Sala 112 Curr\u00edculo lattes Professora Associada I do Laborat\u00f3rio&#8230;<\/p>\n","protected":false},"author":5,"featured_media":0,"parent":7,"menu_order":11,"comment_status":"closed","ping_status":"open","template":"","meta":{"footnotes":""},"class_list":["post-21","page","type-page","status-publish","hentry"],"_links":{"self":[{"href":"https:\/\/uenf.br\/ccta\/lfit\/wp-json\/wp\/v2\/pages\/21","targetHints":{"allow":["GET"]}}],"collection":[{"href":"https:\/\/uenf.br\/ccta\/lfit\/wp-json\/wp\/v2\/pages"}],"about":[{"href":"https:\/\/uenf.br\/ccta\/lfit\/wp-json\/wp\/v2\/types\/page"}],"author":[{"embeddable":true,"href":"https:\/\/uenf.br\/ccta\/lfit\/wp-json\/wp\/v2\/users\/5"}],"replies":[{"embeddable":true,"href":"https:\/\/uenf.br\/ccta\/lfit\/wp-json\/wp\/v2\/comments?post=21"}],"version-history":[{"count":0,"href":"https:\/\/uenf.br\/ccta\/lfit\/wp-json\/wp\/v2\/pages\/21\/revisions"}],"up":[{"embeddable":true,"href":"https:\/\/uenf.br\/ccta\/lfit\/wp-json\/wp\/v2\/pages\/7"}],"wp:attachment":[{"href":"https:\/\/uenf.br\/ccta\/lfit\/wp-json\/wp\/v2\/media?parent=21"}],"curies":[{"name":"wp","href":"https:\/\/api.w.org\/{rel}","templated":true}]}}