{"id":65,"date":"2011-12-31T17:22:07","date_gmt":"2011-12-31T19:22:07","guid":{"rendered":"http:\/\/uenf.br\/ccta\/lfit\/?page_id=65"},"modified":"2022-02-14T18:01:41","modified_gmt":"2022-02-14T21:01:41","slug":"professora-dra-deborah-barroso","status":"publish","type":"page","link":"https:\/\/uenf.br\/ccta\/lfit\/funcionarios\/professora-dra-deborah-barroso\/","title":{"rendered":"Professora Dra. Deborah Barroso"},"content":{"rendered":"<p><a href=\"http:\/\/uenf.br\/ccta\/lfit\/files\/2011\/12\/Deborah.jpg\"><img loading=\"lazy\" decoding=\"async\" class=\"alignleft size-thumbnail wp-image-87\" src=\"http:\/\/uenf.br\/ccta\/lfit\/files\/2011\/12\/Deborah-150x150.jpg\" alt=\"\" width=\"150\" height=\"150\" \/><\/a>Professora Associada do Laborat\u00f3rio de Fitotecnia &#8211; CCTA, desde julho de 2002. Possui gradua\u00e7\u00e3o em Agronomia (1990) e\u00a0Mestrado em Fitotecnia\u00a0(1994) pela Universidade Federal de Lavras (UFLA) e\u00a0Doutorado (2001) em Produ\u00e7\u00e3o Vegetal pela Universidade Estadual do Norte Fluminense.<\/p>\n<div>\n<div><\/div>\n<\/div>\n<p><a href=\"http:\/\/lattes.cnpq.br\/7120946713780285\" target=\"_blank\" rel=\"noopener\">Curr\u00edculo lattes<\/a><\/p>\n<div><\/div>\n<div><strong>Linhas de pesquisa:<\/strong><\/div>\n<div>Silvicultura<\/div>\n<div>\n<div>Manejo e propaga\u00e7\u00e3o de plantas<\/div>\n<\/div>\n<div>Sistemas Agroflorestais<\/div>\n<div>Recupera\u00e7\u00e3o de \u00c1reas Degradadas<\/div>\n<p>&nbsp;<\/p>\n<p><strong>Equipe:<\/strong><\/p>\n<div><span style=\"font-family: arial, sans-serif\"><strong>IC:<\/strong> Christian da Cunha Ribeiro; <\/span><\/div>\n<div><span style=\"font-family: arial, sans-serif\">Yara Pereira Gon\u00e7alves; <\/span><\/div>\n<div><span style=\"font-family: arial, sans-serif\">Melissa Silva de Assis;\u00a0<\/span><\/div>\n<div>Nayana Machado de Oliveira Ribeiro<span style=\"font-family: arial, sans-serif\">; <\/span><\/div>\n<div><span style=\"font-family: arial, sans-serif\">Jos\u00e9 Gabriel de Souza Silva.<\/span><\/div>\n<div><strong><span style=\"font-family: arial, sans-serif\">\u00a0<\/span><\/strong><span style=\"font-family: arial, sans-serif\"><strong>Extens\u00e3o:<\/strong>\u00a0 Yara Pereira;\u00a0<\/span><\/div>\n<div>Tuane Cristina da Silva.<\/div>\n<div>\u00a0<span style=\"font-family: arial, sans-serif\"><strong>Mestrandos:<\/strong> Rachel Martins da Rocha Silva; <\/span><\/div>\n<div><span style=\"font-family: arial, sans-serif\">Rebeca Dorneles de Moura.<\/span><\/div>\n<div><span style=\"font-family: arial, sans-serif\"><strong>Doutorandos:<\/strong> Giovanna Campos Mamede Weiss de Carvalho; <\/span><\/div>\n<div><span style=\"font-family: arial, sans-serif\">Maria Clara Coutinho Rodrigues; <\/span><\/div>\n<div><span style=\"font-family: arial, sans-serif\">Renata de Deus Silva.<\/span><\/div>\n<div><span style=\"font-family: arial, sans-serif\"><strong>P\u00f3s doc:<\/strong> David Pessanha Siqueira.<\/span><\/div>\n<div><span style=\"font-family: arial, sans-serif\"><strong>T\u00e9cnico:<\/strong> Guilherme Ribeiro.<\/span><\/div>\n<div><\/div>\n<div><\/div>\n<div>\n<div>\n<div><strong><span style=\"color: #2b2b2b;font-family: arial, sans-serif\">Projeto \u00e1rvores da UENF:\u00a0<\/span><\/strong><\/div>\n<div>\n<div><a href=\"https:\/\/uenf.br\/projetos\/arvoresdauenf\/\">https:\/\/uenf.br\/projetos\/arvoresdauenf\/<\/a><\/div>\n<\/div>\n<\/div>\n<\/div>\n","protected":false},"excerpt":{"rendered":"<p>Professora Associada do Laborat\u00f3rio de Fitotecnia &#8211; CCTA, desde julho de 2002. Possui gradua\u00e7\u00e3o em Agronomia (1990) e\u00a0Mestrado em Fitotecnia\u00a0(1994)&#8230;<\/p>\n","protected":false},"author":5,"featured_media":0,"parent":7,"menu_order":3,"comment_status":"closed","ping_status":"open","template":"","meta":{"footnotes":""},"class_list":["post-65","page","type-page","status-publish","hentry"],"_links":{"self":[{"href":"https:\/\/uenf.br\/ccta\/lfit\/wp-json\/wp\/v2\/pages\/65","targetHints":{"allow":["GET"]}}],"collection":[{"href":"https:\/\/uenf.br\/ccta\/lfit\/wp-json\/wp\/v2\/pages"}],"about":[{"href":"https:\/\/uenf.br\/ccta\/lfit\/wp-json\/wp\/v2\/types\/page"}],"author":[{"embeddable":true,"href":"https:\/\/uenf.br\/ccta\/lfit\/wp-json\/wp\/v2\/users\/5"}],"replies":[{"embeddable":true,"href":"https:\/\/uenf.br\/ccta\/lfit\/wp-json\/wp\/v2\/comments?post=65"}],"version-history":[{"count":0,"href":"https:\/\/uenf.br\/ccta\/lfit\/wp-json\/wp\/v2\/pages\/65\/revisions"}],"up":[{"embeddable":true,"href":"https:\/\/uenf.br\/ccta\/lfit\/wp-json\/wp\/v2\/pages\/7"}],"wp:attachment":[{"href":"https:\/\/uenf.br\/ccta\/lfit\/wp-json\/wp\/v2\/media?parent=65"}],"curies":[{"name":"wp","href":"https:\/\/api.w.org\/{rel}","templated":true}]}}