{"id":67,"date":"2011-12-31T17:23:15","date_gmt":"2011-12-31T19:23:15","guid":{"rendered":"http:\/\/uenf.br\/ccta\/lfit\/?page_id=67"},"modified":"2012-02-24T16:47:25","modified_gmt":"2012-02-24T18:47:25","slug":"professor-dr-fabio-cunha-coelho","status":"publish","type":"page","link":"https:\/\/uenf.br\/ccta\/lfit\/funcionarios\/professor-dr-fabio-cunha-coelho\/","title":{"rendered":"Professor Dr. F\u00e1bio Cunha Coelho"},"content":{"rendered":"<p><a href=\"http:\/\/uenf.br\/ccta\/lfit\/files\/2011\/12\/F%C3%A1bio.jpg\"><img loading=\"lazy\" decoding=\"async\" class=\"alignleft size-thumbnail wp-image-91\" src=\"http:\/\/uenf.br\/ccta\/lfit\/files\/2011\/12\/F%C3%A1bio-150x150.jpg\" alt=\"\" width=\"150\" height=\"150\" \/><\/a> <a href=\"http:\/\/lattes.cnpq.br\/3884120258319213\" target=\"_blank\">Curr\u00edculo lattes<\/a><\/p>\n<p>Contato: fcoelho@uenf.br<br \/>\nTelefone: (22) 2739 7078<br \/>\nRamal interno: 97078<br \/>\nP4 Sala 115<\/p>\n<p>Professor Associado 1 do Laborat\u00f3rio de Fitotecnia da Universidade Estadual do Norte Fluminense (UENF). Possui gradua\u00e7\u00e3o em Agronomia (1987), Mestrado em Microbiologia Agr\u00edcola (1992) e Doutorado em Fitotecnia (1996) pela Universidade Federal de Vi\u00e7osa, al\u00e9m disto, \u00e9 Engenheiro de Seguran\u00e7a do Trabalho (2006) pela Universidade Federal Fluminense. Tem experi\u00eancia na \u00e1rea de Agronomia, com \u00eanfase em Agroecologia e Manejo e Tratos Culturais, atuando principalmente com as seguintes culturas: milho, feij\u00e3o, soja e cana-de-a\u00e7\u00facar.<\/p>\n<p>&nbsp;<\/p>\n<p><strong>Linhas de Pesquisa:<\/strong><\/p>\n<p>&#8211; Agroecologia;<br \/>\n&#8211; Manejo e tratos culturais;<br \/>\n&#8211; Fitotecnia de milho, feij\u00e3o, cana-de-a\u00e7\u00facar e soja.<\/p>\n<p>&nbsp;<\/p>\n<p><strong>Equipe:<\/strong><\/p>\n<p>&nbsp;<\/p>\n<p><strong>Estudantes de P\u00f3s-Gradua\u00e7\u00e3o em Produ\u00e7\u00e3o Vegetal:<\/strong><\/p>\n<p>&#8211; Anna Sanaz\u00e1rio de Oliveira (Doutorado)<\/p>\n<p>&#8211; \u00c1urea Izabel Aguiar Fonseca e Souza (Mestrado)<\/p>\n<p>&#8211; Cynthia Pires Guimar\u00e3es (Doutorado)<\/p>\n<p>&#8211; Ivana Fernandes da Silva (Mestrado)<\/p>\n<p>&#8211; Jocarla Ambrosim Crevelari (Mestrado)<\/p>\n<p>&#8211; Jos\u00e9 Francisco Lopes (Doutorado)<\/p>\n<p>&#8211; Marco Antonio P\u00edccolo (Doutorado)<\/p>\n<p>&#8211; Pedro Gon\u00e7alves Fernandes (Doutorado)<\/p>\n<p>&#8211; Priscila Pixoline Eiras (Doutorado)<\/p>\n<p>&#8211; Vanessa Pereira de Jesus (Doutorado)<\/p>\n<p>&#8211; Willy Pedro V. Prellwitz (Doutorado)<\/p>\n<p>&nbsp;<\/p>\n<p><strong>Estudantes de Inicia\u00e7\u00e3o Cient\u00edfica:<\/strong><\/p>\n<p>&#8211; J\u00e9ssica da Gl\u00f3ria Sant\u2019ana<\/p>\n<p>&#8211; Nath\u00e1lia Eccard Manh\u00e3es<\/p>\n<p>&nbsp;<\/p>\n<p><strong>Estudantes de Extens\u00e3o Universit\u00e1ria:<\/strong><\/p>\n<p>&#8211; Lucas Moretz-Shon David Vieira<\/p>\n<p>&#8211; Tatiane dos Santos Freitas<\/p>\n<p>&#8211; Janete Carla Felipe (Universidade aberta)<\/p>\n<p>&nbsp;<\/p>\n<p><strong>Estudantes de Monografia:<\/strong><\/p>\n<p>&#8211; J\u00e9ssica da Gl\u00f3ria Sant\u2019ana<\/p>\n<p>&#8211; Nath\u00e1lia Eccard Manh\u00e3es<\/p>\n","protected":false},"excerpt":{"rendered":"<p>Curr\u00edculo lattes Contato: fcoelho@uenf.br Telefone: (22) 2739 7078 Ramal interno: 97078 P4 Sala 115 Professor Associado 1 do Laborat\u00f3rio de&#8230;<\/p>\n","protected":false},"author":5,"featured_media":0,"parent":7,"menu_order":4,"comment_status":"closed","ping_status":"open","template":"","meta":{"footnotes":""},"class_list":["post-67","page","type-page","status-publish","hentry"],"_links":{"self":[{"href":"https:\/\/uenf.br\/ccta\/lfit\/wp-json\/wp\/v2\/pages\/67","targetHints":{"allow":["GET"]}}],"collection":[{"href":"https:\/\/uenf.br\/ccta\/lfit\/wp-json\/wp\/v2\/pages"}],"about":[{"href":"https:\/\/uenf.br\/ccta\/lfit\/wp-json\/wp\/v2\/types\/page"}],"author":[{"embeddable":true,"href":"https:\/\/uenf.br\/ccta\/lfit\/wp-json\/wp\/v2\/users\/5"}],"replies":[{"embeddable":true,"href":"https:\/\/uenf.br\/ccta\/lfit\/wp-json\/wp\/v2\/comments?post=67"}],"version-history":[{"count":0,"href":"https:\/\/uenf.br\/ccta\/lfit\/wp-json\/wp\/v2\/pages\/67\/revisions"}],"up":[{"embeddable":true,"href":"https:\/\/uenf.br\/ccta\/lfit\/wp-json\/wp\/v2\/pages\/7"}],"wp:attachment":[{"href":"https:\/\/uenf.br\/ccta\/lfit\/wp-json\/wp\/v2\/media?parent=67"}],"curies":[{"name":"wp","href":"https:\/\/api.w.org\/{rel}","templated":true}]}}