{"id":69,"date":"2011-12-31T17:24:02","date_gmt":"2011-12-31T19:24:02","guid":{"rendered":"http:\/\/uenf.br\/ccta\/lfit\/?page_id=69"},"modified":"2018-08-30T16:45:49","modified_gmt":"2018-08-30T19:45:49","slug":"professor-dr-henrique-duarte-vieira","status":"publish","type":"page","link":"https:\/\/uenf.br\/ccta\/lfit\/funcionarios\/professor-dr-henrique-duarte-vieira\/","title":{"rendered":"Professor Dr. Henrique Duarte Vieira"},"content":{"rendered":"<p><a href=\"http:\/\/uenf.br\/ccta\/lfit\/files\/2011\/12\/Henrique.jpg\"><img loading=\"lazy\" decoding=\"async\" class=\"alignleft size-thumbnail wp-image-94\" src=\"http:\/\/uenf.br\/ccta\/lfit\/files\/2011\/12\/Henrique-150x150.jpg\" alt=\"\" width=\"150\" height=\"150\" \/><\/a><\/p>\n<p>&nbsp;<\/p>\n<p>&nbsp;<\/p>\n<p>Contato: <a href=\"mailto:henrique@uenf.br\">henrique@uenf.br<\/a><\/p>\n<p>Telefone: (22) 2739 7095<\/p>\n<p>P4 Sala 113<\/p>\n<p><a href=\"http:\/\/lattes.cnpq.br\/8862011328139639\" target=\"_blank\" rel=\"noopener\">Curr\u00edculo lattes<\/a><\/p>\n<div><\/div>\n<div><\/div>\n<div><\/div>\n<div><\/div>\n<div>Bolsista de Produtividade do CNPq.<\/div>\n<div>Bolsista Cientista do Nosso Estado FAPERJ.<\/div>\n<div><\/div>\n<div>Engenheiro Agr\u00f4nomo pela UFV (1988), Mestrado em Ci\u00eancias Agr\u00e1rias (Fisiologia Vegetal) pela UFV (1991) e Doutorado em Produ\u00e7\u00e3o Vegetal pela UENF (1999).\u00a0Professor Associado I da UENF. Experi\u00eancia na \u00e1rea de Agronomia, com \u00eanfase em Manejo e Tratos Culturais, atuando principalmente nos seguintes temas: caf\u00e9, sementes, germina\u00e7\u00e3o, mudas e armazenamento.<\/div>\n<div><\/div>\n<p>&nbsp;<\/p>\n","protected":false},"excerpt":{"rendered":"<p>&nbsp; &nbsp; Contato: henrique@uenf.br Telefone: (22) 2739 7095 P4 Sala 113 Curr\u00edculo lattes Bolsista de Produtividade do CNPq. Bolsista Cientista&#8230;<\/p>\n","protected":false},"author":5,"featured_media":0,"parent":7,"menu_order":5,"comment_status":"closed","ping_status":"open","template":"","meta":{"footnotes":""},"class_list":["post-69","page","type-page","status-publish","hentry"],"_links":{"self":[{"href":"https:\/\/uenf.br\/ccta\/lfit\/wp-json\/wp\/v2\/pages\/69","targetHints":{"allow":["GET"]}}],"collection":[{"href":"https:\/\/uenf.br\/ccta\/lfit\/wp-json\/wp\/v2\/pages"}],"about":[{"href":"https:\/\/uenf.br\/ccta\/lfit\/wp-json\/wp\/v2\/types\/page"}],"author":[{"embeddable":true,"href":"https:\/\/uenf.br\/ccta\/lfit\/wp-json\/wp\/v2\/users\/5"}],"replies":[{"embeddable":true,"href":"https:\/\/uenf.br\/ccta\/lfit\/wp-json\/wp\/v2\/comments?post=69"}],"version-history":[{"count":0,"href":"https:\/\/uenf.br\/ccta\/lfit\/wp-json\/wp\/v2\/pages\/69\/revisions"}],"up":[{"embeddable":true,"href":"https:\/\/uenf.br\/ccta\/lfit\/wp-json\/wp\/v2\/pages\/7"}],"wp:attachment":[{"href":"https:\/\/uenf.br\/ccta\/lfit\/wp-json\/wp\/v2\/media?parent=69"}],"curies":[{"name":"wp","href":"https:\/\/api.w.org\/{rel}","templated":true}]}}