{"id":249,"date":"2026-04-15T14:31:58","date_gmt":"2026-04-15T14:31:58","guid":{"rendered":"https:\/\/uenf.br\/ccta\/lmgv\/?page_id=249"},"modified":"2026-04-15T15:09:42","modified_gmt":"2026-04-15T15:09:42","slug":"helaine-christine-cancela-ramos","status":"publish","type":"page","link":"https:\/\/uenf.br\/ccta\/lmgv\/en\/faculty\/helaine-christine-cancela-ramos\/","title":{"rendered":"Helaine Christine Cancela Ramos"},"content":{"rendered":"<p><img loading=\"lazy\" decoding=\"async\" class=\"aligncenter\" src=\"http:\/\/uenf.br\/ccta\/lmgv\/files\/2025\/01\/HELAINE-262x300.jpg\" width=\"314\" height=\"360\" \/><\/p>\n<p>&nbsp;<\/p>\n<p style=\"font-weight: 400;text-align: center\">Dr. Helaine holds a B.Sc. in Biological Sciences from the Universidade Estadual de Santa Cruz (2004), an M.Sc. in Genetics and Plant Breeding from the Universidade Estadual do Norte Fluminense Darcy Ribeiro (2007), and a Ph.D. in Genetics and Plant Breeding from the same institution (2010). She also completed a postdoctoral fellowship abroad (PDE), conducting research at the University of Illinois at Urbana-Champaign in partnership with UENF. She is currently an Associate Professor at UENF, a recipient of the Young Scientist of Our State fellowship from the Funda\u00e7\u00e3o de Amparo \u00e0 Pesquisa do Estado do Rio de Janeiro (FAPERJ \u2013 JCNE), a Level 2 Research Productivity Fellow of the Conselho Nacional de Desenvolvimento Cient\u00edfico e Tecnol\u00f3gico (CNPq \u2013 PQ2), and a member of the Coordinating Committee of the Graduate Program in Genetics and Plant Breeding at UENF. She is a co-author of twelve papaya cultivars developed by the UENF papaya breeding program. She has experience in Genetics, with an emphasis on Molecular Genetics, and her research primarily focuses on plant breeding, DNA markers, genetic mapping, molecular breeding, and genomic analysis, particularly in <em>Carica papaya<\/em> L. and <em>Cocos nucifera<\/em> L.<\/p>\n<p style=\"text-align: center\"><strong>Lattes CV: <\/strong><a href=\"http:\/\/lattes.cnpq.br\/8674975085488799\">http:\/\/lattes.cnpq.br\/8674975085488799<\/a><\/p>\n<p style=\"text-align: center\"><strong>E-mail:<\/strong> helainecr@uenf.br<\/p>\n","protected":false},"excerpt":{"rendered":"<p>&nbsp; Dr. Helaine holds a B.Sc. in Biological Sciences from the Universidade Estadual de Santa Cruz (2004), an M.Sc. in&#8230;<\/p>\n","protected":false},"author":40,"featured_media":0,"parent":228,"menu_order":0,"comment_status":"closed","ping_status":"closed","template":"","meta":{"footnotes":""},"class_list":["post-249","page","type-page","status-publish","hentry"],"_links":{"self":[{"href":"https:\/\/uenf.br\/ccta\/lmgv\/wp-json\/wp\/v2\/pages\/249","targetHints":{"allow":["GET"]}}],"collection":[{"href":"https:\/\/uenf.br\/ccta\/lmgv\/wp-json\/wp\/v2\/pages"}],"about":[{"href":"https:\/\/uenf.br\/ccta\/lmgv\/wp-json\/wp\/v2\/types\/page"}],"author":[{"embeddable":true,"href":"https:\/\/uenf.br\/ccta\/lmgv\/wp-json\/wp\/v2\/users\/40"}],"replies":[{"embeddable":true,"href":"https:\/\/uenf.br\/ccta\/lmgv\/wp-json\/wp\/v2\/comments?post=249"}],"version-history":[{"count":0,"href":"https:\/\/uenf.br\/ccta\/lmgv\/wp-json\/wp\/v2\/pages\/249\/revisions"}],"up":[{"embeddable":true,"href":"https:\/\/uenf.br\/ccta\/lmgv\/wp-json\/wp\/v2\/pages\/228"}],"wp:attachment":[{"href":"https:\/\/uenf.br\/ccta\/lmgv\/wp-json\/wp\/v2\/media?parent=249"}],"curies":[{"name":"wp","href":"https:\/\/api.w.org\/{rel}","templated":true}]}}