{"id":252,"date":"2026-04-15T14:33:36","date_gmt":"2026-04-15T14:33:36","guid":{"rendered":"https:\/\/uenf.br\/ccta\/lmgv\/?page_id=252"},"modified":"2026-04-15T14:35:59","modified_gmt":"2026-04-15T14:35:59","slug":"jurandi-goncalves-de-oliveira","status":"publish","type":"page","link":"https:\/\/uenf.br\/ccta\/lmgv\/en\/faculty\/jurandi-goncalves-de-oliveira\/","title":{"rendered":"Jurandi Gon\u00e7alves de Oliveira"},"content":{"rendered":"<p><a href=\"http:\/\/uenf.br\/ccta\/lmgv\/files\/2025\/01\/203.png\"><img loading=\"lazy\" decoding=\"async\" class=\"wp-image-34 aligncenter\" src=\"http:\/\/uenf.br\/ccta\/lmgv\/files\/2025\/01\/203.png\" alt=\"\" width=\"398\" height=\"398\" srcset=\"https:\/\/uenf.br\/ccta\/lmgv\/files\/2025\/01\/203.png 203w, https:\/\/uenf.br\/ccta\/lmgv\/files\/2025\/01\/203-150x150.png 150w\" sizes=\"auto, (max-width: 398px) 100vw, 398px\" \/><\/a><\/p>\n<div><span lang=\"EN-US\">Dr. Jurandi Gon\u00e7alves de Oliveira holds a B.Sc. in Agronomy (1992) and an M.Sc. in Plant Physiology (1995) from the Universidade Federal de Vi\u00e7osa (UFV), and a Ph.D. in Plant Biology (2000) from the Universidade Estadual de Campinas (UNICAMP). He completed a postdoctoral fellowship at the Department of Biochemistry of the University of California Riverside, USA (2015\u20132016). He is currently an Associate Professor I at the Universidade Estadual do Norte Fluminense Darcy Ribeiro (UENF). He served as Vice President of the Sociedade Brasileira de Fisiologia Vegetal during the 2010\u20132011 term. His expertise lies in Agronomy, with an emphasis on Plant Biochemistry and Physiology, focusing primarily on postharvest physiology, respiratory metabolism, and ethylene metabolism, particularly in studies related to the conservation and quality of plant-derived products. He has published approximately 80 articles in peer-reviewed journals and around 400 papers in national and international conference proceedings. He served as Guest Editor of <i>Frontiers in Plant Science<\/i> for the special issue entitled <i>\u201cAscorbate Metabolism in Plants\u201d<\/i> (2022). He is currently serving as Guest Editor of <i>Agronomy<\/i> for the forthcoming special issue <i>\u201cNew Trends in Molecular Biochemistry and Physiology of Pre- and Post-Harvest of Fruits and Vegetables\u201d<\/i>, scheduled for publication in April 2025. Over the past five years (since 2020), he has participated in 16 funded research projects, coordinating eight of them. He was awarded the Young Scientist of the State of Rio de Janeiro fellowship (2007\u20132009; 2009\u20132012), held a Research Productivity Fellowship from the Conselho Nacional de Desenvolvimento Cient\u00edfico e Tecnol\u00f3gico (CNPq) from 2007 to 2019, and was recognized as a Scientist of the State of Rio de Janeiro (2013\u20132019; 2024\u20132026). He is currently a recipient of a Research, Technological Development, and Innovative Extension Productivity Fellowship from UENF (2024\u2013present). He was a member of the team responsible for the release and registration of four new papaya hybrids with the Minist\u00e9rio da Agricultura, Pecu\u00e1ria e Abastecimento (MAPA) in 2014. In terms of human resource training, he has supervised five postdoctoral fellows; completed the supervision of 13 Ph.D. students (nine as advisor and four as co-advisor) and 23 M.Sc. students (18 as advisor and five as co-advisor); supervised 10 undergraduate thesis projects; as well as 13 undergraduate research fellows and 16 interns. He is currently supervising two Ph.D. students, two M.Sc. students, one undergraduate research fellow, three extension fellows, and one technical support fellow. He is accredited as a Level I faculty member in the Graduate Program in Plant Production (CCTA\/UENF), rated 5 by the Coordena\u00e7\u00e3o de Aperfei\u00e7oamento de Pessoal de N\u00edvel Superior (CAPES). He currently coordinates one undergraduate course (Agronomy program) and two graduate courses (Plant Production Program), in addition to contributing to other undergraduate and graduate courses. Since 2016, he has been a full member of the Coordinating Committee of the Graduate Program in Plant Production. He previously served as a full member of the Agronomy Undergraduate Program Coordination (2002\u20132009), the UENF Monitoring Committee (2004\u20132007), and the Coordinating Committee of the Graduate Program in Genetics and Plant Breeding (2005\u20132012). In extension activities, he has been offering two courses annually for smallholder farmers and homemakers during the UENF Rural Producer Week since 2005.<\/span><\/div>\n<p><strong>Lattes CV:<\/strong> <a href=\"http:\/\/lattes.cnpq.br\/8362310485767606\">http:\/\/lattes.cnpq.br\/8362310485767606<\/a><\/p>\n<p><strong>E-mail:<\/strong> jugo@uenf.br<\/p>\n","protected":false},"excerpt":{"rendered":"<p>Dr. Jurandi Gon\u00e7alves de Oliveira holds a B.Sc. in Agronomy (1992) and an M.Sc. in Plant Physiology (1995) from the&#8230;<\/p>\n","protected":false},"author":40,"featured_media":0,"parent":228,"menu_order":0,"comment_status":"closed","ping_status":"closed","template":"","meta":{"footnotes":""},"class_list":["post-252","page","type-page","status-publish","hentry"],"_links":{"self":[{"href":"https:\/\/uenf.br\/ccta\/lmgv\/wp-json\/wp\/v2\/pages\/252","targetHints":{"allow":["GET"]}}],"collection":[{"href":"https:\/\/uenf.br\/ccta\/lmgv\/wp-json\/wp\/v2\/pages"}],"about":[{"href":"https:\/\/uenf.br\/ccta\/lmgv\/wp-json\/wp\/v2\/types\/page"}],"author":[{"embeddable":true,"href":"https:\/\/uenf.br\/ccta\/lmgv\/wp-json\/wp\/v2\/users\/40"}],"replies":[{"embeddable":true,"href":"https:\/\/uenf.br\/ccta\/lmgv\/wp-json\/wp\/v2\/comments?post=252"}],"version-history":[{"count":0,"href":"https:\/\/uenf.br\/ccta\/lmgv\/wp-json\/wp\/v2\/pages\/252\/revisions"}],"up":[{"embeddable":true,"href":"https:\/\/uenf.br\/ccta\/lmgv\/wp-json\/wp\/v2\/pages\/228"}],"wp:attachment":[{"href":"https:\/\/uenf.br\/ccta\/lmgv\/wp-json\/wp\/v2\/media?parent=252"}],"curies":[{"name":"wp","href":"https:\/\/api.w.org\/{rel}","templated":true}]}}