{"id":264,"date":"2026-04-15T14:48:30","date_gmt":"2026-04-15T14:48:30","guid":{"rendered":"https:\/\/uenf.br\/ccta\/lmgv\/?page_id=264"},"modified":"2026-04-15T15:00:50","modified_gmt":"2026-04-15T15:00:50","slug":"tecnicos","status":"publish","type":"page","link":"https:\/\/uenf.br\/ccta\/lmgv\/tecnicos\/","title":{"rendered":"T\u00e9cnicos e Auxiliares"},"content":{"rendered":"<p><img decoding=\"async\" class=\"aligncenter\" src=\"https:\/\/servicosweb.cnpq.br\/wspessoa\/servletrecuperafoto?tipo=1&amp;id=K4798348Z0\" \/><\/p>\n<p style=\"text-align: center\"><strong>Claudia Pombo Sudr\u00e9<\/strong><\/p>\n<p>Possui gradua\u00e7\u00e3o em Engenharia agron\u00f4mica pela Universidade Federal Rural do Rio de Janeiro (UFRRJ), especializa\u00e7\u00e3o em Fitopatologia na UFRRJ, mestrado em Produ\u00e7\u00e3o Vegetal e doutorado em Gen\u00e9tica e Melhoramento de Plantas (2009), ambos pela Universidade Estadual do Norte Fluminense Darcy Ribeiro (UENF). Desde 1993 atua como t\u00e9cnica de apoio \u00e0 pesquisa na UENF e a partir de 2003 especificamente no Laborat\u00f3rio de Melhoramento Gen\u00e9tico Vegetal da UENF. Tem experi\u00eancia na \u00e1rea de Agronomia, com \u00eanfase em recursos gen\u00e9ticos vegetais, melhoramento gen\u00e9tico de oler\u00edcolas visando resist\u00eancia a doen\u00e7as e intera\u00e7\u00e3o planta-pat\u00f3geno. Auxilia na manuten\u00e7\u00e3o do banco de germoplasma do LMGV\/UENF.<\/p>\n<p>\u00c9 membro integrante do projeto de extens\u00e3o \u201cGest\u00e3o compartilhada de germoplasma: uma proposta pioneira entre UENF e os agricultores familiares do estado do Rio de Janeiro\u201d e do projeto \u201cIntera\u00e7\u00e3o Capsicum-Colletotrichum e inova\u00e7\u00e3o na agricultura: desenvolvimento de cultivares resistentes\u201d. Participou na obten\u00e7\u00e3o de nove cultivares de pimenta registradas no MAPA. Bolsista de Produtividade Desen. Tec. e Extens\u00e3o Inovadora 2.<\/p>\n<p style=\"font-weight: 400\">Lattes: <a href=\"http:\/\/lattes.cnpq.br\/4185732042391423\">http:\/\/lattes.cnpq.br\/4185732042391423<\/a><\/p>\n<p>&nbsp;<\/p>\n<p>&nbsp;<\/p>\n<p><a href=\"http:\/\/uenf.br\/ccta\/lmgv\/files\/2025\/04\/foto-marcela.jpg\"><img loading=\"lazy\" decoding=\"async\" class=\"aligncenter wp-image-155 size-medium\" src=\"http:\/\/uenf.br\/ccta\/lmgv\/files\/2025\/04\/foto-marcela-e1744719216343-275x300.jpg\" alt=\"\" width=\"275\" height=\"300\" srcset=\"https:\/\/uenf.br\/ccta\/lmgv\/files\/2025\/04\/foto-marcela-e1744719216343-275x300.jpg 275w, https:\/\/uenf.br\/ccta\/lmgv\/files\/2025\/04\/foto-marcela-e1744719216343.jpg 766w\" sizes=\"auto, (max-width: 275px) 100vw, 275px\" \/><\/a><\/p>\n<p style=\"text-align: center\"><strong>Marcela Santana Bastos Boechat<\/strong><\/p>\n<p>Possui gradua\u00e7\u00e3o em Ci\u00eancias Biol\u00f3gicas pela Universidade Estadual do Norte Fluminense Darcy Ribeiro, mestrado e doutorado em Bioci\u00eancias e Biotecnologia pela mesma institui\u00e7\u00e3o. Tem experi\u00eancia nas \u00e1reas de Imunologia, Gen\u00e9tica, Biologia Molecular, Biotecnologia e Gen\u00f4mica. \u00c9 respons\u00e1vel t\u00e9cnica do Setor de Gen\u00e9tica Aplicada do LMGV da Universidade Estadual do Norte Fluminense Darcy Ribeiro, onde atua em pesquisas voltadas \u00e0 aplica\u00e7\u00e3o de marcadores moleculares (SNP, SSR, SNAP, ISSR) em programas de melhoramento gen\u00e9tico vegetal.<\/p>\n<p>\u00c9 cofundadora da empresa Agro Innova An\u00e1lises Gen\u00e9tica (MF Papaya), a qual oferece solu\u00e7\u00f5es inovadoras para o agroneg\u00f3cio por meio de an\u00e1lises gen\u00e9ticas e \u00e9 pioneira no Brasil na sexagem molecular do mamoeiro. Em 2024, foi finalista do Pr\u00eamio Mulheres Inovadoras da FINEP, que reconhece empresas lideradas por mulheres com impacto relevante para a sociedade, conquistando o 3 lugar como a empresa mais inovadora da regi\u00e3o Sudeste.<\/p>\n<p style=\"font-weight: 400\">Lattes: <a href=\"http:\/\/lattes.cnpq.br\/4307801467404848\">http:\/\/lattes.cnpq.br\/4307801467404848<\/a><\/p>\n<p>&nbsp;<\/p>\n<p style=\"text-align: center\">\u00a0<strong>Jos\u00e9 Manoel de Miranda<\/strong><\/p>\n","protected":false},"excerpt":{"rendered":"<p>Claudia Pombo Sudr\u00e9 Possui gradua\u00e7\u00e3o em Engenharia agron\u00f4mica pela Universidade Federal Rural do Rio de Janeiro (UFRRJ), especializa\u00e7\u00e3o em Fitopatologia&#8230;<\/p>\n","protected":false},"author":40,"featured_media":0,"parent":0,"menu_order":5,"comment_status":"closed","ping_status":"closed","template":"","meta":{"footnotes":""},"class_list":["post-264","page","type-page","status-publish","hentry"],"_links":{"self":[{"href":"https:\/\/uenf.br\/ccta\/lmgv\/wp-json\/wp\/v2\/pages\/264","targetHints":{"allow":["GET"]}}],"collection":[{"href":"https:\/\/uenf.br\/ccta\/lmgv\/wp-json\/wp\/v2\/pages"}],"about":[{"href":"https:\/\/uenf.br\/ccta\/lmgv\/wp-json\/wp\/v2\/types\/page"}],"author":[{"embeddable":true,"href":"https:\/\/uenf.br\/ccta\/lmgv\/wp-json\/wp\/v2\/users\/40"}],"replies":[{"embeddable":true,"href":"https:\/\/uenf.br\/ccta\/lmgv\/wp-json\/wp\/v2\/comments?post=264"}],"version-history":[{"count":0,"href":"https:\/\/uenf.br\/ccta\/lmgv\/wp-json\/wp\/v2\/pages\/264\/revisions"}],"wp:attachment":[{"href":"https:\/\/uenf.br\/ccta\/lmgv\/wp-json\/wp\/v2\/media?parent=264"}],"curies":[{"name":"wp","href":"https:\/\/api.w.org\/{rel}","templated":true}]}}