{"id":49,"date":"2025-01-18T22:09:55","date_gmt":"2025-01-18T22:09:55","guid":{"rendered":"https:\/\/uenf.br\/ccta\/lmgv\/?page_id=49"},"modified":"2026-04-15T13:19:35","modified_gmt":"2026-04-15T13:19:35","slug":"alexandre-pio-viana","status":"publish","type":"page","link":"https:\/\/uenf.br\/ccta\/lmgv\/docentes\/alexandre-pio-viana\/","title":{"rendered":"Alexandre Pio Viana"},"content":{"rendered":"<table style=\"font-weight: 400;height: 1027px\" width=\"936\">\n<tbody>\n<tr>\n<td width=\"601\"><a href=\"http:\/\/uenf.br\/ccta\/lmgv\/files\/2025\/01\/ALEXANDRE-PIO-e1737213310367.jpg\"><img loading=\"lazy\" decoding=\"async\" class=\"wp-image-29 aligncenter\" src=\"http:\/\/uenf.br\/ccta\/lmgv\/files\/2025\/01\/ALEXANDRE-PIO-e1737213310367-300x300.jpg\" alt=\"\" width=\"387\" height=\"387\" srcset=\"https:\/\/uenf.br\/ccta\/lmgv\/files\/2025\/01\/ALEXANDRE-PIO-e1737213310367-300x300.jpg 300w, https:\/\/uenf.br\/ccta\/lmgv\/files\/2025\/01\/ALEXANDRE-PIO-e1737213310367-150x150.jpg 150w, https:\/\/uenf.br\/ccta\/lmgv\/files\/2025\/01\/ALEXANDRE-PIO-e1737213310367.jpg 486w\" sizes=\"auto, (max-width: 387px) 100vw, 387px\" \/><\/a><\/td>\n<\/tr>\n<tr>\n<td width=\"601\">Alexandre Pio Viana concluiu o doutorado em Produ\u00e7\u00e3o Vegetal pela Universidade Estadual do Norte Fluminense Darcy Ribeiro em 2001. Atualmente \u00e9 Professor Associado I da Universidade Estadual do Norte Fluminense Darcy Ribeiro, no Laborat\u00f3rio de Melhoramento Gen\u00e9tico Vegetal. Cientista Jovem do Estado do Rio de Janeiro, sendo bolsista entre 2007 a 2012. Cientista do Estado do Rio de Janeiro a partir de 2012. Participa de 8 projetos de pesquisa, sendo que coordena 6 destes. Atua na \u00e1rea de Agronomia, com \u00eanfase em Melhoramento Gen\u00e9tico de Plantas Perenes, Gen\u00e9tica Quantitativa, Estat\u00edstica Experimental, Marcadores de DNA. Atua em disciplinas de p\u00f3s-gradua\u00e7\u00e3o com foco em t\u00e9cnicas experimentais, modelagem mista, mapeamento de QTls e sele\u00e7\u00e3o gen\u00f4mica ampla. Coordena projetos de pesquisa nas \u00e1reas de melhoramento intrapopulacional do maracujazeiro azedo via sele\u00e7\u00e3o recorrente, melhoramento de maracujazeiro para resist\u00eancia ao Cowpea aphid-born mosaic virus \u2013 CABMV, via popula\u00e7\u00f5es segregantes, melhoramento da goiabeira para atributos agron\u00f4micos via estudos em popula\u00e7\u00f5es segregantes e procedimentos de sele\u00e7\u00e3o gen\u00f4mica, melhoramento da goiabeira para resist\u00eancia ao Meloidogyne enterolobii, com foco em desenvolvimento de popula\u00e7\u00f5es segregantes de Psidium, focando o controle do decl\u00ednio da goiabeira, melhoramento e manejo da videria em parceria com a University of California, com foco em popula\u00e7\u00f5es segregantes com resist\u00eancia ao m\u00edldio e O\u00eddio. Realizou P\u00f3s-doutorado na Universidade da California, em Davis (EUA), no Departamento de Viticultura e Enologia, na equipe do Prof. Andrew Walker com \u00eanfase em mapeamento de QTLs e sele\u00e7\u00e3o assistida por marcadores de DNA, para resist\u00eancia ao O\u00eddio, M\u00edldio e Pierce Disease e caracteres agron\u00f4micos em uvas de mesa e para a produ\u00e7\u00e3o de vinhos de alta qualidade.\u00c9 membro da diretoria da Sociedade Brasileira de Fruticultura 2019-2021. Foi Presidente da regional -RJ da Sociedade Brasileira de Melhoramento de Plantas \u2013 2017-2019. \u00c9 um dos idealizadores e fundadores da revista cient\u00edfica Functional Plant Breeding Journal, sendo seu atual editor executivo. \u00c9 editor de \u00e1rea da Revista Acta Amaz\u00f4nica. \u00c9 fundador e Diretor Geral da Spin-off Rio Norte Sementes Ltda. Coordenador do Programa de P\u00f3s-Gradua\u00e7\u00e3o em Gen\u00e9tica e Melhoramento de Plantas da UENF entre 2021-2023. \u00c9 editor chefe da Revista Brasileira de Fruticultura. \u00c9 Diretor do Centro de Ci\u00eancias e Tecnologias Agropecu\u00e1rias da UENF \u2013 CCTA.<\/p>\n<p><strong>Lattes:<\/strong> <a href=\"http:\/\/lattes.cnpq.br\/1925868226636086\">http:\/\/lattes.cnpq.br\/1925868226636086<\/a><\/p>\n<p><strong>E-mail:<\/strong> pirapora@uenf.br<\/td>\n<\/tr>\n<\/tbody>\n<\/table>\n","protected":false},"excerpt":{"rendered":"<p>Alexandre Pio Viana concluiu o doutorado em Produ\u00e7\u00e3o Vegetal pela Universidade Estadual do Norte Fluminense Darcy Ribeiro em 2001. Atualmente&#8230;<\/p>\n","protected":false},"author":27,"featured_media":0,"parent":219,"menu_order":0,"comment_status":"closed","ping_status":"closed","template":"","meta":{"footnotes":""},"class_list":["post-49","page","type-page","status-publish","hentry"],"_links":{"self":[{"href":"https:\/\/uenf.br\/ccta\/lmgv\/wp-json\/wp\/v2\/pages\/49","targetHints":{"allow":["GET"]}}],"collection":[{"href":"https:\/\/uenf.br\/ccta\/lmgv\/wp-json\/wp\/v2\/pages"}],"about":[{"href":"https:\/\/uenf.br\/ccta\/lmgv\/wp-json\/wp\/v2\/types\/page"}],"author":[{"embeddable":true,"href":"https:\/\/uenf.br\/ccta\/lmgv\/wp-json\/wp\/v2\/users\/27"}],"replies":[{"embeddable":true,"href":"https:\/\/uenf.br\/ccta\/lmgv\/wp-json\/wp\/v2\/comments?post=49"}],"version-history":[{"count":0,"href":"https:\/\/uenf.br\/ccta\/lmgv\/wp-json\/wp\/v2\/pages\/49\/revisions"}],"up":[{"embeddable":true,"href":"https:\/\/uenf.br\/ccta\/lmgv\/wp-json\/wp\/v2\/pages\/219"}],"wp:attachment":[{"href":"https:\/\/uenf.br\/ccta\/lmgv\/wp-json\/wp\/v2\/media?parent=49"}],"curies":[{"name":"wp","href":"https:\/\/api.w.org\/{rel}","templated":true}]}}