{"id":53,"date":"2025-01-18T22:14:47","date_gmt":"2025-01-18T22:14:47","guid":{"rendered":"https:\/\/uenf.br\/ccta\/lmgv\/?page_id=53"},"modified":"2026-04-15T13:09:27","modified_gmt":"2026-04-15T13:09:27","slug":"antonio-teixeira-do-amaral-junior","status":"publish","type":"page","link":"https:\/\/uenf.br\/ccta\/lmgv\/docentes\/antonio-teixeira-do-amaral-junior\/","title":{"rendered":"Ant\u00f4nio Teixeira do Amaral J\u00fanior"},"content":{"rendered":"<p><a href=\"http:\/\/uenf.br\/ccta\/lmgv\/files\/2025\/01\/servletrecuperafoto.jpeg\"><img loading=\"lazy\" decoding=\"async\" class=\"wp-image-27 aligncenter\" src=\"http:\/\/uenf.br\/ccta\/lmgv\/files\/2025\/01\/servletrecuperafoto-300x278.jpeg\" alt=\"\" width=\"384\" height=\"355\" srcset=\"https:\/\/uenf.br\/ccta\/lmgv\/files\/2025\/01\/servletrecuperafoto-300x278.jpeg 300w, https:\/\/uenf.br\/ccta\/lmgv\/files\/2025\/01\/servletrecuperafoto-768x712.jpeg 768w, https:\/\/uenf.br\/ccta\/lmgv\/files\/2025\/01\/servletrecuperafoto.jpeg 898w\" sizes=\"auto, (max-width: 384px) 100vw, 384px\" \/><\/a><\/p>\n<p>Bolsista em produtividade cient\u00edfica do CNPq desde 2003 (n\u00edvel 1A desde 2014), atua no melhoramento de milho-pipoca, sobretudo em pesquisas associadas a estresses abi\u00f3ticos, em intera\u00e7\u00e3o com pesquisadores do pa\u00eds e do exterior (EUA, Espanha, Austr\u00e1lia e Chile). Possui 22 cultivares de milho-pipoca registradas no Minist\u00e9rio da Agricultura, Pecu\u00e1ria e Abastecimento (MAPA), em recomenda\u00e7\u00e3o aos agricultores, al\u00e9m de duas em fase de registro. Titulou 34 mestres e 32 doutores, que se encontram engajados na iniciativa p\u00fablica ou privada do Brasil, do Canad\u00e1, da Argentina e da Dinamarca. Supervisionou 23 p\u00f3s-doutorandos e atualmente supervisiona tr\u00eas. Coordena quatro projetos de pesquisa e coordenou 4 projetos de extens\u00e3o universit\u00e1ria. Publicou 338 artigos completos em peri\u00f3dicos especializados. \u00c9 Cientista do Nosso Estado pela FAPERJ desde o lan\u00e7amento da primeira vers\u00e3o do edital, em 2004. \u00c9 consultor ad hoc de revistas nacionais e internacionais. Entre 2000 e 2007 Coordenou o Programa de P\u00f3s-Gradua\u00e7\u00e3o em Produ\u00e7\u00e3o Vegetal da UENF. Atuou na concep\u00e7\u00e3o do Programa de P\u00f3s-Gradua\u00e7\u00e3o em Gen\u00e9tica e Melhoramento de Plantas da UENF. Atuou como Secret\u00e1rio Geral da UENF de julho de 2007 a janeiro de 2011. Participou da Diretoria da Sociedade Brasileira de Melhoramento de Plantas (SBMP) no bi\u00eanio 2009-2011. Foi Pr\u00f3-Reitor de Pesquisa e P\u00f3s-Gradua\u00e7\u00e3o da UENF de fevereiro de 2011 a junho de 2015. Foi Coordenador da \u00c1rea de Ci\u00eancias Agr\u00e1rias da FAPERJ de agosto de 2012 a julho de 2018. Em 2017 participou na CAPES<\/p>\n<p>da avalia\u00e7\u00e3o da quadrienal 2013-2016 dos Programas P\u00f3s-Gradua\u00e7\u00e3o da \u00e1rea de Biotecnologia. Em 2019 recebeu Men\u00e7\u00e3o Honrosa da Sociedade Brasileira de Melhoramento de Plantas na Categoria Pr\u00eamio Alcides Carvalho, com apresenta\u00e7\u00e3o de trabalho de Doutorando. Atuou como Presidente da Regional do Estado do Rio de Janeiro da Sociedade Brasileira de Melhoramento de Plantas (SBMP) de 2019 a 2021. Em 2023 recebeu Destaque no Pr\u00eamio Melhoramento para Leigos e Men\u00e7\u00e3o Honrosa na Categoria Pr\u00eamio Clibas Vieira da Sociedade Brasileira de Melhoramento de Plantas, com apresenta\u00e7\u00e3o de trabalhos em orienta\u00e7\u00e3o no 12o Congresso Brasileiro de Melhoramento de Plantas. Atualmente \u00e9 Chefe do Laborat\u00f3rio de Melhoramento Gen\u00e9tico Vegetal (LMGV) da UENF e Representante dos Chefes de Laborat\u00f3rio do Centro de Ci\u00eancias e Tecnologias Agropecu\u00e1rias (CCTA) no Conselho Universit\u00e1rio (CONSUNI) da UENF. \u00c9 Editor Convidado das revistas cient\u00edficas Frontiers in Plant Science e Plants. \u00c9 Editor Senior e um dos fundadores da revista cient\u00edfica Functional Plant Breeding Journal.<\/p>\n","protected":false},"excerpt":{"rendered":"<p>Bolsista em produtividade cient\u00edfica do CNPq desde 2003 (n\u00edvel 1A desde 2014), atua no melhoramento de milho-pipoca, sobretudo em pesquisas&#8230;<\/p>\n","protected":false},"author":27,"featured_media":0,"parent":219,"menu_order":0,"comment_status":"closed","ping_status":"closed","template":"","meta":{"footnotes":""},"class_list":["post-53","page","type-page","status-publish","hentry"],"_links":{"self":[{"href":"https:\/\/uenf.br\/ccta\/lmgv\/wp-json\/wp\/v2\/pages\/53","targetHints":{"allow":["GET"]}}],"collection":[{"href":"https:\/\/uenf.br\/ccta\/lmgv\/wp-json\/wp\/v2\/pages"}],"about":[{"href":"https:\/\/uenf.br\/ccta\/lmgv\/wp-json\/wp\/v2\/types\/page"}],"author":[{"embeddable":true,"href":"https:\/\/uenf.br\/ccta\/lmgv\/wp-json\/wp\/v2\/users\/27"}],"replies":[{"embeddable":true,"href":"https:\/\/uenf.br\/ccta\/lmgv\/wp-json\/wp\/v2\/comments?post=53"}],"version-history":[{"count":0,"href":"https:\/\/uenf.br\/ccta\/lmgv\/wp-json\/wp\/v2\/pages\/53\/revisions"}],"up":[{"embeddable":true,"href":"https:\/\/uenf.br\/ccta\/lmgv\/wp-json\/wp\/v2\/pages\/219"}],"wp:attachment":[{"href":"https:\/\/uenf.br\/ccta\/lmgv\/wp-json\/wp\/v2\/media?parent=53"}],"curies":[{"name":"wp","href":"https:\/\/api.w.org\/{rel}","templated":true}]}}