{"id":57,"date":"2025-01-18T22:27:51","date_gmt":"2025-01-18T22:27:51","guid":{"rendered":"https:\/\/uenf.br\/ccta\/lmgv\/?page_id=57"},"modified":"2026-04-15T13:30:56","modified_gmt":"2026-04-15T13:30:56","slug":"eliemar-campostrini","status":"publish","type":"page","link":"https:\/\/uenf.br\/ccta\/lmgv\/docentes\/eliemar-campostrini\/","title":{"rendered":"Eliemar Campostrini"},"content":{"rendered":"<table style=\"font-weight: 400;height: 1209px\" width=\"837\">\n<tbody>\n<tr>\n<td width=\"601\"><a href=\"http:\/\/uenf.br\/ccta\/lmgv\/files\/2025\/01\/ELIEMAR-scaled-e1737213194547.jpg\"><img loading=\"lazy\" decoding=\"async\" class=\"wp-image-28 aligncenter\" src=\"http:\/\/uenf.br\/ccta\/lmgv\/files\/2025\/01\/ELIEMAR-scaled-e1737213194547-300x300.jpg\" alt=\"\" width=\"351\" height=\"351\" srcset=\"https:\/\/uenf.br\/ccta\/lmgv\/files\/2025\/01\/ELIEMAR-scaled-e1737213194547-300x300.jpg 300w, https:\/\/uenf.br\/ccta\/lmgv\/files\/2025\/01\/ELIEMAR-scaled-e1737213194547-1024x1024.jpg 1024w, https:\/\/uenf.br\/ccta\/lmgv\/files\/2025\/01\/ELIEMAR-scaled-e1737213194547-150x150.jpg 150w, https:\/\/uenf.br\/ccta\/lmgv\/files\/2025\/01\/ELIEMAR-scaled-e1737213194547-768x768.jpg 768w, https:\/\/uenf.br\/ccta\/lmgv\/files\/2025\/01\/ELIEMAR-scaled-e1737213194547-600x600.jpg 600w, https:\/\/uenf.br\/ccta\/lmgv\/files\/2025\/01\/ELIEMAR-scaled-e1737213194547.jpg 1348w\" sizes=\"auto, (max-width: 351px) 100vw, 351px\" \/><\/a><\/td>\n<\/tr>\n<tr>\n<td width=\"601\">\n<p data-start=\"0\" data-end=\"868\">Dr. Campostrini \u00e9 Professor de Fisiologia\/Ecofisiologia de Culturas Tropicais e Subtropicais na Universidade Estadual do Norte Fluminense, em Campos dos Goytacazes, RJ, Brasil. Nos \u00faltimos anos, tem colaborado com a EMBRAPA, INCAPER\/ES, TKI\/NovaSource (EUA), Universidade Federal do Esp\u00edrito Santo, Universidade de Almer\u00eda (Espanha), Universit\u00e0 Cattolica del Sacro Cuore (It\u00e1lia), Instituto de Investigaci\u00f3n y Formaci\u00f3n Agraria y Pesquera (IFAPA, Espanha), Universidade de Lisboa (PlantStress Biodiversity Lab, Unidade de Liga\u00e7\u00e3o entre Paisagem, Ambiente, Agricultura e Alimentos), Instituto Can\u00e1rio de Investigaciones Agrarias (ICIA, Ilhas Can\u00e1rias, Espanha), Tropical Research and Education Center (Universidade da Fl\u00f3rida) e Columbia University (EUA). Atualmente, \u00e9 autor ou coautor de 162 publica\u00e7\u00f5es em peri\u00f3dicos internacionais revisados por pares.<\/p>\n<p data-start=\"0\" data-end=\"868\">Dr. Eliemar e seus colaboradores t\u00eam trabalhado com a Fisiologia Ambiental de Culturas Tropicais e Subtropicais, com \u00eanfase em mam\u00e3o, maize, caf\u00e9, abacaxi, l\u00fapulo e videira; o principal objetivo \u00e9 aprofundar a compreens\u00e3o dos efeitos dos fatores ambientais (\u00e1gua, temperatura do ar, luz e nutrientes minerais) sobre os processos fisiol\u00f3gicos [trocas gasosas (fotoss\u00edntese, respira\u00e7\u00e3o e transpira\u00e7\u00e3o), fluxo de seiva, pigmentos fotossint\u00e9ticos e efici\u00eancia fotoqu\u00edmica] em plantas de mam\u00e3o, caf\u00e9, l\u00fapulo, maize, abacaxi e videira; compreender esses efeitos \u00e9 fundamental para minimizar os impactos delet\u00e9rios de condi\u00e7\u00f5es ambientais supra\u00f3timas e sub\u00f3timas e para o manejo das culturas visando aumento de produtividade; projetos atuais:<\/p>\n<p data-start=\"0\" data-end=\"868\">Projeto 1: Suspens\u00e3o de filme de part\u00edculas de caulim processado como mitigador da radia\u00e7\u00e3o UV, alta temperatura foliar e estresse h\u00eddrico em plantas de caf\u00e9 e esp\u00e9cies da Mata Atl\u00e2ntica; Projeto 2: Secamento parcial da zona radicular: respira\u00e7\u00e3o no escuro e na luz, fotoss\u00edntese, efici\u00eancia fotoqu\u00edmica e rela\u00e7\u00f5es h\u00eddricas em gen\u00f3tipos de l\u00fapulo e caf\u00e9; Projeto 3: Caracter\u00edsticas fisiol\u00f3gicas e crescimento de gen\u00f3tipos elite de mudas de mam\u00e3o sob suplementa\u00e7\u00e3o de luz LED; Projeto 4: ; Projeto 5: Aplica\u00e7\u00e3o de biorreator em larga escala em abacaxi, l\u00fapulo e mam\u00e3o: micropropaga\u00e7\u00e3o fotoautotr\u00f3fica e fotomixotr\u00f3fica; Projeto 6: Uso potencial da fluoresc\u00eancia da clorofila, infravermelho pr\u00f3ximo (NIR) e imagem t\u00e9rmica no infravermelho para identifica\u00e7\u00e3o do sexo em plantas de mam\u00e3o; Projeto 7: Temperatura supra\u00f3tima e radia\u00e7\u00e3o UV em mam\u00e3o, l\u00fapulo e caf\u00e9: efeitos sobre a capacidade fotossint\u00e9tica e o crescimento; Projeto 8: Melhoramento de popcorn para ambientes com limita\u00e7\u00e3o h\u00eddrica: caracter\u00edsticas fisiol\u00f3gicas e produtividade; Projeto 9: Secagem e reidrata\u00e7\u00e3o do solo em Coffea canephora Pierre ex A. Froehner: caracter\u00edsticas ecofisiol\u00f3gicas em n\u00edvel foliar e de dossel associadas \u00e0 mem\u00f3ria de estresse h\u00eddrico, express\u00e3o g\u00eanica, capacidade fotossint\u00e9tica e crescimento.<\/p>\n<p><strong>CV Lattes : <\/strong><a href=\"http:\/\/lattes.cnpq.br\/6703563341959731\">http:\/\/lattes.cnpq.br\/6703563341959731<\/a><\/p>\n<p><strong>E-mail:<\/strong> campostrini@uenf.br<\/td>\n<\/tr>\n<\/tbody>\n<\/table>\n","protected":false},"excerpt":{"rendered":"<p>Dr. Campostrini \u00e9 Professor de Fisiologia\/Ecofisiologia de Culturas Tropicais e Subtropicais na Universidade Estadual do Norte Fluminense, em Campos dos&#8230;<\/p>\n","protected":false},"author":27,"featured_media":0,"parent":219,"menu_order":0,"comment_status":"closed","ping_status":"closed","template":"","meta":{"footnotes":""},"class_list":["post-57","page","type-page","status-publish","hentry"],"_links":{"self":[{"href":"https:\/\/uenf.br\/ccta\/lmgv\/wp-json\/wp\/v2\/pages\/57","targetHints":{"allow":["GET"]}}],"collection":[{"href":"https:\/\/uenf.br\/ccta\/lmgv\/wp-json\/wp\/v2\/pages"}],"about":[{"href":"https:\/\/uenf.br\/ccta\/lmgv\/wp-json\/wp\/v2\/types\/page"}],"author":[{"embeddable":true,"href":"https:\/\/uenf.br\/ccta\/lmgv\/wp-json\/wp\/v2\/users\/27"}],"replies":[{"embeddable":true,"href":"https:\/\/uenf.br\/ccta\/lmgv\/wp-json\/wp\/v2\/comments?post=57"}],"version-history":[{"count":0,"href":"https:\/\/uenf.br\/ccta\/lmgv\/wp-json\/wp\/v2\/pages\/57\/revisions"}],"up":[{"embeddable":true,"href":"https:\/\/uenf.br\/ccta\/lmgv\/wp-json\/wp\/v2\/pages\/219"}],"wp:attachment":[{"href":"https:\/\/uenf.br\/ccta\/lmgv\/wp-json\/wp\/v2\/media?parent=57"}],"curies":[{"name":"wp","href":"https:\/\/api.w.org\/{rel}","templated":true}]}}