{"id":60,"date":"2025-01-18T22:32:25","date_gmt":"2025-01-18T22:32:25","guid":{"rendered":"https:\/\/uenf.br\/ccta\/lmgv\/?page_id=60"},"modified":"2026-04-15T14:32:56","modified_gmt":"2026-04-15T14:32:56","slug":"helaine-christine-cancela-ramos","status":"publish","type":"page","link":"https:\/\/uenf.br\/ccta\/lmgv\/docentes\/helaine-christine-cancela-ramos\/","title":{"rendered":"Helaine Christine Cancela Ramos"},"content":{"rendered":"<table style=\"font-weight: 400;height: 462px\" width=\"757\">\n<tbody>\n<tr>\n<td width=\"601\"><a href=\"http:\/\/uenf.br\/ccta\/lmgv\/files\/2025\/01\/HELAINE.jpg\"><img loading=\"lazy\" decoding=\"async\" class=\" wp-image-31 aligncenter\" src=\"http:\/\/uenf.br\/ccta\/lmgv\/files\/2025\/01\/HELAINE-262x300.jpg\" alt=\"\" width=\"299\" height=\"342\" \/><\/a><\/td>\n<\/tr>\n<tr>\n<td width=\"601\">Possui gradua\u00e7\u00e3o em Ci\u00eancias Biol\u00f3gicas pela Universidade Estadual de Santa Cruz (2004), mestrado em Gen\u00e9tica e Melhoramento de Plantas pela Universidade Estadual do Norte Fluminense Darcy Ribeiro (2007), doutorado em Gen\u00e9tica e Melhoramento de Plantas tamb\u00e9m pela Universidade Estadual do Norte Fluminense Darcy Ribeiro (2010) e p\u00f3s-doutorado no exterior (PDE) , com pesquisa desenvolvida na University of Illinois at Urbana-Champaign em parceria com a Universidade Estadual do Norte Fluminense Darcy Ribeiro. Atualmente ocupa o cargo de Professor Associado da Universidade Estadual do Norte Fluminense Darcy Ribeiro, \u00e9 Bolsista Jovem Cientista do Nosso Estado da FAPERJ (JCNE), Pesquisador N\u00edvel 2 do CNPq (PQ2) e Membro da Comiss\u00e3o Coordenadora do Programa de P\u00f3s-gradua\u00e7\u00e3o em Gen\u00e9tica e Melhoramento de Plantas da UENF. \u00c9 coautora de doze cultivares de mam\u00e3o desenvolvidas pela equipe de melhoramento do mamoeiro da UENF. Tem experi\u00eancia na \u00e1rea de Gen\u00e9tica, com \u00eanfase em Gen\u00e9tica Molecular, atuando principalmente nos seguintes temas: melhoramento gen\u00e9tico vegetal, marcadores de DNA, mapeamento gen\u00e9tico, melhoramento molecular, an\u00e1lise gen\u00f4mica,\u00a0<em>Carica papaya<\/em>\u00a0L. e\u00a0<em>Cocos nucifera<\/em>\u00a0L.<\/p>\n<p><strong>CV Lattes : <\/strong><a href=\"http:\/\/lattes.cnpq.br\/8674975085488799\">http:\/\/lattes.cnpq.br\/8674975085488799<\/a><\/p>\n<p><strong>E-mail:<\/strong> helainecr@uenf.br<\/td>\n<\/tr>\n<\/tbody>\n<\/table>\n","protected":false},"excerpt":{"rendered":"<p>Possui gradua\u00e7\u00e3o em Ci\u00eancias Biol\u00f3gicas pela Universidade Estadual de Santa Cruz (2004), mestrado em Gen\u00e9tica e Melhoramento de Plantas pela&#8230;<\/p>\n","protected":false},"author":27,"featured_media":0,"parent":219,"menu_order":0,"comment_status":"closed","ping_status":"closed","template":"","meta":{"footnotes":""},"class_list":["post-60","page","type-page","status-publish","hentry"],"_links":{"self":[{"href":"https:\/\/uenf.br\/ccta\/lmgv\/wp-json\/wp\/v2\/pages\/60","targetHints":{"allow":["GET"]}}],"collection":[{"href":"https:\/\/uenf.br\/ccta\/lmgv\/wp-json\/wp\/v2\/pages"}],"about":[{"href":"https:\/\/uenf.br\/ccta\/lmgv\/wp-json\/wp\/v2\/types\/page"}],"author":[{"embeddable":true,"href":"https:\/\/uenf.br\/ccta\/lmgv\/wp-json\/wp\/v2\/users\/27"}],"replies":[{"embeddable":true,"href":"https:\/\/uenf.br\/ccta\/lmgv\/wp-json\/wp\/v2\/comments?post=60"}],"version-history":[{"count":0,"href":"https:\/\/uenf.br\/ccta\/lmgv\/wp-json\/wp\/v2\/pages\/60\/revisions"}],"up":[{"embeddable":true,"href":"https:\/\/uenf.br\/ccta\/lmgv\/wp-json\/wp\/v2\/pages\/219"}],"wp:attachment":[{"href":"https:\/\/uenf.br\/ccta\/lmgv\/wp-json\/wp\/v2\/media?parent=60"}],"curies":[{"name":"wp","href":"https:\/\/api.w.org\/{rel}","templated":true}]}}