{"id":64,"date":"2025-01-18T22:37:20","date_gmt":"2025-01-18T22:37:20","guid":{"rendered":"https:\/\/uenf.br\/ccta\/lmgv\/?page_id=64"},"modified":"2026-04-15T14:36:27","modified_gmt":"2026-04-15T14:36:27","slug":"jurandi-goncalves-de-oliveira","status":"publish","type":"page","link":"https:\/\/uenf.br\/ccta\/lmgv\/docentes\/jurandi-goncalves-de-oliveira\/","title":{"rendered":"Jurandi Gon\u00e7alves de Oliveira"},"content":{"rendered":"<table style=\"font-weight: 400;height: 879px\" width=\"884\">\n<tbody>\n<tr>\n<td width=\"601\"><a href=\"http:\/\/uenf.br\/ccta\/lmgv\/files\/2025\/01\/203.png\"><img loading=\"lazy\" decoding=\"async\" class=\"wp-image-34 aligncenter\" src=\"http:\/\/uenf.br\/ccta\/lmgv\/files\/2025\/01\/203.png\" alt=\"\" width=\"398\" height=\"398\" srcset=\"https:\/\/uenf.br\/ccta\/lmgv\/files\/2025\/01\/203.png 203w, https:\/\/uenf.br\/ccta\/lmgv\/files\/2025\/01\/203-150x150.png 150w\" sizes=\"auto, (max-width: 398px) 100vw, 398px\" \/><\/a><\/td>\n<\/tr>\n<tr>\n<td width=\"601\">\n<div>\n<p>Jurandi Gon\u00e7alves de Oliveira possui gradua\u00e7\u00e3o em Agronomia (1992) e mestrado em Fisiologia Vegetal (1995) pela Universidade Federal de Vi\u00e7osa (UFV), doutorado em Biologia Vegetal (2000) pela Universidade Estadual de Campinas (UNICAMP) e P\u00f3s-doutoramento no Department of Biochemistry of the University of California Riverside nos EUA (2015-2016). Atualmente \u00e9 Professor Associado I da Universidade Estadual do Norte Fluminense Darcy Ribeiro. Foi vice-presidente da Sociedade Brasileira de Fisiologia Vegetal durante o bi\u00eanio 2010-2011. Tem experi\u00eancia na \u00e1rea de Agronomia, com \u00eanfase em Bioqu\u00edmica e Fisiologia Vegetal, atuando principalmente nos seguintes temas: fisiologia p\u00f3s-colheita, metabolismo respirat\u00f3rio e do etileno, com enfase nos estudos de conserva\u00e7\u00e3o e qualidade de produtos de origem vegetal. Publicou cerca de 80 artigos em peri\u00f3dicos especializados e cerca de 400 trabalhos em anais de eventos nacionais e internacionais. Editor convidado do peri\u00f3dico FRONTIERS IN PLANT SCIENCE do volume especial intitulado \u201cASCORBATE METABOLISM IN PLANTS\u201d publicado em 2022. Atualmente \u00e9 Editor convidado do peri\u00f3dico AGRONOMY para edi\u00e7\u00e3o do volume especial intitulado \u201cNEW TRENDS IN MOLECULAR BIOCHEMISTRY AND PHYSIOLOGY OF PRE- AND POST-HARVEST OF FRUITS AND VEGETABLES\u201d previsto para ser publicado em abril de 2025. Nos \u00faltimos 5 anos (desde 2020) participa(ou) de 16 projetos de pesquisa com financiamento, sendo que coordenou 8 destes. Bolsista JOVEM CIENTISTA DO ESTADO DO RIO DE JANEIRO \u2013 no per\u00edodo 2007-2009 e 2009-2012. Bolsista de Produtividade do CNPq de 2007 a 2019 e CIENTISTA DO ESTADO DO RIO DE JANEIRO de 2013 a 2019 e 2024 a 2026. Bolsista de Produtividade em Pesquisa, Desenvolvimento Tecnol\u00f3gico e Extens\u00e3o Inovadora da UENF 2024 em atividade. Membro da equipe respons\u00e1vel pelo lan\u00e7amento e registro de 4 novos h\u00edbridos de mamoeiro, junto ao Minist\u00e9rio da Agricultura, Pecu\u00e1ria e Abastecimento \u2013 MAPA no ano de 2014. Na forma\u00e7\u00e3o de recursos humanos j\u00e1 supervisionou 5 bolsistas de P\u00f3s-doutoramento, concluiu a orienta\u00e7\u00e3o de 13 Doutores (9 como orientador e 4 como co-orientador), 23 Mestres (18 como Orientador e 5 como Co-orientador), 10 Monografias de Conclus\u00e3o de Curso (8 como Orientador e 2 como Co-orientador), al\u00e9m de ter Orientado 13 Bolsistas de Inicia\u00e7\u00e3o Cient\u00edfica e outros 16 Estudantes Estagi\u00e1rios. Atualmente orienta 2 estudantes de Doutorado, 2 estudantes de Mestrado, 1 bolsista de Inicia\u00e7\u00e3o Cient\u00edfica e 3 bolsistas de Extens\u00e3o, al\u00e9m de 1 Bolsista de Apoio T\u00e9cnico. \u00c9 credenciado, n\u00edvel I, no curso de P\u00f3s-gradua\u00e7\u00e3o em Produ\u00e7\u00e3o Vegetal (CCTA\/UENF) com conceito 5 CAPES. Atualmente coordena 1 disciplina na Gradua\u00e7\u00e3o (curso de Agronomia) e 2 na P\u00f3s-gradua\u00e7\u00e3o (Programa de Produ\u00e7\u00e3o Vegetal), al\u00e9m de colaborar em outras duas disciplinas para a Gradua\u00e7\u00e3o e para a P\u00f3s-gradua\u00e7\u00e3o. Desde 2016 \u00e9 membro efetivo da Comiss\u00e3o Coordenadora do Curso de P\u00f3s-gradua\u00e7\u00e3o em Produ\u00e7\u00e3o Vegetal. Foi membro efetivo da Coordena\u00e7\u00e3o do Curso de Gradua\u00e7\u00e3o em Agronomia, de 2002 a 2009; foi membro efetivo da Comiss\u00e3o de Monitoria da UENF de 2004 a 2007. Foi membro efetivo da Comiss\u00e3o Coordenadora do Curso de P\u00f3s-gradua\u00e7\u00e3o em Gen\u00e9tica e Melhoramento de Plantas de 2005 a 2012. No \u00e2mbito da extens\u00e3o oferece cursos (dois) para pequenos produtores e donas-de-casa durante a Semana do Produtor Rural da UENF, desde 2005.<\/p>\n<\/div>\n<p><strong>CV Lattes:<\/strong> <a href=\"http:\/\/lattes.cnpq.br\/8362310485767606\">http:\/\/lattes.cnpq.br\/8362310485767606<\/a><\/p>\n<p><strong>E-mail:<\/strong> jugo@uenf.br<\/td>\n<\/tr>\n<\/tbody>\n<\/table>\n","protected":false},"excerpt":{"rendered":"<p>Jurandi Gon\u00e7alves de Oliveira possui gradua\u00e7\u00e3o em Agronomia (1992) e mestrado em Fisiologia Vegetal (1995) pela Universidade Federal de Vi\u00e7osa&#8230;<\/p>\n","protected":false},"author":27,"featured_media":0,"parent":219,"menu_order":0,"comment_status":"closed","ping_status":"closed","template":"","meta":{"footnotes":""},"class_list":["post-64","page","type-page","status-publish","hentry"],"_links":{"self":[{"href":"https:\/\/uenf.br\/ccta\/lmgv\/wp-json\/wp\/v2\/pages\/64","targetHints":{"allow":["GET"]}}],"collection":[{"href":"https:\/\/uenf.br\/ccta\/lmgv\/wp-json\/wp\/v2\/pages"}],"about":[{"href":"https:\/\/uenf.br\/ccta\/lmgv\/wp-json\/wp\/v2\/types\/page"}],"author":[{"embeddable":true,"href":"https:\/\/uenf.br\/ccta\/lmgv\/wp-json\/wp\/v2\/users\/27"}],"replies":[{"embeddable":true,"href":"https:\/\/uenf.br\/ccta\/lmgv\/wp-json\/wp\/v2\/comments?post=64"}],"version-history":[{"count":0,"href":"https:\/\/uenf.br\/ccta\/lmgv\/wp-json\/wp\/v2\/pages\/64\/revisions"}],"up":[{"embeddable":true,"href":"https:\/\/uenf.br\/ccta\/lmgv\/wp-json\/wp\/v2\/pages\/219"}],"wp:attachment":[{"href":"https:\/\/uenf.br\/ccta\/lmgv\/wp-json\/wp\/v2\/media?parent=64"}],"curies":[{"name":"wp","href":"https:\/\/api.w.org\/{rel}","templated":true}]}}