{"id":68,"date":"2025-01-18T22:45:19","date_gmt":"2025-01-18T22:45:19","guid":{"rendered":"https:\/\/uenf.br\/ccta\/lmgv\/?page_id=68"},"modified":"2026-04-15T14:42:56","modified_gmt":"2026-04-15T14:42:56","slug":"mara-de-menezes-de-assis-gomes","status":"publish","type":"page","link":"https:\/\/uenf.br\/ccta\/lmgv\/docentes\/mara-de-menezes-de-assis-gomes\/","title":{"rendered":"Mara de Menezes de Assis Gomes"},"content":{"rendered":"<table style=\"font-weight: 400\">\n<tbody>\n<tr>\n<td width=\"601\"><a href=\"http:\/\/uenf.br\/ccta\/lmgv\/files\/2025\/01\/servletrecuperafoto-2-scaled-e1737237433567.jpeg\"><img loading=\"lazy\" decoding=\"async\" class=\"wp-image-33 aligncenter\" src=\"http:\/\/uenf.br\/ccta\/lmgv\/files\/2025\/01\/servletrecuperafoto-2-scaled-e1737237433567-300x300.jpeg\" alt=\"\" width=\"395\" height=\"395\" srcset=\"https:\/\/uenf.br\/ccta\/lmgv\/files\/2025\/01\/servletrecuperafoto-2-scaled-e1737237433567-300x300.jpeg 300w, https:\/\/uenf.br\/ccta\/lmgv\/files\/2025\/01\/servletrecuperafoto-2-scaled-e1737237433567-1024x1024.jpeg 1024w, https:\/\/uenf.br\/ccta\/lmgv\/files\/2025\/01\/servletrecuperafoto-2-scaled-e1737237433567-150x150.jpeg 150w, https:\/\/uenf.br\/ccta\/lmgv\/files\/2025\/01\/servletrecuperafoto-2-scaled-e1737237433567-768x768.jpeg 768w, https:\/\/uenf.br\/ccta\/lmgv\/files\/2025\/01\/servletrecuperafoto-2-scaled-e1737237433567-1536x1536.jpeg 1536w, https:\/\/uenf.br\/ccta\/lmgv\/files\/2025\/01\/servletrecuperafoto-2-scaled-e1737237433567-600x600.jpeg 600w, https:\/\/uenf.br\/ccta\/lmgv\/files\/2025\/01\/servletrecuperafoto-2-scaled-e1737237433567.jpeg 1900w\" sizes=\"auto, (max-width: 395px) 100vw, 395px\" \/><\/a><\/td>\n<\/tr>\n<tr>\n<td width=\"601\">Possui gradua\u00e7\u00e3o em Agronomia pela Universidade Federal de Vi\u00e7osa (1991), Mestrado em Ci\u00eancias Biol\u00f3gicas (\u00e1rea de concentra\u00e7\u00e3o Biologia Vegetal) pela Universidade Estadual de Campinas (1996) e Doutorado em Biologia Vegetal pela Universidade Estadual de Campinas (2001). Realizou P\u00f3s Doutorado na Universidade Estadual do Norte Fluminense (2001 a 2005).\u00c9 Professora da FAETEC desde 2005, cedida para a Universidade Estadual do Norte Fluminense em setembro de 2011, onde leciona a disciplina de Fisiologia Vegetal e participa de pesquisas nos seguintes temas: brassinoster\u00f3ides, aplica\u00e7\u00e3o e quantifica\u00e7\u00e3o de horm\u00f4nios vegetais (auxina, acido abscisico e citocininas), desenvolvimento de mudas, estresses bi\u00f3ticos e abi\u00f3ticos.<\/p>\n<p><strong>CV Lattes:<\/strong> http:\/\/lattes.cnpq.br\/2089224568023504<\/p>\n<p><strong>E-mail:<\/strong> maramag@uenf.br<\/td>\n<\/tr>\n<\/tbody>\n<\/table>\n","protected":false},"excerpt":{"rendered":"<p>Possui gradua\u00e7\u00e3o em Agronomia pela Universidade Federal de Vi\u00e7osa (1991), Mestrado em Ci\u00eancias Biol\u00f3gicas (\u00e1rea de concentra\u00e7\u00e3o Biologia Vegetal) pela&#8230;<\/p>\n","protected":false},"author":27,"featured_media":0,"parent":219,"menu_order":0,"comment_status":"closed","ping_status":"closed","template":"","meta":{"footnotes":""},"class_list":["post-68","page","type-page","status-publish","hentry"],"_links":{"self":[{"href":"https:\/\/uenf.br\/ccta\/lmgv\/wp-json\/wp\/v2\/pages\/68","targetHints":{"allow":["GET"]}}],"collection":[{"href":"https:\/\/uenf.br\/ccta\/lmgv\/wp-json\/wp\/v2\/pages"}],"about":[{"href":"https:\/\/uenf.br\/ccta\/lmgv\/wp-json\/wp\/v2\/types\/page"}],"author":[{"embeddable":true,"href":"https:\/\/uenf.br\/ccta\/lmgv\/wp-json\/wp\/v2\/users\/27"}],"replies":[{"embeddable":true,"href":"https:\/\/uenf.br\/ccta\/lmgv\/wp-json\/wp\/v2\/comments?post=68"}],"version-history":[{"count":0,"href":"https:\/\/uenf.br\/ccta\/lmgv\/wp-json\/wp\/v2\/pages\/68\/revisions"}],"up":[{"embeddable":true,"href":"https:\/\/uenf.br\/ccta\/lmgv\/wp-json\/wp\/v2\/pages\/219"}],"wp:attachment":[{"href":"https:\/\/uenf.br\/ccta\/lmgv\/wp-json\/wp\/v2\/media?parent=68"}],"curies":[{"name":"wp","href":"https:\/\/api.w.org\/{rel}","templated":true}]}}