{"id":76,"date":"2025-01-18T22:55:16","date_gmt":"2025-01-18T22:55:16","guid":{"rendered":"https:\/\/uenf.br\/ccta\/lmgv\/?page_id=76"},"modified":"2026-04-15T14:44:41","modified_gmt":"2026-04-15T14:44:41","slug":"ricardo-enrique-bressan-smith","status":"publish","type":"page","link":"https:\/\/uenf.br\/ccta\/lmgv\/docentes\/ricardo-enrique-bressan-smith\/","title":{"rendered":"Ricardo Enrique Bressan-Smith"},"content":{"rendered":"<table style=\"font-weight: 400\">\n<tbody>\n<tr>\n<td width=\"601\"><a href=\"http:\/\/uenf.br\/ccta\/lmgv\/files\/2025\/01\/s200_ricardo.bressan-smith.jpg\"><img loading=\"lazy\" decoding=\"async\" class=\"wp-image-35 aligncenter\" src=\"http:\/\/uenf.br\/ccta\/lmgv\/files\/2025\/01\/s200_ricardo.bressan-smith.jpg\" alt=\"\" width=\"371\" height=\"371\" srcset=\"https:\/\/uenf.br\/ccta\/lmgv\/files\/2025\/01\/s200_ricardo.bressan-smith.jpg 200w, https:\/\/uenf.br\/ccta\/lmgv\/files\/2025\/01\/s200_ricardo.bressan-smith-150x150.jpg 150w\" sizes=\"auto, (max-width: 371px) 100vw, 371px\" \/><\/a><\/td>\n<\/tr>\n<tr>\n<td width=\"601\">\u00c9 Professor Associado 1 na UENF, na \u00e1rea de Fisiologia do Crescimento e Bioqu\u00edmica de Plantas. Realizou o p\u00f3s-doutoramento na University of California, Davis. Mantem projetos de \u00e2mbito internacional em parceria com a Universidad Nacional de Cuyo, de Mendoza, Argentina, e Universidad de Chile. Tem estudado o efeito do ambiente sobre a quebra de dorm\u00eancia de gemas axilares e sobre o florescimento em videiras sob condi\u00e7\u00f5es tropicais, alem de estudos sobre a condutividade hidr\u00e1ulica entre bagas e a planta-m\u00e3e. Os temas tratados na pesquisa s\u00e3o ligados \u00e0 forma\u00e7\u00e3o de recursos humanos, principalmente na orienta\u00e7\u00e3o de estudantes no programa de \u201cProdu\u00e7\u00e3o Vegetal\u201d da UENF, onde titulou mais de 30 disserta\u00e7\u00f5es e teses. Foi presidente da Sociedade Brasileira de Fisiologia Vegetal (SBFV) no bi\u00eanio 2009-2011. Foi Editor-in-Chief do Brazilian Journal of Plant Physiology e do Theoretical and Experimental Plant Physiology (TxPP). Foi Conselheiro da Associa\u00e7\u00e3o Brasileira de Editores Cient\u00edficos. \u00c9 atualmente Editor Associado da TxPP, e faz parte do Editorial Board da Agronomy e Frontiers in Plant Science.<\/p>\n<p><strong>CV Lattes<\/strong>: http:\/\/lattes.cnpq.br\/5596202877845044<\/p>\n<p><strong>E-mail:<\/strong> bressan@uenf.br<\/td>\n<\/tr>\n<\/tbody>\n<\/table>\n","protected":false},"excerpt":{"rendered":"<p>\u00c9 Professor Associado 1 na UENF, na \u00e1rea de Fisiologia do Crescimento e Bioqu\u00edmica de Plantas. Realizou o p\u00f3s-doutoramento na&#8230;<\/p>\n","protected":false},"author":27,"featured_media":0,"parent":219,"menu_order":0,"comment_status":"closed","ping_status":"closed","template":"","meta":{"footnotes":""},"class_list":["post-76","page","type-page","status-publish","hentry"],"_links":{"self":[{"href":"https:\/\/uenf.br\/ccta\/lmgv\/wp-json\/wp\/v2\/pages\/76","targetHints":{"allow":["GET"]}}],"collection":[{"href":"https:\/\/uenf.br\/ccta\/lmgv\/wp-json\/wp\/v2\/pages"}],"about":[{"href":"https:\/\/uenf.br\/ccta\/lmgv\/wp-json\/wp\/v2\/types\/page"}],"author":[{"embeddable":true,"href":"https:\/\/uenf.br\/ccta\/lmgv\/wp-json\/wp\/v2\/users\/27"}],"replies":[{"embeddable":true,"href":"https:\/\/uenf.br\/ccta\/lmgv\/wp-json\/wp\/v2\/comments?post=76"}],"version-history":[{"count":0,"href":"https:\/\/uenf.br\/ccta\/lmgv\/wp-json\/wp\/v2\/pages\/76\/revisions"}],"up":[{"embeddable":true,"href":"https:\/\/uenf.br\/ccta\/lmgv\/wp-json\/wp\/v2\/pages\/219"}],"wp:attachment":[{"href":"https:\/\/uenf.br\/ccta\/lmgv\/wp-json\/wp\/v2\/media?parent=76"}],"curies":[{"name":"wp","href":"https:\/\/api.w.org\/{rel}","templated":true}]}}