{"id":79,"date":"2025-01-18T22:58:11","date_gmt":"2025-01-18T22:58:11","guid":{"rendered":"https:\/\/uenf.br\/ccta\/lmgv\/?page_id=79"},"modified":"2026-04-15T13:12:53","modified_gmt":"2026-04-15T13:12:53","slug":"rosana-rodrigues","status":"publish","type":"page","link":"https:\/\/uenf.br\/ccta\/lmgv\/docentes\/rosana-rodrigues\/","title":{"rendered":"Rosana Rodrigues"},"content":{"rendered":"<table style=\"font-weight: 400;height: 928px\" width=\"872\">\n<tbody>\n<tr>\n<td width=\"601\"><a href=\"http:\/\/uenf.br\/ccta\/lmgv\/files\/2025\/01\/Entrevista_Reitora-da-UENF-eleita-Rosana-Rodrigues-fts-Natalie-Fernandez-UENF-5-465x360-1-e1737214695594.jpg\"><img loading=\"lazy\" decoding=\"async\" class=\"wp-image-36 aligncenter\" src=\"http:\/\/uenf.br\/ccta\/lmgv\/files\/2025\/01\/Entrevista_Reitora-da-UENF-eleita-Rosana-Rodrigues-fts-Natalie-Fernandez-UENF-5-465x360-1-e1737214695594-285x300.jpg\" alt=\"\" width=\"424\" height=\"446\" srcset=\"https:\/\/uenf.br\/ccta\/lmgv\/files\/2025\/01\/Entrevista_Reitora-da-UENF-eleita-Rosana-Rodrigues-fts-Natalie-Fernandez-UENF-5-465x360-1-e1737214695594-285x300.jpg 285w, https:\/\/uenf.br\/ccta\/lmgv\/files\/2025\/01\/Entrevista_Reitora-da-UENF-eleita-Rosana-Rodrigues-fts-Natalie-Fernandez-UENF-5-465x360-1-e1737214695594.jpg 342w\" sizes=\"auto, (max-width: 424px) 100vw, 424px\" \/><\/a><\/td>\n<\/tr>\n<tr>\n<td width=\"601\">Nasceu no Rio de Janeiro e graduou-se em Engenharia Agron\u00f4mica pela Universidade Federal Rural do Rio de Janeiro-UFRRJ, concluiu o Mestrado em Fitotecnia na UFRRJ, Doutorado em Produ\u00e7\u00e3o Vegetal na Universidade Estadual do Norte Fluminense Darcy Ribeiro-UENF (1993-1997), e p\u00f3s-doutorado em Biologia Molecular na University of Florida (2003-2004). \u00c9 Cientista do Nosso Estado pela Faperj e bolsista de produtividade n\u00edvel 1B do CNPq. Est\u00e1 na UENF desde a sua funda\u00e7\u00e3o e atualmente \u00e9 Professora Associada I, no Laborat\u00f3rio de Melhoramento Gen\u00e9tico Vegetal do Centro de Ci\u00eancias e Tecnologias Agropecu\u00e1rias. Atua como coordenadora e professora de disciplinas na gradua\u00e7\u00e3o e na p\u00f3s-gradua\u00e7\u00e3o, estando vinculada ao Programa de P\u00f3s-Gradua\u00e7\u00e3o em Gen\u00e9tica e Melhoramento de Plantas da UENF, credenciado pela CAPES (n\u00edvel 6). Coordena projetos de pesquisa e de extens\u00e3o. Atua como consultora ad hoc para ag\u00eancias de fomento e peri\u00f3dicos nacionais e internacionais. Atuou como editora cient\u00edfica dos peri\u00f3dicos Horticultura Brasileira e Tropical Plant Pathology. Experi\u00eancia em gest\u00e3o acad\u00eamica: assessora da Pr\u00f3-Reitoria de Pesquisa e P\u00f3s-Gradua\u00e7\u00e3o da UENF e Coordenadora do PIBIC\/CNPq\/UENF nos per\u00edodos de 2002 a 2003 e 2005 a 2007; membro da Diretoria Nacional da Associa\u00e7\u00e3o Brasileira de Melhoramento de Plantas (SBMP) de agosto de 2009 a agosto de 2011. Coordenou o Programa de P\u00f3s-Gradua\u00e7\u00e3o em Gen\u00e9tica e Melhoramento de Plantas da UENF (Nota 6 &#8211; Capes) de 2013-2015. Foi Pr\u00f3-Reitora de Pesquisa e P\u00f3s-Gradua\u00e7\u00e3o da UENF de Janeiro de 2016 a Junho de 2019, e Vice-Reitora da UENF de 2020 a 2023 (julho). Atualmente \u00e9 Reitora da UENF, membro do Conselho Superior da Faperj e do Comit\u00ea de Assessoramento da Agronomia no CNPq. Atua principalmente nas \u00e1reas de Melhoramento de Plantas, Recursos Fitogen\u00e9ticos para Alimenta\u00e7\u00e3o e Agricultura, Resist\u00eancia de Plantas a Doen\u00e7as e Intera\u00e7\u00e3o Planta-Pat\u00f3geno. Publicou 164 artigos cient\u00edficos com 4640 cita\u00e7\u00f5es e H =38 (Google Scholar), 2252 cita\u00e7\u00f5es e H=27 (Scopus ID 16242657800) e 1649 cita\u00e7\u00f5es e H=24 (Web of Science Research ID C-4152-2013) (coletado em 29.07.2023); \u00e9 autora\/co-autora de sete cap\u00edtulos de livros, tem tr\u00eas cultivares protegidas e 10 registradas. Coordena projeto de extens\u00e3o com atividades em tr\u00eas munic\u00edpios do Norte-Noroeste Fluminense. Coordena sete projetos de pesquisa apoiados pelo CNPq e pela FAPERJ. Mentora da Empresa J\u00fanior Engloba Consultoria. Coordena projeto de implanta\u00e7\u00e3o da infraestrutura do Parque Tecnol\u00f3gico Agropecu\u00e1rio do Norte Fluminense &#8211; ParTecAgro, com apoio da FAPERJ.<\/p>\n<p><strong>Link do Lattes:<\/strong> <a href=\"http:\/\/lattes.cnpq.br\/5968162110543751\">http:\/\/lattes.cnpq.br\/5968162110543751<\/a><\/p>\n<p><strong>E-mail: <\/strong>rosana@uenf.br<\/td>\n<\/tr>\n<\/tbody>\n<\/table>\n","protected":false},"excerpt":{"rendered":"<p>Nasceu no Rio de Janeiro e graduou-se em Engenharia Agron\u00f4mica pela Universidade Federal Rural do Rio de Janeiro-UFRRJ, concluiu o&#8230;<\/p>\n","protected":false},"author":27,"featured_media":0,"parent":219,"menu_order":0,"comment_status":"closed","ping_status":"closed","template":"","meta":{"footnotes":""},"class_list":["post-79","page","type-page","status-publish","hentry"],"_links":{"self":[{"href":"https:\/\/uenf.br\/ccta\/lmgv\/wp-json\/wp\/v2\/pages\/79","targetHints":{"allow":["GET"]}}],"collection":[{"href":"https:\/\/uenf.br\/ccta\/lmgv\/wp-json\/wp\/v2\/pages"}],"about":[{"href":"https:\/\/uenf.br\/ccta\/lmgv\/wp-json\/wp\/v2\/types\/page"}],"author":[{"embeddable":true,"href":"https:\/\/uenf.br\/ccta\/lmgv\/wp-json\/wp\/v2\/users\/27"}],"replies":[{"embeddable":true,"href":"https:\/\/uenf.br\/ccta\/lmgv\/wp-json\/wp\/v2\/comments?post=79"}],"version-history":[{"count":0,"href":"https:\/\/uenf.br\/ccta\/lmgv\/wp-json\/wp\/v2\/pages\/79\/revisions"}],"up":[{"embeddable":true,"href":"https:\/\/uenf.br\/ccta\/lmgv\/wp-json\/wp\/v2\/pages\/219"}],"wp:attachment":[{"href":"https:\/\/uenf.br\/ccta\/lmgv\/wp-json\/wp\/v2\/media?parent=79"}],"curies":[{"name":"wp","href":"https:\/\/api.w.org\/{rel}","templated":true}]}}