{"id":13,"date":"2014-11-17T10:26:54","date_gmt":"2014-11-17T12:26:54","guid":{"rendered":"http:\/\/uenf.br\/ccta\/lmpa\/?page_id=13"},"modified":"2018-05-22T09:52:11","modified_gmt":"2018-05-22T12:52:11","slug":"tecnicos","status":"publish","type":"page","link":"https:\/\/uenf.br\/ccta\/lmpa\/tecnicos\/","title":{"rendered":"T\u00e9cnicos"},"content":{"rendered":"<p><a href=\"http:\/\/buscatextual.cnpq.br\/buscatextual\/visualizacv.do?id=K4701835U4\" target=\"_blank\" rel=\"noopener\">Luciana da Silva Lemos<\/a>\u00a0&#8211;\u00a0<span style=\"text-decoration: underline\"><span style=\"color: #0000ff\"><a style=\"color: #0000ff;text-decoration: underline\" href=\"mailto:luciana@uenf.br\">luciana@uenf.br<\/a><\/span><\/span><\/p>\n<p>M\u00e9dica Veterin\u00e1ria, UFRRJ 1987; Mestre em Produ\u00e7\u00e3o Animal, UENF, 1997; Doutora em Produ\u00e7\u00e3o Animal, 2004.<\/p>\n<p>&nbsp;<\/p>\n<p><a href=\"http:\/\/buscatextual.cnpq.br\/buscatextual\/visualizacv.do?id=K4233465J9\" target=\"_blank\" rel=\"noopener\">Luciano Grillo de Almeida<\/a>\u00a0&#8211;\u00a0<span style=\"text-decoration: underline\"><span style=\"color: #0000ff\"><a style=\"color: #0000ff;text-decoration: underline\" href=\"mailto:iga1@uenf.br\">iga1@uenf.br<\/a><\/span><\/span><\/p>\n<p>M\u00e9dico Veterin\u00e1rio, UFRRJ 1981.<\/p>\n<p>&nbsp;<\/p>\n<p>M\u00e1rio C\u00e9sar Rangel da Silva<\/p>\n<p>&nbsp;<\/p>\n<p>&nbsp;<\/p>\n<p>&nbsp;<\/p>\n","protected":false},"excerpt":{"rendered":"<p>Luciana da Silva Lemos\u00a0&#8211;\u00a0luciana@uenf.br M\u00e9dica Veterin\u00e1ria, UFRRJ 1987; Mestre em Produ\u00e7\u00e3o Animal, UENF, 1997; Doutora em Produ\u00e7\u00e3o Animal, 2004. &nbsp;&#8230;<\/p>\n","protected":false},"author":16,"featured_media":0,"parent":0,"menu_order":4,"comment_status":"closed","ping_status":"open","template":"","meta":{"footnotes":""},"class_list":["post-13","page","type-page","status-publish","hentry"],"_links":{"self":[{"href":"https:\/\/uenf.br\/ccta\/lmpa\/wp-json\/wp\/v2\/pages\/13","targetHints":{"allow":["GET"]}}],"collection":[{"href":"https:\/\/uenf.br\/ccta\/lmpa\/wp-json\/wp\/v2\/pages"}],"about":[{"href":"https:\/\/uenf.br\/ccta\/lmpa\/wp-json\/wp\/v2\/types\/page"}],"author":[{"embeddable":true,"href":"https:\/\/uenf.br\/ccta\/lmpa\/wp-json\/wp\/v2\/users\/16"}],"replies":[{"embeddable":true,"href":"https:\/\/uenf.br\/ccta\/lmpa\/wp-json\/wp\/v2\/comments?post=13"}],"version-history":[{"count":0,"href":"https:\/\/uenf.br\/ccta\/lmpa\/wp-json\/wp\/v2\/pages\/13\/revisions"}],"wp:attachment":[{"href":"https:\/\/uenf.br\/ccta\/lmpa\/wp-json\/wp\/v2\/media?parent=13"}],"curies":[{"name":"wp","href":"https:\/\/api.w.org\/{rel}","templated":true}]}}