{"id":2,"date":"2010-09-15T14:25:36","date_gmt":"2010-09-15T17:25:36","guid":{"rendered":"http:\/\/uenf.br\/ccta\/lmpa\/?page_id=2"},"modified":"2019-02-13T10:39:31","modified_gmt":"2019-02-13T12:39:31","slug":"apresentacao","status":"publish","type":"page","link":"https:\/\/uenf.br\/ccta\/lmpa\/","title":{"rendered":"Apresenta\u00e7\u00e3o"},"content":{"rendered":"<p>Chefia: Leonardo Serafim da Silveira<\/p>\n<p>E-mail: leoseraf@uenf.br<\/p>\n<p>Telefone:\u00a0+55 (22) 2739-7055<\/p>\n<p>Secretaria: +55 (22) 2739-7056<\/p>\n<p>&nbsp;<\/p>\n<p align=\"justify\"><span style=\"font-family: Arial, serif\"><span style=\"font-size: medium\">Laborat\u00f3rio de Morfologia e Patologia Animal \u2013 LMPA \/ CCTA \/ UENF<\/span><\/span><\/p>\n<p align=\"justify\"><span style=\"font-family: Arial, serif\"><span style=\"font-size: medium\">O Laborat\u00f3rio de Morfologia e Patologia Animal (LMPA) foi desmembrado do Laborat\u00f3rio de Sanidade Animal (LSA) no ano de 2010, sendo composto pelos professores: Ana B\u00e1rbara Freitas Rodrigues, Eul\u00f3gio Carlos Queiroz de Carvalho, Francimar Fernandes Gomes, Helena Kiyomi Hokamura, Leonardo Serafim da Silveira e Marinete Pinheiro Carrera. <\/span><\/span><\/p>\n<p align=\"justify\"><span style=\"font-family: Arial, serif\"><span style=\"font-size: medium\">O LMPA \u00e9 respons\u00e1vel por mais de 2.500 horas\/aulas, te\u00f3ricas e pr\u00e1ticas, paras os cursos de gradua\u00e7\u00e3o em Medicina Veterin\u00e1ria e Zootecnia e, para os cursos de P\u00f3s-gradua\u00e7\u00e3o em Resid\u00eancia Veterin\u00e1ria e para o Programa de Ci\u00eancia Animal. <\/span><\/span><\/p>\n<p align=\"justify\"><span style=\"font-family: Arial, serif\"><span style=\"font-size: medium\">Para todos estes cursos, o LMPA \u00e9 respons\u00e1vel pelas seguintes disciplinas: Anatomia dos Animais Dom\u00e9sticos I, Anatomia dos Animais Dom\u00e9sticos II, Anatomia Topogr\u00e1fica dos Animais Dom\u00e9sticos, Anatomia Aplicada \u00e0 Zootecnia, Anatomia Patol\u00f3gica Veterin\u00e1ria, Patologia Geral, Mecanismo das Les\u00f5es, Inspe\u00e7\u00e3o de Produtos de Origem Animal, Radiologia Veterin\u00e1ria, Histologia Veterin\u00e1ria, Histotecnologia e Histologia em Microscopia \u00d3ptica, Introdu\u00e7\u00e3o ao Estudo dos Animais Selvagens e Ex\u00f3ticos, Abordagem M\u00e9dica Veterin\u00e1ria no Estudo dos Animais Selvagens e Ex\u00f3ticos, Toxicologia Veterin\u00e1ria, Farmacologia Veterin\u00e1ria, T\u00f3picos Especiais em Farmacologia Veterin\u00e1ria, Psicofarmacologia das Desordens Comportamentais em C\u00e3es e Gatos, Pr\u00e1ticas em Resid\u00eancia Veterin\u00e1ria e, ainda compartilham disciplinas com outros laborat\u00f3rios como o caso da Histologia e Embriologia Veterin\u00e1ria oferecida para o Curso de Zootecnia. <\/span><\/span><\/p>\n<p align=\"justify\"><span style=\"font-size: medium\"><span style=\"font-family: Arial, serif\">Foram defendidas 21 disserta\u00e7\u00f5es de mestrado e mais de 10 teses de doutorado e, est\u00e1 em fase final de curso mais tr\u00eas disserta\u00e7\u00f5es e nove teses. Tamb\u00e9m tivemos conclu\u00eddas tr\u00eas Supervis\u00f5es de P\u00f3s-doutorado, 27 orienta\u00e7\u00f5es de Inicia\u00e7\u00e3o Cient\u00edfica, 23 trabalhos de conclus\u00e3o de curso, tr\u00eas conclus\u00f5es em <\/span><\/span><span style=\"font-family: Arial, serif\"><span style=\"font-size: medium\">Resid\u00eancia Veterin\u00e1ria e possu\u00edmos mais seis em andamento.<\/span><\/span><\/p>\n<p>&nbsp;<\/p>\n","protected":false},"excerpt":{"rendered":"<p>Chefia: Leonardo Serafim da Silveira E-mail: leoseraf@uenf.br Telefone:\u00a0+55 (22) 2739-7055 Secretaria: +55 (22) 2739-7056 &nbsp; Laborat\u00f3rio de Morfologia e Patologia&#8230;<\/p>\n","protected":false},"author":1,"featured_media":0,"parent":0,"menu_order":1,"comment_status":"closed","ping_status":"closed","template":"","meta":{"footnotes":""},"class_list":["post-2","page","type-page","status-publish","hentry"],"_links":{"self":[{"href":"https:\/\/uenf.br\/ccta\/lmpa\/wp-json\/wp\/v2\/pages\/2","targetHints":{"allow":["GET"]}}],"collection":[{"href":"https:\/\/uenf.br\/ccta\/lmpa\/wp-json\/wp\/v2\/pages"}],"about":[{"href":"https:\/\/uenf.br\/ccta\/lmpa\/wp-json\/wp\/v2\/types\/page"}],"author":[{"embeddable":true,"href":"https:\/\/uenf.br\/ccta\/lmpa\/wp-json\/wp\/v2\/users\/1"}],"replies":[{"embeddable":true,"href":"https:\/\/uenf.br\/ccta\/lmpa\/wp-json\/wp\/v2\/comments?post=2"}],"version-history":[{"count":0,"href":"https:\/\/uenf.br\/ccta\/lmpa\/wp-json\/wp\/v2\/pages\/2\/revisions"}],"wp:attachment":[{"href":"https:\/\/uenf.br\/ccta\/lmpa\/wp-json\/wp\/v2\/media?parent=2"}],"curies":[{"name":"wp","href":"https:\/\/api.w.org\/{rel}","templated":true}]}}