{"id":38,"date":"2015-04-20T11:41:55","date_gmt":"2015-04-20T14:41:55","guid":{"rendered":"http:\/\/uenf.br\/ccta\/lmpa\/?page_id=38"},"modified":"2018-05-22T09:52:30","modified_gmt":"2018-05-22T12:52:30","slug":"disciplinas","status":"publish","type":"page","link":"https:\/\/uenf.br\/ccta\/lmpa\/disciplinas\/","title":{"rendered":"Disciplinas"},"content":{"rendered":"<table>\n<tbody>\n<tr>\n<td colspan=\"7\" width=\"948\">\n<p style=\"text-align: center\"><strong>DISCIPLINAS DO LABORAT\u00d3RIO DE MORFOLOGIA E PATOLOGIA ANIMAL\/ABRIL 2015<\/strong><\/p>\n<p style=\"text-align: center\"><strong>\u00a0<\/strong><\/p>\n<\/td>\n<\/tr>\n<tr>\n<td width=\"146\">\n<p style=\"text-align: center\"><strong>NOME PROFESSOR<\/strong><\/p>\n<p style=\"text-align: center\"><strong>\u00a0<\/strong><\/p>\n<\/td>\n<td style=\"text-align: center\" width=\"100\"><strong>C\u00d3DIGO<\/strong><\/td>\n<td style=\"text-align: center\" width=\"160\"><strong>DISCIPLINAS<\/strong><\/td>\n<td style=\"text-align: center\" width=\"172\"><strong>CURSO\/PROGRAMA<\/strong><\/td>\n<td style=\"text-align: center\" width=\"133\"><strong>OBRIGAT\u00d3RIA\/<\/strong><\/p>\n<p><strong>OPTATIVA<\/strong><\/td>\n<td style=\"text-align: center\" width=\"148\"><strong>COORDENADOR\/<\/strong><\/p>\n<p><strong>COLABORADOR<\/strong><\/td>\n<td style=\"text-align: center\" width=\"89\"><strong>CARGA<\/strong><\/p>\n<p><strong>HOR\u00c1RIA<\/strong><\/td>\n<\/tr>\n<tr>\n<td style=\"text-align: center\" rowspan=\"5\" width=\"146\"><strong>Ana B\u00e1rbara Freitas Rodrigues<\/strong><\/td>\n<td style=\"text-align: center\" width=\"100\">MPA03101<\/td>\n<td style=\"text-align: center\" width=\"160\">Anatomia dos Animais Dom\u00e9sticos I<\/td>\n<td style=\"text-align: center\" width=\"172\">Medicina Veterin\u00e1ria<\/td>\n<td style=\"text-align: center\" width=\"133\">Obrigat\u00f3ria<\/td>\n<td style=\"text-align: center\" width=\"148\">Coordenador<\/td>\n<td width=\"89\">\n<p style=\"text-align: center\">102h<\/p>\n<\/td>\n<\/tr>\n<tr>\n<td width=\"100\">\n<p style=\"text-align: center\">MPA03202<\/p>\n<\/td>\n<td style=\"text-align: center\" width=\"160\">Anatomia dos Animais Dom\u00e9sticos II<\/p>\n<p>&nbsp;<\/td>\n<td style=\"text-align: center\" width=\"172\">Medicina Veterin\u00e1ria<\/td>\n<td style=\"text-align: center\" width=\"133\">Obrigat\u00f3ria<\/td>\n<td style=\"text-align: center\" width=\"148\">Coordenador<\/td>\n<td style=\"text-align: center\" width=\"89\">102h<\/td>\n<\/tr>\n<tr>\n<td style=\"text-align: center\" width=\"100\">MPA03205<\/td>\n<td style=\"text-align: center\" width=\"160\">Anatomia Topogr\u00e1fica dos Animais Dom\u00e9sticos<\/p>\n<p>&nbsp;<\/td>\n<td style=\"text-align: center\" width=\"172\">Medicina Veterin\u00e1ria<\/td>\n<td style=\"text-align: center\" width=\"133\">Obrigat\u00f3ria<\/td>\n<td style=\"text-align: center\" width=\"148\">Coordenador<\/td>\n<td width=\"89\">\n<p style=\"text-align: center\">51h<\/p>\n<\/td>\n<\/tr>\n<tr>\n<td width=\"100\">\n<p style=\"text-align: center\">MPA03111<\/p>\n<\/td>\n<td style=\"text-align: center\" width=\"160\">Anatomia Aplicada \u00e0 Zootecnia<\/p>\n<p>&nbsp;<\/td>\n<td style=\"text-align: center\" width=\"172\">Zootecnia<\/td>\n<td style=\"text-align: center\" width=\"133\">Obrigat\u00f3ria<\/td>\n<td style=\"text-align: center\" width=\"148\">Coordenador<\/td>\n<td style=\"text-align: center\" width=\"89\">68h<\/td>\n<\/tr>\n<tr>\n<td style=\"text-align: center\" width=\"100\">MPA3704<\/td>\n<td style=\"text-align: center\" width=\"160\">Anatomia Dent\u00e1ria e M\u00e9todos Odontom\u00e9tricos<\/td>\n<td style=\"text-align: center\" width=\"172\">Programa de P\u00f3s-gradua\u00e7\u00e3o em Ci\u00eancia Animal<\/td>\n<td style=\"text-align: center\" width=\"133\">Obrigat\u00f3ria<\/td>\n<td style=\"text-align: center\" width=\"148\">Coordenador<\/td>\n<td width=\"89\">\n<p style=\"text-align: center\">85h<\/p>\n<\/td>\n<\/tr>\n<tr>\n<td rowspan=\"3\" width=\"146\">\n<p style=\"text-align: center\"><strong>Eul\u00f3gio Carlos Queir\u00f3z de Carvalho<\/strong><\/p>\n<\/td>\n<td width=\"100\">\n<p style=\"text-align: center\">MPA03407<\/p>\n<\/td>\n<td style=\"text-align: center\" width=\"160\">Anatomia Patol\u00f3gica Veterin\u00e1ria<\/td>\n<td style=\"text-align: center\" width=\"172\">Medicina Veterin\u00e1ria<\/td>\n<td style=\"text-align: center\" width=\"133\">Obrigat\u00f3ria<\/td>\n<td style=\"text-align: center\" width=\"148\">Coordenador<\/td>\n<td style=\"text-align: center\" width=\"89\">85h<\/td>\n<\/tr>\n<tr>\n<td style=\"text-align: center\" width=\"100\">MPA03105<\/td>\n<td style=\"text-align: center\" width=\"160\">Patologia Geral<\/td>\n<td style=\"text-align: center\" width=\"172\">Medicina Veterin\u00e1ria<\/td>\n<td style=\"text-align: center\" width=\"133\">Obrigat\u00f3ria<\/td>\n<td style=\"text-align: center\" width=\"148\">Coordenador<\/td>\n<td width=\"89\">\n<p style=\"text-align: center\">68h<\/p>\n<p style=\"text-align: center\">\n<\/td>\n<\/tr>\n<tr>\n<td width=\"100\">\n<p style=\"text-align: center\">MPA 3700<\/p>\n<\/td>\n<td style=\"text-align: center\" width=\"160\">Mecanismo das Les\u00f5es<\/td>\n<td style=\"text-align: center\" width=\"172\">Programa de P\u00f3s-gradua\u00e7\u00e3o em Ci\u00eancia Animal<\/td>\n<td style=\"text-align: center\" width=\"133\">Obrigat\u00f3ria<\/td>\n<td style=\"text-align: center\" width=\"148\">Coordenador<\/td>\n<td style=\"text-align: center\" width=\"89\">68h<\/td>\n<\/tr>\n<tr>\n<td style=\"text-align: center\" width=\"146\"><strong>Francimar Fernandes Gomes<\/strong><\/td>\n<td style=\"text-align: center\" width=\"100\">MPA03309<\/td>\n<td style=\"text-align: center\" width=\"160\">Inspe\u00e7\u00e3o de Produtos de Origem Animal<\/p>\n<p>&nbsp;<\/td>\n<td style=\"text-align: center\" width=\"172\">Medicina Veterin\u00e1ria<\/td>\n<td style=\"text-align: center\" width=\"133\">Obrigat\u00f3ria<\/td>\n<td style=\"text-align: center\" width=\"148\">Coordenador<\/td>\n<td width=\"89\">\n<p style=\"text-align: center\">68h<\/p>\n<\/td>\n<\/tr>\n<tr>\n<td width=\"146\">\n<p style=\"text-align: center\"><strong>Helena KiyomiHokamura<\/strong><\/p>\n<\/td>\n<td style=\"text-align: center\" width=\"100\">MPA03308<\/td>\n<td style=\"text-align: center\" width=\"160\">&nbsp;<\/p>\n<p>Radiologia Veterin\u00e1ria<\/p>\n<p>&nbsp;<\/td>\n<td style=\"text-align: center\" width=\"172\">Medicina Veterin\u00e1ria<\/td>\n<td style=\"text-align: center\" width=\"133\">Obrigat\u00f3ria<\/td>\n<td style=\"text-align: center\" width=\"148\">Coordenador<\/td>\n<td width=\"89\">\n<p style=\"text-align: center\">51h<\/p>\n<\/td>\n<\/tr>\n<tr>\n<td rowspan=\"5\" width=\"146\">\n<p style=\"text-align: center\"><strong>Leonardo Serafim da Silveira<\/strong><\/p>\n<\/td>\n<td style=\"text-align: center\" width=\"100\">\n<p style=\"text-align: center\">MPA03203<\/p>\n<\/td>\n<td style=\"text-align: center\" width=\"160\">&nbsp;<\/p>\n<p>Histologia Veterin\u00e1ria<\/p>\n<p>&nbsp;<\/td>\n<td style=\"text-align: center\" width=\"172\">Medicina Veterin\u00e1ria<\/td>\n<td style=\"text-align: center\" width=\"133\">Obrigat\u00f3ria<\/td>\n<td style=\"text-align: center\" width=\"148\">Coordenador<\/td>\n<td style=\"text-align: center\" width=\"89\">68h<\/td>\n<\/tr>\n<tr>\n<td style=\"text-align: center\" width=\"100\">MPA 3702<\/td>\n<td style=\"text-align: center\" width=\"160\">&nbsp;<\/p>\n<p>Histotecnologia e Histologia em Microscopia \u00d3ptica<\/p>\n<p>&nbsp;<\/td>\n<td style=\"text-align: center\" width=\"172\">Programa de P\u00f3s-gradua\u00e7\u00e3o em Ci\u00eancia Animal<\/td>\n<td style=\"text-align: center\" width=\"133\">Obrigat\u00f3ria<\/td>\n<td style=\"text-align: center\" width=\"148\">Coordenador<\/td>\n<td width=\"89\">\n<p style=\"text-align: center\">85h<\/p>\n<\/td>\n<\/tr>\n<tr>\n<td width=\"100\">\n<p style=\"text-align: center\">MPA03501<\/p>\n<\/td>\n<td style=\"text-align: center\" width=\"160\">&nbsp;<\/p>\n<p>Introdu\u00e7\u00e3o ao Estudo dos Animais Selvagens e Ex\u00f3ticos<\/p>\n<p>&nbsp;<\/td>\n<td style=\"text-align: center\" width=\"172\">Medicina Veterin\u00e1ria<\/td>\n<td style=\"text-align: center\" width=\"133\">Optativa<\/td>\n<td style=\"text-align: center\" width=\"148\">Coordenador<\/td>\n<td width=\"89\">\n<p style=\"text-align: center\">51h<\/p>\n<\/td>\n<\/tr>\n<tr>\n<td style=\"text-align: center\" width=\"100\">MPA03502<\/td>\n<td style=\"text-align: center\" width=\"160\">Abordagem M\u00e9dica Veterin\u00e1ria no Estudo dos Animais Selvagens e Ex\u00f3ticos<\/td>\n<td style=\"text-align: center\" width=\"172\">Medicina Veterin\u00e1ria<\/td>\n<td style=\"text-align: center\" width=\"133\">Optativa<\/td>\n<td style=\"text-align: center\" width=\"148\">Coordenador<\/td>\n<td width=\"89\">\n<p style=\"text-align: center\">51h<\/p>\n<\/td>\n<\/tr>\n<tr>\n<td width=\"100\">\n<p style=\"text-align: center\">MPA03406<\/p>\n<\/td>\n<td style=\"text-align: center\" width=\"160\">Toxicologia Veterin\u00e1ria<\/td>\n<td style=\"text-align: center\" width=\"172\">Medicina Veterin\u00e1ria<\/td>\n<td style=\"text-align: center\" width=\"133\">Obrigat\u00f3ria<\/td>\n<td style=\"text-align: center\" width=\"148\">Coordenador<\/td>\n<td style=\"text-align: center\" width=\"89\">51h<\/td>\n<\/tr>\n<tr>\n<td style=\"text-align: center\" rowspan=\"4\" width=\"146\"><strong>Marinete Pinheiro Carrera<\/strong><\/td>\n<td style=\"text-align: center\" width=\"100\">MPA03104<\/td>\n<td style=\"text-align: center\" width=\"160\">&nbsp;<\/p>\n<p>Farmacologia Veterin\u00e1ria<\/p>\n<p>&nbsp;<\/td>\n<td style=\"text-align: center\" width=\"172\">Medicina Veterin\u00e1ria<\/td>\n<td style=\"text-align: center\" width=\"133\">Obrigat\u00f3ria<\/td>\n<td style=\"text-align: center\" width=\"148\">Coordenador<\/td>\n<td width=\"89\">\n<p style=\"text-align: center\">102h<\/p>\n<\/td>\n<\/tr>\n<tr>\n<td width=\"100\">\n<p style=\"text-align: center\">MPA 3701<\/p>\n<\/td>\n<td style=\"text-align: center\" width=\"160\">&nbsp;<\/p>\n<p>T\u00f3picos Especiais em Farmacologia Veterin\u00e1ria<\/p>\n<p>&nbsp;<\/td>\n<td style=\"text-align: center\" width=\"172\">Programa de P\u00f3s-gradua\u00e7\u00e3o em Ci\u00eancia Animal<\/td>\n<td style=\"text-align: center\" width=\"133\">Obrigat\u00f3ria<\/td>\n<td style=\"text-align: center\" width=\"148\">Coordenador<\/td>\n<td style=\"text-align: center\" width=\"89\">51h<\/td>\n<\/tr>\n<tr>\n<td style=\"text-align: center\" width=\"100\">MPA 3800<\/td>\n<td style=\"text-align: center\" width=\"160\">&nbsp;<\/p>\n<p>Psicofarmacologia das Desordens Comportamentais em C\u00e3es e Gatos<\/p>\n<p>&nbsp;<\/td>\n<td style=\"text-align: center\" width=\"172\">Programa de P\u00f3s-gradua\u00e7\u00e3o em Ci\u00eancia Animal<\/td>\n<td style=\"text-align: center\" width=\"133\">Obrigat\u00f3ria<\/td>\n<td style=\"text-align: center\" width=\"148\">Coordenador<\/td>\n<td width=\"89\">\n<p style=\"text-align: center\">51h<\/p>\n<\/td>\n<\/tr>\n<tr>\n<td width=\"100\">\n<p style=\"text-align: center\">MPA03312<\/p>\n<\/td>\n<td style=\"text-align: center\" width=\"160\">&nbsp;<\/p>\n<p>Farmacologia Aplicada \u00e0 Zootecnia<\/p>\n<p>&nbsp;<\/td>\n<td style=\"text-align: center\" width=\"172\">Zootecnia<\/td>\n<td style=\"text-align: center\" width=\"133\">Obrigat\u00f3ria<\/td>\n<td style=\"text-align: center\" width=\"148\">Coordenador<\/td>\n<td width=\"89\">\n<p style=\"text-align: center\">51h<\/p>\n<\/td>\n<\/tr>\n<tr>\n<td colspan=\"7\" width=\"948\">\n<p style=\"text-align: center\"><strong>CARGA HOR\u00c1RIA TOTAL LMPA1309 horas<\/strong><\/p>\n<\/td>\n<\/tr>\n<\/tbody>\n<\/table>\n","protected":false},"excerpt":{"rendered":"<p>DISCIPLINAS DO LABORAT\u00d3RIO DE MORFOLOGIA E PATOLOGIA ANIMAL\/ABRIL 2015 \u00a0 NOME PROFESSOR \u00a0 C\u00d3DIGO DISCIPLINAS CURSO\/PROGRAMA OBRIGAT\u00d3RIA\/ OPTATIVA COORDENADOR\/ COLABORADOR&#8230;<\/p>\n","protected":false},"author":17,"featured_media":0,"parent":0,"menu_order":5,"comment_status":"closed","ping_status":"open","template":"","meta":{"footnotes":""},"class_list":["post-38","page","type-page","status-publish","hentry"],"_links":{"self":[{"href":"https:\/\/uenf.br\/ccta\/lmpa\/wp-json\/wp\/v2\/pages\/38","targetHints":{"allow":["GET"]}}],"collection":[{"href":"https:\/\/uenf.br\/ccta\/lmpa\/wp-json\/wp\/v2\/pages"}],"about":[{"href":"https:\/\/uenf.br\/ccta\/lmpa\/wp-json\/wp\/v2\/types\/page"}],"author":[{"embeddable":true,"href":"https:\/\/uenf.br\/ccta\/lmpa\/wp-json\/wp\/v2\/users\/17"}],"replies":[{"embeddable":true,"href":"https:\/\/uenf.br\/ccta\/lmpa\/wp-json\/wp\/v2\/comments?post=38"}],"version-history":[{"count":0,"href":"https:\/\/uenf.br\/ccta\/lmpa\/wp-json\/wp\/v2\/pages\/38\/revisions"}],"wp:attachment":[{"href":"https:\/\/uenf.br\/ccta\/lmpa\/wp-json\/wp\/v2\/media?parent=38"}],"curies":[{"name":"wp","href":"https:\/\/api.w.org\/{rel}","templated":true}]}}