{"id":46,"date":"2015-04-22T10:23:11","date_gmt":"2015-04-22T13:23:11","guid":{"rendered":"http:\/\/uenf.br\/ccta\/lmpa\/?page_id=46"},"modified":"2018-05-22T09:51:13","modified_gmt":"2018-05-22T12:51:13","slug":"atividades","status":"publish","type":"page","link":"https:\/\/uenf.br\/ccta\/lmpa\/atividades\/","title":{"rendered":"Atividades"},"content":{"rendered":"<p><strong>Laborat\u00f3rio de Morfologia e Patologia Animal (LMPA)<\/strong><\/p>\n<p>Realizar ensino, pesquisa e extens\u00e3o em morfologia e patologia incluindo aspectos macrosc\u00f3picos e microsc\u00f3picos, al\u00e9m dos efeitos farmacol\u00f3gicos e toxicol\u00f3gicos, bem como diagn\u00f3stico por imagem e a inspe\u00e7\u00e3o de produtos de origem animal.<\/p>\n","protected":false},"excerpt":{"rendered":"<p>Laborat\u00f3rio de Morfologia e Patologia Animal (LMPA) Realizar ensino, pesquisa e extens\u00e3o em morfologia e patologia incluindo aspectos macrosc\u00f3picos e&#8230;<\/p>\n","protected":false},"author":17,"featured_media":0,"parent":0,"menu_order":2,"comment_status":"closed","ping_status":"open","template":"","meta":{"footnotes":""},"class_list":["post-46","page","type-page","status-publish","hentry"],"_links":{"self":[{"href":"https:\/\/uenf.br\/ccta\/lmpa\/wp-json\/wp\/v2\/pages\/46","targetHints":{"allow":["GET"]}}],"collection":[{"href":"https:\/\/uenf.br\/ccta\/lmpa\/wp-json\/wp\/v2\/pages"}],"about":[{"href":"https:\/\/uenf.br\/ccta\/lmpa\/wp-json\/wp\/v2\/types\/page"}],"author":[{"embeddable":true,"href":"https:\/\/uenf.br\/ccta\/lmpa\/wp-json\/wp\/v2\/users\/17"}],"replies":[{"embeddable":true,"href":"https:\/\/uenf.br\/ccta\/lmpa\/wp-json\/wp\/v2\/comments?post=46"}],"version-history":[{"count":0,"href":"https:\/\/uenf.br\/ccta\/lmpa\/wp-json\/wp\/v2\/pages\/46\/revisions"}],"wp:attachment":[{"href":"https:\/\/uenf.br\/ccta\/lmpa\/wp-json\/wp\/v2\/media?parent=46"}],"curies":[{"name":"wp","href":"https:\/\/api.w.org\/{rel}","templated":true}]}}