{"id":62,"date":"2019-02-13T10:18:51","date_gmt":"2019-02-13T12:18:51","guid":{"rendered":"http:\/\/uenf.br\/ccta\/lmpa\/?page_id=62"},"modified":"2019-02-13T10:21:32","modified_gmt":"2019-02-13T12:21:32","slug":"servicos","status":"publish","type":"page","link":"https:\/\/uenf.br\/ccta\/lmpa\/servicos\/","title":{"rendered":"Servi\u00e7os"},"content":{"rendered":"<p><span style=\"font-family: Arial, serif\"><span style=\"font-size: medium\">Em integra\u00e7\u00e3o ao Hospital Veterin\u00e1rio, ao longo destes anos, o Laborat\u00f3rio de Morfologia e Patologia Animal realiza a presta\u00e7\u00e3o de servi\u00e7os em atendimentos cl\u00ednicos pelo N\u00facleo de Estudos e Pesquisa em Animais Selvagens (NEPAS) com mais de 5.000 atendimentos. Em rela\u00e7\u00e3o aos diagn\u00f3sticos laboratoriais (radiol\u00f3gicos e anatomopatol\u00f3gicos), foram mais de 20.000 exames realizados.<\/span><\/span><\/p>\n","protected":false},"excerpt":{"rendered":"<p>Em integra\u00e7\u00e3o ao Hospital Veterin\u00e1rio, ao longo destes anos, o Laborat\u00f3rio de Morfologia e Patologia Animal realiza a presta\u00e7\u00e3o de&#8230;<\/p>\n","protected":false},"author":16,"featured_media":0,"parent":0,"menu_order":7,"comment_status":"closed","ping_status":"closed","template":"","meta":{"footnotes":""},"class_list":["post-62","page","type-page","status-publish","hentry"],"_links":{"self":[{"href":"https:\/\/uenf.br\/ccta\/lmpa\/wp-json\/wp\/v2\/pages\/62","targetHints":{"allow":["GET"]}}],"collection":[{"href":"https:\/\/uenf.br\/ccta\/lmpa\/wp-json\/wp\/v2\/pages"}],"about":[{"href":"https:\/\/uenf.br\/ccta\/lmpa\/wp-json\/wp\/v2\/types\/page"}],"author":[{"embeddable":true,"href":"https:\/\/uenf.br\/ccta\/lmpa\/wp-json\/wp\/v2\/users\/16"}],"replies":[{"embeddable":true,"href":"https:\/\/uenf.br\/ccta\/lmpa\/wp-json\/wp\/v2\/comments?post=62"}],"version-history":[{"count":0,"href":"https:\/\/uenf.br\/ccta\/lmpa\/wp-json\/wp\/v2\/pages\/62\/revisions"}],"wp:attachment":[{"href":"https:\/\/uenf.br\/ccta\/lmpa\/wp-json\/wp\/v2\/media?parent=62"}],"curies":[{"name":"wp","href":"https:\/\/api.w.org\/{rel}","templated":true}]}}