{"id":69,"date":"2019-02-13T10:35:06","date_gmt":"2019-02-13T12:35:06","guid":{"rendered":"http:\/\/uenf.br\/ccta\/lmpa\/?page_id=69"},"modified":"2019-02-13T10:36:06","modified_gmt":"2019-02-13T12:36:06","slug":"extensao","status":"publish","type":"page","link":"https:\/\/uenf.br\/ccta\/lmpa\/extensao\/","title":{"rendered":"Extens\u00e3o"},"content":{"rendered":"<p><span style=\"font-family: Arial, serif\"><span style=\"font-size: medium\">Ao longo destes anos, o Laborat\u00f3rio de Morfologia e Patologia Animal (LMPA) foi contemplado com mais de 12 Projetos de Extens\u00e3o. Nossos professores conseguiram publicar mais de 80 artigos cient\u00edficos em revistas nacionais e internacionais e, ainda, alguns cap\u00edtulos de livros e mais de 100 r<\/span><\/span><span style=\"font-size: medium\"><span style=\"font-family: Arial, serif\">esumos publicados em anais de congressos.<\/span><\/span><\/p>\n","protected":false},"excerpt":{"rendered":"<p>Ao longo destes anos, o Laborat\u00f3rio de Morfologia e Patologia Animal (LMPA) foi contemplado com mais de 12 Projetos de&#8230;<\/p>\n","protected":false},"author":16,"featured_media":0,"parent":0,"menu_order":8,"comment_status":"closed","ping_status":"closed","template":"","meta":{"footnotes":""},"class_list":["post-69","page","type-page","status-publish","hentry"],"_links":{"self":[{"href":"https:\/\/uenf.br\/ccta\/lmpa\/wp-json\/wp\/v2\/pages\/69","targetHints":{"allow":["GET"]}}],"collection":[{"href":"https:\/\/uenf.br\/ccta\/lmpa\/wp-json\/wp\/v2\/pages"}],"about":[{"href":"https:\/\/uenf.br\/ccta\/lmpa\/wp-json\/wp\/v2\/types\/page"}],"author":[{"embeddable":true,"href":"https:\/\/uenf.br\/ccta\/lmpa\/wp-json\/wp\/v2\/users\/16"}],"replies":[{"embeddable":true,"href":"https:\/\/uenf.br\/ccta\/lmpa\/wp-json\/wp\/v2\/comments?post=69"}],"version-history":[{"count":0,"href":"https:\/\/uenf.br\/ccta\/lmpa\/wp-json\/wp\/v2\/pages\/69\/revisions"}],"wp:attachment":[{"href":"https:\/\/uenf.br\/ccta\/lmpa\/wp-json\/wp\/v2\/media?parent=69"}],"curies":[{"name":"wp","href":"https:\/\/api.w.org\/{rel}","templated":true}]}}