{"id":106,"date":"2024-05-30T13:40:46","date_gmt":"2024-05-30T16:40:46","guid":{"rendered":"https:\/\/uenf.br\/ccta\/lrmga\/?page_id=106"},"modified":"2024-06-03T16:01:59","modified_gmt":"2024-06-03T19:01:59","slug":"angelo-jose-burla-dias","status":"publish","type":"page","link":"https:\/\/uenf.br\/ccta\/lrmga\/angelo-jose-burla-dias\/","title":{"rendered":"Angelo Jos\u00e9 Burla Dias"},"content":{"rendered":"<p><a href=\"http:\/\/lattes.cnpq.br\/9765923327693409\" target=\"_blank\" rel=\"noopener\"><img loading=\"lazy\" decoding=\"async\" class=\"alignnone size-medium wp-image-199 aligncenter\" src=\"http:\/\/uenf.br\/ccta\/lrmga\/files\/2024\/06\/IMG_6921-281x300.jpeg\" alt=\"\" width=\"281\" height=\"300\" srcset=\"https:\/\/uenf.br\/ccta\/lrmga\/files\/2024\/06\/IMG_6921-281x300.jpeg 281w, https:\/\/uenf.br\/ccta\/lrmga\/files\/2024\/06\/IMG_6921-958x1024.jpeg 958w, https:\/\/uenf.br\/ccta\/lrmga\/files\/2024\/06\/IMG_6921-768x821.jpeg 768w, https:\/\/uenf.br\/ccta\/lrmga\/files\/2024\/06\/IMG_6921-1437x1536.jpeg 1437w, https:\/\/uenf.br\/ccta\/lrmga\/files\/2024\/06\/IMG_6921.jpeg 1892w\" sizes=\"auto, (max-width: 281px) 100vw, 281px\" \/><\/a><\/p>\n<p style=\"text-align: left\">Possui gradua\u00e7\u00e3o em Medicina Veterin\u00e1ria pela Universidade Federal de Vi\u00e7osa (1986), mestrado em Ci\u00eancia Animal (1997) e doutorado em Bioci\u00eancias e Biotecnologia (2002) pela Universidade Estadual do Norte Fluminense Darcy Ribeiro &#8211; UENF. \u00c9 professor associado da UENF desde 2004, ministrando aulas nas disciplinas de Embriologia e Reprodu\u00e7\u00e3o Animal para estudantes de Medicina Veterin\u00e1ria e Zootecnia, assim como atuando na p\u00f3s-gradua\u00e7\u00e3o dos cursos de Ci\u00eancia Animal, e Medicina Veterin\u00e1ria. Tem experi\u00eancia Seus estudos est\u00e3o voltados, prioritariamente, para a Biotecnologia da Reprodu\u00e7\u00e3o de Bovinos. <strong>\u00a0<\/strong><\/p>\n<p><strong>Linhas ou \u00e1reas de pesquisa: <\/strong><\/p>\n<ul>\n<li>Produ\u00e7\u00e3o in vitro de embri\u00f5es bovinos<\/li>\n<li>Criopreserva\u00e7\u00e3o de gametas e embri\u00f5es<\/li>\n<\/ul>\n<p><strong>Link Lattes: <\/strong>\u00a0<a href=\"http:\/\/lattes.cnpq.br\/9765923327693409\" target=\"_blank\" rel=\"noopener\">https:\/\/lattes.cnpq.br\/9765923327693409<\/a><\/p>\n<p><strong>Email contato: aburla@uenf.br<\/strong><\/p>\n<p>&nbsp;<\/p>\n","protected":false},"excerpt":{"rendered":"<p>Possui gradua\u00e7\u00e3o em Medicina Veterin\u00e1ria pela Universidade Federal de Vi\u00e7osa (1986), mestrado em Ci\u00eancia Animal (1997) e doutorado em Bioci\u00eancias&#8230;<\/p>\n","protected":false},"author":36,"featured_media":0,"parent":0,"menu_order":6,"comment_status":"closed","ping_status":"closed","template":"","meta":{"footnotes":""},"class_list":["post-106","page","type-page","status-publish","hentry"],"_links":{"self":[{"href":"https:\/\/uenf.br\/ccta\/lrmga\/wp-json\/wp\/v2\/pages\/106","targetHints":{"allow":["GET"]}}],"collection":[{"href":"https:\/\/uenf.br\/ccta\/lrmga\/wp-json\/wp\/v2\/pages"}],"about":[{"href":"https:\/\/uenf.br\/ccta\/lrmga\/wp-json\/wp\/v2\/types\/page"}],"author":[{"embeddable":true,"href":"https:\/\/uenf.br\/ccta\/lrmga\/wp-json\/wp\/v2\/users\/36"}],"replies":[{"embeddable":true,"href":"https:\/\/uenf.br\/ccta\/lrmga\/wp-json\/wp\/v2\/comments?post=106"}],"version-history":[{"count":0,"href":"https:\/\/uenf.br\/ccta\/lrmga\/wp-json\/wp\/v2\/pages\/106\/revisions"}],"wp:attachment":[{"href":"https:\/\/uenf.br\/ccta\/lrmga\/wp-json\/wp\/v2\/media?parent=106"}],"curies":[{"name":"wp","href":"https:\/\/api.w.org\/{rel}","templated":true}]}}