{"id":116,"date":"2024-05-30T14:14:08","date_gmt":"2024-05-30T17:14:08","guid":{"rendered":"https:\/\/uenf.br\/ccta\/lrmga\/?page_id=116"},"modified":"2024-06-12T20:16:45","modified_gmt":"2024-06-12T23:16:45","slug":"celia-raquel-quirino","status":"publish","type":"page","link":"https:\/\/uenf.br\/ccta\/lrmga\/celia-raquel-quirino\/","title":{"rendered":"Celia Raquel Quirino"},"content":{"rendered":"<p><a href=\"http:\/\/lattes.cnpq.br\/2171851706040729\" target=\"_blank\" rel=\"noopener\"><img loading=\"lazy\" decoding=\"async\" class=\"size-medium wp-image-225 aligncenter\" src=\"http:\/\/uenf.br\/ccta\/lrmga\/files\/2024\/06\/Foto-Celia-251x300.jpg\" alt=\"\" width=\"251\" height=\"300\" srcset=\"https:\/\/uenf.br\/ccta\/lrmga\/files\/2024\/06\/Foto-Celia-251x300.jpg 251w, https:\/\/uenf.br\/ccta\/lrmga\/files\/2024\/06\/Foto-Celia-857x1024.jpg 857w, https:\/\/uenf.br\/ccta\/lrmga\/files\/2024\/06\/Foto-Celia-768x918.jpg 768w, https:\/\/uenf.br\/ccta\/lrmga\/files\/2024\/06\/Foto-Celia-1285x1536.jpg 1285w, https:\/\/uenf.br\/ccta\/lrmga\/files\/2024\/06\/Foto-Celia-1713x2048.jpg 1713w, https:\/\/uenf.br\/ccta\/lrmga\/files\/2024\/06\/Foto-Celia.jpg 1858w\" sizes=\"auto, (max-width: 251px) 100vw, 251px\" \/><\/a><\/p>\n<p>Possui gradua\u00e7\u00e3o em Engenharia Agron\u00f3mica &#8211; Universidad Nacional de Mar Del Plata (1987), Mestrado em Zootecnia pela Universidade Federal de Minas Gerais (1994) e Doutorado em Ci\u00eancia Animal pela Universidade Federal de Minas Gerais (1999). Realizou P\u00f3s-Doutorado em Ci\u00eancia Animal na Universidade Federal de Minas Gerais (Brasil, 2001) e na Universidad Polit\u00e9cnica de Valencia (Espa\u00f1a, 2009). Atualmente \u00e9 professor associado da Universidade Estadual do Norte Fluminense Darcy Ribeiro. Tem experi\u00eancia na \u00e1rea de Zootecnia, com \u00eanfase em Gen\u00e9tica e Melhoramento dos Animais Dom\u00e9sticos de ovinos, b\u00fafalos, bovinos e equinos. Estima\u00e7\u00e3o de par\u00e2metros gen\u00e9ticos de caracter\u00edsticas de produ\u00e7\u00e3o e reprodu\u00e7\u00e3o. Conserva\u00e7\u00e3o de recursos gen\u00e9ticos animais. Bolsista em produtividade cient\u00edfica do CNPq desde 2010. Titulou 22 mestres e 12 doutores, que se encontram engajados na iniciativa p\u00fablica ou privada. Supervisou 11 p\u00f3s-doutorados. \u00c9 Cientista do Nosso Estado pela FAPERJ. <strong>\u00a0<\/strong><\/p>\n<p><strong>Linhas ou \u00e1reas de pesquisa:\u00a0 <\/strong><\/p>\n<ul>\n<li>Melhoramento Gen\u00e9tico Animal<\/li>\n<li>Conserva\u00e7\u00e3o de Recursos Gen\u00e9ticos animais<\/li>\n<\/ul>\n<p><strong>Link Lattes: <\/strong><a href=\"http:\/\/lattes.cnpq.br\/2171851706040729\" target=\"_blank\" rel=\"noopener\">http:\/\/lattes.cnpq.br\/2171851706040729<\/a><\/p>\n<p><strong>Email contato: <\/strong>crq@uenf.br<\/p>\n","protected":false},"excerpt":{"rendered":"<p>Possui gradua\u00e7\u00e3o em Engenharia Agron\u00f3mica &#8211; Universidad Nacional de Mar Del Plata (1987), Mestrado em Zootecnia pela Universidade Federal de&#8230;<\/p>\n","protected":false},"author":36,"featured_media":0,"parent":0,"menu_order":7,"comment_status":"closed","ping_status":"closed","template":"","meta":{"footnotes":""},"class_list":["post-116","page","type-page","status-publish","hentry"],"_links":{"self":[{"href":"https:\/\/uenf.br\/ccta\/lrmga\/wp-json\/wp\/v2\/pages\/116","targetHints":{"allow":["GET"]}}],"collection":[{"href":"https:\/\/uenf.br\/ccta\/lrmga\/wp-json\/wp\/v2\/pages"}],"about":[{"href":"https:\/\/uenf.br\/ccta\/lrmga\/wp-json\/wp\/v2\/types\/page"}],"author":[{"embeddable":true,"href":"https:\/\/uenf.br\/ccta\/lrmga\/wp-json\/wp\/v2\/users\/36"}],"replies":[{"embeddable":true,"href":"https:\/\/uenf.br\/ccta\/lrmga\/wp-json\/wp\/v2\/comments?post=116"}],"version-history":[{"count":0,"href":"https:\/\/uenf.br\/ccta\/lrmga\/wp-json\/wp\/v2\/pages\/116\/revisions"}],"wp:attachment":[{"href":"https:\/\/uenf.br\/ccta\/lrmga\/wp-json\/wp\/v2\/media?parent=116"}],"curies":[{"name":"wp","href":"https:\/\/api.w.org\/{rel}","templated":true}]}}