{"id":128,"date":"2024-05-30T14:32:51","date_gmt":"2024-05-30T17:32:51","guid":{"rendered":"https:\/\/uenf.br\/ccta\/lrmga\/?page_id=128"},"modified":"2024-06-03T16:09:59","modified_gmt":"2024-06-03T19:09:59","slug":"maria-clara-caldas-bussiere","status":"publish","type":"page","link":"https:\/\/uenf.br\/ccta\/lrmga\/maria-clara-caldas-bussiere\/","title":{"rendered":"Maria Clara Caldas Bussiere"},"content":{"rendered":"<p><a href=\"http:\/\/lattes.cnpq.br\/7847199931601386\" target=\"_blank\" rel=\"noopener\"><img loading=\"lazy\" decoding=\"async\" class=\"size-medium wp-image-211 aligncenter\" src=\"http:\/\/uenf.br\/ccta\/lrmga\/files\/2024\/06\/IMG_6925-281x300.jpeg\" alt=\"\" width=\"281\" height=\"300\" srcset=\"https:\/\/uenf.br\/ccta\/lrmga\/files\/2024\/06\/IMG_6925-281x300.jpeg 281w, https:\/\/uenf.br\/ccta\/lrmga\/files\/2024\/06\/IMG_6925-958x1024.jpeg 958w, https:\/\/uenf.br\/ccta\/lrmga\/files\/2024\/06\/IMG_6925-768x821.jpeg 768w, https:\/\/uenf.br\/ccta\/lrmga\/files\/2024\/06\/IMG_6925-1437x1536.jpeg 1437w, https:\/\/uenf.br\/ccta\/lrmga\/files\/2024\/06\/IMG_6925.jpeg 1892w\" sizes=\"auto, (max-width: 281px) 100vw, 281px\" \/><\/a>Gradua\u00e7\u00e3o em Medicina Veterin\u00e1ria pela Universidade Federal Fluminense (UFF), mestrado em Zootecnia pela Universidade Estadual Paulista J\u00falio de Mesquita &#8211; Campus de Jaboticabal (1990) e doutorado em Ci\u00eancias (Fisiologia Geral) pela Universidade de S\u00e3o Paulo (FMRP-USP) (1996). Atualmente \u00e9 Professora Associada da Universidade Estadual do Norte Fluminense Darcy Ribeiro (UENF). Tem experi\u00eancia na \u00e1rea de Medicina Veterin\u00e1ria com \u00eanfase em Fisiologia da Reprodu\u00e7\u00e3o Animal e Biotecnologias aplicadas \u00e0 Reprodu\u00e7\u00e3o Animal, atuando principalmente nos seguintes temas: matura\u00e7\u00e3o de o\u00f3citos, capacita\u00e7\u00e3o de espermatozoides, fecunda\u00e7\u00e3o &#8220;in vitro&#8221;\/desenvolvimento embrion\u00e1rio e influ\u00eancia da via de sinaliza\u00e7\u00e3o L-arginina\/\u00f3xido n\u00edtrico sintase\/GMPc e poliaminas nestas etapas com o objetivo de otimizar o sistema de produ\u00e7\u00e3o &#8220;in vitro&#8221; de embri\u00f5es em esp\u00e9cies de interesse zoot\u00e9cnico e primatas. Titulou 16 mestres e 10 doutores, que se encontram inseridos na iniciativa p\u00fablica ou privada.<\/p>\n<p><strong>Linhas ou \u00e1reas de pesquisa:<\/strong><\/p>\n<ul>\n<li>Biotecnologia da Reprodu\u00e7\u00e3o<\/li>\n<li>Fisiologia da reprodu\u00e7\u00e3o<\/li>\n<li>Clonagem e Transg\u00eanese Animal<\/li>\n<\/ul>\n<p><strong>Link Lattes: <\/strong>\u00a0<a href=\"http:\/\/lattes.cnpq.br\/7847199931601386\" target=\"_blank\" rel=\"noopener\">https:\/\/lattes.cnpq.br\/7847199931601386<\/a><\/p>\n<p><strong>Email contato: <\/strong><a href=\"mailto:claracal@uenf.br\">claracal@uenf.br<\/a>, mariaclaracaldasbussiere@gmail.com<\/p>\n","protected":false},"excerpt":{"rendered":"<p>Gradua\u00e7\u00e3o em Medicina Veterin\u00e1ria pela Universidade Federal Fluminense (UFF), mestrado em Zootecnia pela Universidade Estadual Paulista J\u00falio de Mesquita &#8211;&#8230;<\/p>\n","protected":false},"author":36,"featured_media":0,"parent":0,"menu_order":8,"comment_status":"closed","ping_status":"closed","template":"","meta":{"footnotes":""},"class_list":["post-128","page","type-page","status-publish","hentry"],"_links":{"self":[{"href":"https:\/\/uenf.br\/ccta\/lrmga\/wp-json\/wp\/v2\/pages\/128","targetHints":{"allow":["GET"]}}],"collection":[{"href":"https:\/\/uenf.br\/ccta\/lrmga\/wp-json\/wp\/v2\/pages"}],"about":[{"href":"https:\/\/uenf.br\/ccta\/lrmga\/wp-json\/wp\/v2\/types\/page"}],"author":[{"embeddable":true,"href":"https:\/\/uenf.br\/ccta\/lrmga\/wp-json\/wp\/v2\/users\/36"}],"replies":[{"embeddable":true,"href":"https:\/\/uenf.br\/ccta\/lrmga\/wp-json\/wp\/v2\/comments?post=128"}],"version-history":[{"count":0,"href":"https:\/\/uenf.br\/ccta\/lrmga\/wp-json\/wp\/v2\/pages\/128\/revisions"}],"wp:attachment":[{"href":"https:\/\/uenf.br\/ccta\/lrmga\/wp-json\/wp\/v2\/media?parent=128"}],"curies":[{"name":"wp","href":"https:\/\/api.w.org\/{rel}","templated":true}]}}