{"id":134,"date":"2024-05-30T14:40:56","date_gmt":"2024-05-30T17:40:56","guid":{"rendered":"https:\/\/uenf.br\/ccta\/lrmga\/?page_id=134"},"modified":"2025-01-30T10:13:11","modified_gmt":"2025-01-30T13:13:11","slug":"wilder-hernando-ortiz-vega","status":"publish","type":"page","link":"https:\/\/uenf.br\/ccta\/lrmga\/wilder-hernando-ortiz-vega\/","title":{"rendered":"Wilder Hernando Ortiz Vega"},"content":{"rendered":"<p style=\"text-align: left\"><a href=\"http:\/\/lattes.cnpq.br\/7737203994066205\" target=\"_blank\" rel=\"noopener\"><img loading=\"lazy\" decoding=\"async\" class=\"size-medium wp-image-194 aligncenter\" src=\"http:\/\/uenf.br\/ccta\/lrmga\/files\/2024\/06\/IMG_4193-281x300.jpeg\" alt=\"\" width=\"281\" height=\"300\" srcset=\"https:\/\/uenf.br\/ccta\/lrmga\/files\/2024\/06\/IMG_4193-281x300.jpeg 281w, https:\/\/uenf.br\/ccta\/lrmga\/files\/2024\/06\/IMG_4193-958x1024.jpeg 958w, https:\/\/uenf.br\/ccta\/lrmga\/files\/2024\/06\/IMG_4193-768x821.jpeg 768w, https:\/\/uenf.br\/ccta\/lrmga\/files\/2024\/06\/IMG_4193-1437x1536.jpeg 1437w, https:\/\/uenf.br\/ccta\/lrmga\/files\/2024\/06\/IMG_4193.jpeg 1892w\" sizes=\"auto, (max-width: 281px) 100vw, 281px\" \/><\/a><br \/>\nPossui gradua\u00e7\u00e3o em Medicina Veterin\u00e1ria e Zootecnia pelo INSTITUTO UNIVERSIT\u00c1RIO DE LA PAZ (Col\u00f4mbia) (2000). Mestre (UENF-2014) e doutor em Ci\u00eancia Animal (UENF-2018) na \u00e1rea de Melhoramento Gen\u00e9tico Animal e Biotecnologia da Reprodu\u00e7\u00e3o. Possui p\u00f3s-doutorado (2018-2021), na Universidade Estadual Vale do Acara\u00fa- UVA, Sobral, CE. Atualmente \u00e9 professor associado da Universidade Estadual do Norte Fluminense -UENF. Tem experi\u00eancia t\u00e9cnica, de pesquisa e doc\u00eancia nas \u00e1reas de gen\u00e9tica animal, melhoramento gen\u00e9tico,\u00a0 conserva\u00e7\u00e3o de recursos gen\u00e9ticos, estat\u00edstica experimental, produ\u00e7\u00e3o ovina e bovina, com \u00eanfase no uso de marcadores moleculares, interpreta\u00e7\u00e3o de avalia\u00e7\u00f5es gen\u00e9ticas e gen\u00f4micas e reprodu\u00e7\u00e3o e biotecnologia de s\u00eamen e embri\u00f5es em bovinos. Atualmente, possui 43 artigos publicados em peri\u00f3dicos especializados e orienta tr\u00eas bolsistas de Inicia\u00e7\u00e3o Cient\u00edfica e dois alunos de Mestrado.<\/p>\n<p><strong>Linhas ou \u00e1reas de pesquisa: <\/strong><\/p>\n<ul>\n<li>Aumento da produtividade animal a partir das novas abordagens gen\u00f4micas e moleculares do melhoramento gen\u00e9tico (CRISPR e edi\u00e7\u00e3o g\u00eanica).<\/li>\n<li>Melhoramento gen\u00e9tico de precis\u00e3o<\/li>\n<\/ul>\n<p><strong>Link Lattes:<\/strong> <a href=\"http:\/\/lattes.cnpq.br\/7737203994066205\" target=\"_blank\" rel=\"noopener\">http:\/\/lattes.cnpq.br\/7737203994066205<\/a><\/p>\n<p><strong>Email contato: <\/strong>wilder.vega@uenf.br<\/p>\n","protected":false},"excerpt":{"rendered":"<p>Possui gradua\u00e7\u00e3o em Medicina Veterin\u00e1ria e Zootecnia pelo INSTITUTO UNIVERSIT\u00c1RIO DE LA PAZ (Col\u00f4mbia) (2000). Mestre (UENF-2014) e doutor em&#8230;<\/p>\n","protected":false},"author":36,"featured_media":0,"parent":0,"menu_order":9,"comment_status":"closed","ping_status":"closed","template":"","meta":{"footnotes":""},"class_list":["post-134","page","type-page","status-publish","hentry"],"_links":{"self":[{"href":"https:\/\/uenf.br\/ccta\/lrmga\/wp-json\/wp\/v2\/pages\/134","targetHints":{"allow":["GET"]}}],"collection":[{"href":"https:\/\/uenf.br\/ccta\/lrmga\/wp-json\/wp\/v2\/pages"}],"about":[{"href":"https:\/\/uenf.br\/ccta\/lrmga\/wp-json\/wp\/v2\/types\/page"}],"author":[{"embeddable":true,"href":"https:\/\/uenf.br\/ccta\/lrmga\/wp-json\/wp\/v2\/users\/36"}],"replies":[{"embeddable":true,"href":"https:\/\/uenf.br\/ccta\/lrmga\/wp-json\/wp\/v2\/comments?post=134"}],"version-history":[{"count":0,"href":"https:\/\/uenf.br\/ccta\/lrmga\/wp-json\/wp\/v2\/pages\/134\/revisions"}],"wp:attachment":[{"href":"https:\/\/uenf.br\/ccta\/lrmga\/wp-json\/wp\/v2\/media?parent=134"}],"curies":[{"name":"wp","href":"https:\/\/api.w.org\/{rel}","templated":true}]}}