{"id":140,"date":"2024-05-30T15:00:13","date_gmt":"2024-05-30T18:00:13","guid":{"rendered":"https:\/\/uenf.br\/ccta\/lrmga\/?page_id=140"},"modified":"2024-06-26T09:56:26","modified_gmt":"2024-06-26T12:56:26","slug":"isabel-candia-nunes-da-cunha","status":"publish","type":"page","link":"https:\/\/uenf.br\/ccta\/lrmga\/isabel-candia-nunes-da-cunha\/","title":{"rendered":"Isabel Candia Nunes da Cunha"},"content":{"rendered":"<p><a href=\"http:\/\/lattes.cnpq.br\/3961597070150740\" target=\"_blank\" rel=\"noopener\"><img loading=\"lazy\" decoding=\"async\" class=\"size-medium wp-image-293 aligncenter\" src=\"http:\/\/uenf.br\/ccta\/lrmga\/files\/2024\/06\/IMG_7002-281x300.jpeg\" alt=\"\" width=\"281\" height=\"300\" srcset=\"https:\/\/uenf.br\/ccta\/lrmga\/files\/2024\/06\/IMG_7002-281x300.jpeg 281w, https:\/\/uenf.br\/ccta\/lrmga\/files\/2024\/06\/IMG_7002-958x1024.jpeg 958w, https:\/\/uenf.br\/ccta\/lrmga\/files\/2024\/06\/IMG_7002-768x821.jpeg 768w, https:\/\/uenf.br\/ccta\/lrmga\/files\/2024\/06\/IMG_7002-1437x1536.jpeg 1437w, https:\/\/uenf.br\/ccta\/lrmga\/files\/2024\/06\/IMG_7002.jpeg 1892w\" sizes=\"auto, (max-width: 281px) 100vw, 281px\" \/><\/a><\/p>\n<p>Concluiu o doutorado em Medicina Veterin\u00e1ria em 2002 pela UNESP &#8211; Botucatu na \u00e1rea de Reprodu\u00e7\u00e3o Animal. Realizou p\u00f3s-doutoramento na Tier\u00e4rztliche Hochschule Hannover\/Alemanha (2009 &#8211; 2010) na \u00e1rea de Criopreserva\u00e7\u00e3o de S\u00eamen. Professora Associada da Universidade Estadual do Norte Fluminense desde 2003 vinculada ao LRMGA. Na UENF, coordenou o Curso de Medicina Veterin\u00e1ria de 2011 a 2016 e o Programa de Resid\u00eancia Veterin\u00e1ria de 2018 a 2022. Publicou 28 artigos. Orientou 22 trabalhos de conclus\u00e3o de curso na \u00e1rea de Medicina Veterin\u00e1ria, 17 inicia\u00e7\u00f5es cient\u00edficas, 02 Resid\u00eancia em Medicina Veterin\u00e1ria, 07 mestrados e 05 doutorados em Ci\u00eancia Animal e 04 TCCs de conclus\u00e3o de Resid\u00eancia em Medicina Veterin\u00e1ria. Atualmente atua como orientadora no Programa de P\u00f3s-gradua\u00e7\u00e3o em Medicina veterin\u00e1ria na \u00e1rea de Reprodu\u00e7\u00e3o de Animais de Companhia aos quais est\u00e3o vinculados a orienta\u00e7\u00e3o de: 01 Mestrado Acad\u00eamico, 05 Resid\u00eancias em Med. Veterin\u00e1ria, 04 Inicia\u00e7\u00f5es Cient\u00edficas, 09 Bolsas de Extens\u00e3o e 01 Trabalhos de Conclus\u00e3o de Curso de Gradua\u00e7\u00e3o.<\/p>\n<p><strong>Linhas ou \u00e1reas de pesquisa: <\/strong><\/p>\n<ul>\n<li>Criopreserva\u00e7\u00e3o de S\u00eamen<\/li>\n<li>Biotecnologias da reprodu\u00e7\u00e3o<\/li>\n<\/ul>\n<p><strong>Link Lattes: <\/strong><a href=\"http:\/\/lattes.cnpq.br\/3961597070150740\" target=\"_blank\" rel=\"noopener\">http:\/\/lattes.cnpq.br\/3961597070150740<\/a><\/p>\n<p><strong>Email contato: <\/strong>cunhaicn@uenf.br<\/p>\n","protected":false},"excerpt":{"rendered":"<p>Concluiu o doutorado em Medicina Veterin\u00e1ria em 2002 pela UNESP &#8211; Botucatu na \u00e1rea de Reprodu\u00e7\u00e3o Animal. Realizou p\u00f3s-doutoramento na&#8230;<\/p>\n","protected":false},"author":36,"featured_media":0,"parent":0,"menu_order":10,"comment_status":"closed","ping_status":"closed","template":"","meta":{"footnotes":""},"class_list":["post-140","page","type-page","status-publish","hentry"],"_links":{"self":[{"href":"https:\/\/uenf.br\/ccta\/lrmga\/wp-json\/wp\/v2\/pages\/140","targetHints":{"allow":["GET"]}}],"collection":[{"href":"https:\/\/uenf.br\/ccta\/lrmga\/wp-json\/wp\/v2\/pages"}],"about":[{"href":"https:\/\/uenf.br\/ccta\/lrmga\/wp-json\/wp\/v2\/types\/page"}],"author":[{"embeddable":true,"href":"https:\/\/uenf.br\/ccta\/lrmga\/wp-json\/wp\/v2\/users\/36"}],"replies":[{"embeddable":true,"href":"https:\/\/uenf.br\/ccta\/lrmga\/wp-json\/wp\/v2\/comments?post=140"}],"version-history":[{"count":0,"href":"https:\/\/uenf.br\/ccta\/lrmga\/wp-json\/wp\/v2\/pages\/140\/revisions"}],"wp:attachment":[{"href":"https:\/\/uenf.br\/ccta\/lrmga\/wp-json\/wp\/v2\/media?parent=140"}],"curies":[{"name":"wp","href":"https:\/\/api.w.org\/{rel}","templated":true}]}}