{"id":144,"date":"2024-05-30T15:05:09","date_gmt":"2024-05-30T18:05:09","guid":{"rendered":"https:\/\/uenf.br\/ccta\/lrmga\/?page_id=144"},"modified":"2025-01-29T15:51:49","modified_gmt":"2025-01-29T18:51:49","slug":"luis-fonseca-matos","status":"publish","type":"page","link":"https:\/\/uenf.br\/ccta\/lrmga\/luis-fonseca-matos\/","title":{"rendered":"Luis Fonseca Matos"},"content":{"rendered":"<p><img loading=\"lazy\" decoding=\"async\" class=\" wp-image-272 aligncenter\" src=\"http:\/\/uenf.br\/ccta\/lrmga\/files\/2024\/06\/IMG_6972-281x300.jpeg\" alt=\"\" width=\"193\" height=\"206\" srcset=\"https:\/\/uenf.br\/ccta\/lrmga\/files\/2024\/06\/IMG_6972-281x300.jpeg 281w, https:\/\/uenf.br\/ccta\/lrmga\/files\/2024\/06\/IMG_6972-958x1024.jpeg 958w, https:\/\/uenf.br\/ccta\/lrmga\/files\/2024\/06\/IMG_6972-768x821.jpeg 768w, https:\/\/uenf.br\/ccta\/lrmga\/files\/2024\/06\/IMG_6972-1437x1536.jpeg 1437w, https:\/\/uenf.br\/ccta\/lrmga\/files\/2024\/06\/IMG_6972.jpeg 1892w\" sizes=\"auto, (max-width: 193px) 100vw, 193px\" \/><\/p>\n<p>Gradua\u00e7\u00e3o em Medicina Veterin\u00e1ria pela Universidade Federal de Vi\u00e7osa (1997), mestrado em Produ\u00e7\u00e3o Animal pela Universidade Estadual do Norte Fluminense Darcy Ribeiro (2000) e doutorado em Produ\u00e7\u00e3o Animal pela Universidade Estadual do Norte Fluminense Darcy Ribeiro (2004) e doutorado sandu\u00edche no LFL\/ Alemanha (Landesanstalt F\u00fcr Landwirtschaft\/ Grub). Experi\u00eancia na \u00e1rea de Reprodu\u00e7\u00e3o Animal, com \u00eanfase em Obstetr\u00edcia e Biotecnologia da Reprodu\u00e7\u00e3o de Grandes Animais, atuando na realiza\u00e7\u00e3o de ultrassonografia reprodutiva, atendimento obst\u00e9trico, insemina\u00e7\u00e3o artificial, transfer\u00eancia de embri\u00f5es e produ\u00e7\u00e3o in vitro de embri\u00f5es. Fun\u00e7\u00f5es atuais: Professor Associado de Obstetr\u00edcia Veterin\u00e1ria da Univ Estadual do Norte Fluminense &#8211; UENF, Membro da Sociedade Brasileira de Tecnologia de Embri\u00f5es (SBTE).<\/p>\n<p><strong>Linhas ou \u00e1reas de pesquisa:<\/strong><\/p>\n<p>Difus\u00e3o e inova\u00e7\u00e3o da produ\u00e7\u00e3o in vitro de embri\u00f5es<\/p>\n<p>Biotecnologias reprodutivas em grandes animais<\/p>\n<p><strong>Link Lattes: <\/strong><a href=\"http:\/\/lattes.cnpq.br\/9488133154533517\" target=\"_blank\" rel=\"noopener\">http:\/\/lattes.cnpq.br\/9488133154533517<\/a><\/p>\n<p><strong>Email contato: <\/strong>lmatos@uenf.br<\/p>\n","protected":false},"excerpt":{"rendered":"<p>Gradua\u00e7\u00e3o em Medicina Veterin\u00e1ria pela Universidade Federal de Vi\u00e7osa (1997), mestrado em Produ\u00e7\u00e3o Animal pela Universidade Estadual do Norte Fluminense&#8230;<\/p>\n","protected":false},"author":36,"featured_media":0,"parent":0,"menu_order":11,"comment_status":"closed","ping_status":"closed","template":"","meta":{"footnotes":""},"class_list":["post-144","page","type-page","status-publish","hentry"],"_links":{"self":[{"href":"https:\/\/uenf.br\/ccta\/lrmga\/wp-json\/wp\/v2\/pages\/144","targetHints":{"allow":["GET"]}}],"collection":[{"href":"https:\/\/uenf.br\/ccta\/lrmga\/wp-json\/wp\/v2\/pages"}],"about":[{"href":"https:\/\/uenf.br\/ccta\/lrmga\/wp-json\/wp\/v2\/types\/page"}],"author":[{"embeddable":true,"href":"https:\/\/uenf.br\/ccta\/lrmga\/wp-json\/wp\/v2\/users\/36"}],"replies":[{"embeddable":true,"href":"https:\/\/uenf.br\/ccta\/lrmga\/wp-json\/wp\/v2\/comments?post=144"}],"version-history":[{"count":0,"href":"https:\/\/uenf.br\/ccta\/lrmga\/wp-json\/wp\/v2\/pages\/144\/revisions"}],"wp:attachment":[{"href":"https:\/\/uenf.br\/ccta\/lrmga\/wp-json\/wp\/v2\/media?parent=144"}],"curies":[{"name":"wp","href":"https:\/\/api.w.org\/{rel}","templated":true}]}}