{"id":148,"date":"2024-05-30T15:10:30","date_gmt":"2024-05-30T18:10:30","guid":{"rendered":"https:\/\/uenf.br\/ccta\/lrmga\/?page_id=148"},"modified":"2025-01-29T15:51:13","modified_gmt":"2025-01-29T18:51:13","slug":"rosemary-bastos","status":"publish","type":"page","link":"https:\/\/uenf.br\/ccta\/lrmga\/rosemary-bastos\/","title":{"rendered":"Rosemary Bastos"},"content":{"rendered":"<p><img loading=\"lazy\" decoding=\"async\" class=\" wp-image-273 aligncenter\" src=\"http:\/\/uenf.br\/ccta\/lrmga\/files\/2024\/06\/IMG_6971-281x300.jpeg\" alt=\"\" width=\"171\" height=\"183\" srcset=\"https:\/\/uenf.br\/ccta\/lrmga\/files\/2024\/06\/IMG_6971-281x300.jpeg 281w, https:\/\/uenf.br\/ccta\/lrmga\/files\/2024\/06\/IMG_6971-958x1024.jpeg 958w, https:\/\/uenf.br\/ccta\/lrmga\/files\/2024\/06\/IMG_6971-768x821.jpeg 768w, https:\/\/uenf.br\/ccta\/lrmga\/files\/2024\/06\/IMG_6971-1437x1536.jpeg 1437w, https:\/\/uenf.br\/ccta\/lrmga\/files\/2024\/06\/IMG_6971.jpeg 1892w\" sizes=\"auto, (max-width: 171px) 100vw, 171px\" \/><\/p>\n<p>Possui gradua\u00e7\u00e3o em Farm\u00e1cia-bioqu\u00edmica pela Universidade Estadual Paulista J\u00falio de Mesquita Filho (1993), mestrado em Fisiologia pela Universidade de S\u00e3o Paulo (1996) e doutorado em Fisiologia pela Universidade de S\u00e3o Paulo (2000) e Especializa\u00e7\u00e3o em Direito Animal pela UNINTER (2022). Atualmente \u00e9 professor associado da Universidade Estadual do Norte Fluminense Darcy Ribeiro. Ministra disciplinas nas \u00e1reas de Fisiologia e Bem-estar animal. Tem experi\u00eancia na \u00e1rea de Fisiologia, atuando principalmente nos seguintes temas: fisiologia end\u00f3crina, comportamento e bem-estar animal. Respons\u00e1vel desde 2006: a) pelo Setor de Comportamento e Bem-estar animal pertencente ao LRMGA e b) pelo laborat\u00f3rio de radioimunoensaio que faz parte deste setor, sendo credenciado pela Comiss\u00e3o Nacional de Energia Nuclear. Participa da Comiss\u00e3o de \u00c9tica de Uso de Animais, faz parte do Colegiado do curso de gradua\u00e7\u00e3o em zootecnia e da C\u00e2mara de Assuntos Comunit\u00e1rios (CAMAC). Foi coordenadora de extens\u00e3o de 2016 a 2020 e coordenadora da Semana do Produtor Rural da UENF nos anos de 2018, 2019, 2022 e 2023.<\/p>\n<p><strong>Linhas ou \u00e1reas de pesquisa: <\/strong><\/p>\n<ul>\n<li>Fisiologia e Bem-estar animal<\/li>\n<\/ul>\n<p><strong>Link Lattes: <\/strong><a href=\"http:\/\/lattes.cnpq.br\/0194173115576666\" target=\"_blank\" rel=\"noopener\">http:\/\/lattes.cnpq.br\/0194173115576666<\/a><\/p>\n<p><strong>Email contato: <\/strong>rosebast@uenf.br<\/p>\n","protected":false},"excerpt":{"rendered":"<p>Possui gradua\u00e7\u00e3o em Farm\u00e1cia-bioqu\u00edmica pela Universidade Estadual Paulista J\u00falio de Mesquita Filho (1993), mestrado em Fisiologia pela Universidade de S\u00e3o&#8230;<\/p>\n","protected":false},"author":36,"featured_media":0,"parent":0,"menu_order":12,"comment_status":"closed","ping_status":"closed","template":"","meta":{"footnotes":""},"class_list":["post-148","page","type-page","status-publish","hentry"],"_links":{"self":[{"href":"https:\/\/uenf.br\/ccta\/lrmga\/wp-json\/wp\/v2\/pages\/148","targetHints":{"allow":["GET"]}}],"collection":[{"href":"https:\/\/uenf.br\/ccta\/lrmga\/wp-json\/wp\/v2\/pages"}],"about":[{"href":"https:\/\/uenf.br\/ccta\/lrmga\/wp-json\/wp\/v2\/types\/page"}],"author":[{"embeddable":true,"href":"https:\/\/uenf.br\/ccta\/lrmga\/wp-json\/wp\/v2\/users\/36"}],"replies":[{"embeddable":true,"href":"https:\/\/uenf.br\/ccta\/lrmga\/wp-json\/wp\/v2\/comments?post=148"}],"version-history":[{"count":0,"href":"https:\/\/uenf.br\/ccta\/lrmga\/wp-json\/wp\/v2\/pages\/148\/revisions"}],"wp:attachment":[{"href":"https:\/\/uenf.br\/ccta\/lrmga\/wp-json\/wp\/v2\/media?parent=148"}],"curies":[{"name":"wp","href":"https:\/\/api.w.org\/{rel}","templated":true}]}}