{"id":153,"date":"2024-05-30T15:13:39","date_gmt":"2024-05-30T18:13:39","guid":{"rendered":"https:\/\/uenf.br\/ccta\/lrmga\/?page_id=153"},"modified":"2024-06-03T16:18:09","modified_gmt":"2024-06-03T19:18:09","slug":"jose-frederico-straggiotti-silva","status":"publish","type":"page","link":"https:\/\/uenf.br\/ccta\/lrmga\/jose-frederico-straggiotti-silva\/","title":{"rendered":"Jos\u00e9 Frederico Straggiotti Silva"},"content":{"rendered":"<p>&nbsp;<\/p>\n<p><a href=\"http:\/\/lattes.cnpq.br\/1845406575748415\" target=\"_blank\" rel=\"noopener\"><img loading=\"lazy\" decoding=\"async\" class=\"size-medium wp-image-215 aligncenter\" src=\"http:\/\/uenf.br\/ccta\/lrmga\/files\/2024\/06\/IMG_6927-281x300.jpeg\" alt=\"\" width=\"281\" height=\"300\" srcset=\"https:\/\/uenf.br\/ccta\/lrmga\/files\/2024\/06\/IMG_6927-281x300.jpeg 281w, https:\/\/uenf.br\/ccta\/lrmga\/files\/2024\/06\/IMG_6927-958x1024.jpeg 958w, https:\/\/uenf.br\/ccta\/lrmga\/files\/2024\/06\/IMG_6927-768x821.jpeg 768w, https:\/\/uenf.br\/ccta\/lrmga\/files\/2024\/06\/IMG_6927-1437x1536.jpeg 1437w, https:\/\/uenf.br\/ccta\/lrmga\/files\/2024\/06\/IMG_6927.jpeg 1892w\" sizes=\"auto, (max-width: 281px) 100vw, 281px\" \/><\/a><br \/>\nPossui gradua\u00e7\u00e3o em Medicina Veterin\u00e1ria pela Universidade Federal do Rio Grande do Sul (1985), mestrado em Medicina Veterin\u00e1ria pela Universidade Federal de Santa Maria (1988) e doutorado em Medicina Veterin\u00e1ria &#8211; Tier\u00e4rztlichen Hochschule Hannover (1993). Atualmente \u00e9 prof. associado da Universidade Estadual do Norte Fluminense Darcy Ribeiro. Tem experi\u00eancia na \u00e1rea de Reprodu\u00e7\u00e3o Equina, com \u00eanfase em Manejo da Reprodu\u00e7\u00e3o Equina, Transfer\u00eancia de Embri\u00e3o e Criopreserva\u00e7\u00e3o de S\u00eamen Equino, atuando principalmente nos seguintes temas: equino, s\u00eamen, criopreserva\u00e7\u00e3o, espermatozoides, transfer\u00eancia de embri\u00e3o. Advogado pela Universidade Est\u00e1cio de S\u00e1. Fez P\u00f3s-Gradua\u00e7\u00e3o em Direito P\u00fablico pela Universidade Anhanguera\/Uniderp, rede de ensino Luiz Fl\u00e1vio Gomes. Cargos administrativos exercidos Chefia do LRMGA e Hospital Veterin\u00e1rio, Diretor do Centro de Ci\u00eancias e Tecnologias Agropecu\u00e1rias (CCTA).<\/p>\n<p><strong>Linhas ou \u00e1reas de pesquisa:<\/strong><\/p>\n<ul>\n<li>Biotecnologia da Reprodu\u00e7\u00e3o<\/li>\n<li>Fisiologia e Melhoramento Gen\u00e9tico Animal<\/li>\n<\/ul>\n<p><strong>Link Lattes: <\/strong><a href=\"http:\/\/lattes.cnpq.br\/1845406575748415\" target=\"_blank\" rel=\"noopener\">http:\/\/lattes.cnpq.br\/1845406575748415<\/a><\/p>\n<p><strong>Email contato: <\/strong>straggio@uenf.br e fredericostraggio@gmail.com<\/p>\n","protected":false},"excerpt":{"rendered":"<p>&nbsp; Possui gradua\u00e7\u00e3o em Medicina Veterin\u00e1ria pela Universidade Federal do Rio Grande do Sul (1985), mestrado em Medicina Veterin\u00e1ria pela&#8230;<\/p>\n","protected":false},"author":36,"featured_media":0,"parent":0,"menu_order":13,"comment_status":"closed","ping_status":"closed","template":"","meta":{"footnotes":""},"class_list":["post-153","page","type-page","status-publish","hentry"],"_links":{"self":[{"href":"https:\/\/uenf.br\/ccta\/lrmga\/wp-json\/wp\/v2\/pages\/153","targetHints":{"allow":["GET"]}}],"collection":[{"href":"https:\/\/uenf.br\/ccta\/lrmga\/wp-json\/wp\/v2\/pages"}],"about":[{"href":"https:\/\/uenf.br\/ccta\/lrmga\/wp-json\/wp\/v2\/types\/page"}],"author":[{"embeddable":true,"href":"https:\/\/uenf.br\/ccta\/lrmga\/wp-json\/wp\/v2\/users\/36"}],"replies":[{"embeddable":true,"href":"https:\/\/uenf.br\/ccta\/lrmga\/wp-json\/wp\/v2\/comments?post=153"}],"version-history":[{"count":0,"href":"https:\/\/uenf.br\/ccta\/lrmga\/wp-json\/wp\/v2\/pages\/153\/revisions"}],"wp:attachment":[{"href":"https:\/\/uenf.br\/ccta\/lrmga\/wp-json\/wp\/v2\/media?parent=153"}],"curies":[{"name":"wp","href":"https:\/\/api.w.org\/{rel}","templated":true}]}}