{"id":17,"date":"2024-05-28T15:53:08","date_gmt":"2024-05-28T18:53:08","guid":{"rendered":"https:\/\/uenf.br\/ccta\/lrmga\/?page_id=17"},"modified":"2024-05-30T16:02:30","modified_gmt":"2024-05-30T19:02:30","slug":"setores","status":"publish","type":"page","link":"https:\/\/uenf.br\/ccta\/lrmga\/setores\/","title":{"rendered":"Setores"},"content":{"rendered":"<table style=\"height: 789px\" width=\"821\">\n<tbody>\n<tr>\n<td style=\"text-align: center\" width=\"302\"><strong>Nome do setor<\/strong><\/td>\n<td width=\"264\">\n<p style=\"text-align: center\"><strong>Respons\u00e1vel<\/strong><\/p>\n<\/td>\n<\/tr>\n<tr>\n<td width=\"302\">Reprodu\u00e7\u00e3o e Obstetr\u00edcia de Grandes Animais<\/td>\n<td width=\"264\">Professor (es): Luis Fonseca Matos<\/td>\n<\/tr>\n<tr>\n<td width=\"302\">Reprodu\u00e7\u00e3o, Obstetr\u00edcia e Ultrassonografia de Animais de Companhia<\/td>\n<td width=\"264\">Professor: Isabel Candia Nunes da Cunha<\/td>\n<\/tr>\n<tr>\n<td width=\"302\">Tecnologia de embri\u00f5es<\/td>\n<td width=\"264\">Professor (es):Angelo Jos\u00e9 Burla Dias, Maria Clara Caldas Bussiere<\/td>\n<\/tr>\n<tr>\n<td width=\"302\">Tecnologia de S\u00eamen<\/td>\n<td width=\"264\">Professor (es): Jos\u00e9 Frederico Straggiotti da Silva, Isabel Candia Nunes da Cunha<\/td>\n<\/tr>\n<tr>\n<td width=\"302\">Melhoramento gen\u00e9tico animal<\/td>\n<td width=\"264\">Professor (es): Celia Raquel Quirino; Wilder Hernando Ortiz Vega<\/td>\n<\/tr>\n<tr>\n<td width=\"302\">Unidade de Pesquisa em Clonagem e transg\u00eanese animal<\/td>\n<td width=\"264\">Professor (es):Angelo Jos\u00e9 Burla Dias, Maria Clara Caldas Bussiere, Luis Fonseca Matos e Wilder Hernando Ortiz Vega<\/td>\n<\/tr>\n<tr>\n<td width=\"302\">Unidade de Apoio \u00e0 Pesquisa -UAP Animal (Equinos Bovinos e Ovinos)<\/td>\n<td width=\"264\">Professor (es) ou t\u00e9cnicos: T\u00e9cnico de N\u00edvel Superior-Marcus Ant\u00f4nio Pessanha Barreto, Professores, Luis Fonseca Matos e Jos\u00e9 Frederico Straggiotti da Silva<\/td>\n<\/tr>\n<tr>\n<td width=\"302\">Comportamento e Bem-estar animal<\/td>\n<td width=\"264\">Professor (es): Rosemary Bastos<\/td>\n<\/tr>\n<\/tbody>\n<\/table>\n","protected":false},"excerpt":{"rendered":"<p>Nome do setor Respons\u00e1vel Reprodu\u00e7\u00e3o e Obstetr\u00edcia de Grandes Animais Professor (es): Luis Fonseca Matos Reprodu\u00e7\u00e3o, Obstetr\u00edcia e Ultrassonografia de&#8230;<\/p>\n","protected":false},"author":36,"featured_media":0,"parent":0,"menu_order":4,"comment_status":"closed","ping_status":"closed","template":"","meta":{"footnotes":""},"class_list":["post-17","page","type-page","status-publish","hentry"],"_links":{"self":[{"href":"https:\/\/uenf.br\/ccta\/lrmga\/wp-json\/wp\/v2\/pages\/17","targetHints":{"allow":["GET"]}}],"collection":[{"href":"https:\/\/uenf.br\/ccta\/lrmga\/wp-json\/wp\/v2\/pages"}],"about":[{"href":"https:\/\/uenf.br\/ccta\/lrmga\/wp-json\/wp\/v2\/types\/page"}],"author":[{"embeddable":true,"href":"https:\/\/uenf.br\/ccta\/lrmga\/wp-json\/wp\/v2\/users\/36"}],"replies":[{"embeddable":true,"href":"https:\/\/uenf.br\/ccta\/lrmga\/wp-json\/wp\/v2\/comments?post=17"}],"version-history":[{"count":0,"href":"https:\/\/uenf.br\/ccta\/lrmga\/wp-json\/wp\/v2\/pages\/17\/revisions"}],"wp:attachment":[{"href":"https:\/\/uenf.br\/ccta\/lrmga\/wp-json\/wp\/v2\/media?parent=17"}],"curies":[{"name":"wp","href":"https:\/\/api.w.org\/{rel}","templated":true}]}}