{"id":2,"date":"2017-03-22T14:06:16","date_gmt":"2017-03-22T17:06:16","guid":{"rendered":"http:\/\/uenf.br\/ccta\/lrmga\/?page_id=2"},"modified":"2025-02-03T09:02:17","modified_gmt":"2025-02-03T12:02:17","slug":"apresentacao","status":"publish","type":"page","link":"https:\/\/uenf.br\/ccta\/lrmga\/","title":{"rendered":"Apresenta\u00e7\u00e3o"},"content":{"rendered":"<p><img loading=\"lazy\" decoding=\"async\" class=\"size-medium wp-image-22 aligncenter\" src=\"http:\/\/uenf.br\/ccta\/lrmga\/files\/2024\/05\/IMG_5958-300x300.jpg\" alt=\"\" width=\"300\" height=\"300\" srcset=\"https:\/\/uenf.br\/ccta\/lrmga\/files\/2024\/05\/IMG_5958-300x300.jpg 300w, https:\/\/uenf.br\/ccta\/lrmga\/files\/2024\/05\/IMG_5958-1024x1024.jpg 1024w, https:\/\/uenf.br\/ccta\/lrmga\/files\/2024\/05\/IMG_5958-150x150.jpg 150w, https:\/\/uenf.br\/ccta\/lrmga\/files\/2024\/05\/IMG_5958-768x768.jpg 768w, https:\/\/uenf.br\/ccta\/lrmga\/files\/2024\/05\/IMG_5958-1536x1536.jpg 1536w, https:\/\/uenf.br\/ccta\/lrmga\/files\/2024\/05\/IMG_5958-600x600.jpg 600w, https:\/\/uenf.br\/ccta\/lrmga\/files\/2024\/05\/IMG_5958.jpg 2048w\" sizes=\"auto, (max-width: 300px) 100vw, 300px\" \/><\/p>\n<p>O Laborat\u00f3rio de Reprodu\u00e7\u00e3o e Melhoramento Gen\u00e9tico Animal (LRMGA) do Centro de Ci\u00eancias e Tecnologias Agropecu\u00e1rias (CCTA) da Universidade Estadual do Norte Fluminense Darcy Ribeiro (UENF) foi criado em 1993, sendo um dos laborat\u00f3rios pioneiros da UENF. O<strong> LRMGA <\/strong>participa do processo de inova\u00e7\u00e3o tecnol\u00f3gica por meio de pesquisa e ensino de alta qualidade, beneficiando \u00e0 popula\u00e7\u00e3o da regi\u00e3o Norte e Noroeste\u00a0 Fluminense do Estado do Rio de Janeiro, e do pa\u00eds.<\/p>\n<p>O LRMGA atua no ensino, pesquisa e extens\u00e3o da gradua\u00e7\u00e3o nos cursos de Medicina Veterin\u00e1ria e de Zootecnia da UENF, e na p\u00f3s-gradua\u00e7\u00e3o nos programas de Medicina Veterin\u00e1ria e de Ci\u00eancia Animal, reconhecidos pela CAPES. Os projetos de pesquisa do LRMGA s\u00e3o liderados pelos seus 9 professores doutores, com financiamento de v\u00e1rias organiza\u00e7\u00f5es nacionais e internacionais, onde muitas colabora\u00e7\u00f5es no pa\u00eds e no exterior foram estabelecidas. Sua participa\u00e7\u00e3o no Hospital Veterin\u00e1rio da UENF contribui com o desenvolvimento local, pois presta servi\u00e7os \u00e0 comunidade nos diferentes setores da reprodu\u00e7\u00e3o e do melhoramento animal.<\/p>\n<p>Os alunos do Laborat\u00f3rio participam de Projetos de Pesquisa de impacto e assim aprendem a pr\u00e1tica da pesquisa. Apresenta\u00e7\u00f5es em semin\u00e1rios do Laborat\u00f3rio, assim como em Congressos nacionais e internacionais, fornecem aos alunos a possibilidade de defender seus trabalhos frente a audi\u00eancias cr\u00edticas. A conclus\u00e3o e defesa de monografias de bacharelado, disserta\u00e7\u00f5es ou teses, s\u00e3o eventos marcantes na vida do laborat\u00f3rio.<\/p>\n<p>A diversidade de esp\u00e9cies e modelos do grupo de pesquisa conflui para a gera\u00e7\u00e3o de conhecimentos em reprodu\u00e7\u00e3o e melhoramento gen\u00e9tico animal, complementado por abordagens bioqu\u00edmicas e moleculares. Pesquisas nas \u00e1reas de biotecnologia da reprodu\u00e7\u00e3o e melhoramento gen\u00e9tico animal t\u00eam sido desenvolvidas para bovinos, ovinos, equinos, c\u00e3es e gatos pela equipe do LRMGA. Todas estas esp\u00e9cies s\u00e3o de interesse econ\u00f4mico regional e\/ou de interesse para gera\u00e7\u00e3o de conhecimentos aplic\u00e1veis \u00e0 preserva\u00e7\u00e3o de animais em risco de extin\u00e7\u00e3o. Instamos aos alunos e comunidade geral a conhecer um pouco mais da nossa estrutura e linhas de pesquisa nos detalhes de cada setor.<\/p>\n<p style=\"text-align: center\"><strong><em>\u00a0Testemunhe a beleza e a maravilha da vida se renovando a cada nascimento, onde cada cria \u00e9 um testemunho da persist\u00eancia da natureza e uma celebra\u00e7\u00e3o da continuidade da vida!<\/em><\/strong><\/p>\n<p>&nbsp;<\/p>\n","protected":false},"excerpt":{"rendered":"<p>O Laborat\u00f3rio de Reprodu\u00e7\u00e3o e Melhoramento Gen\u00e9tico Animal (LRMGA) do Centro de Ci\u00eancias e Tecnologias Agropecu\u00e1rias (CCTA) da Universidade Estadual&#8230;<\/p>\n","protected":false},"author":22,"featured_media":0,"parent":0,"menu_order":0,"comment_status":"closed","ping_status":"closed","template":"","meta":{"footnotes":""},"class_list":["post-2","page","type-page","status-publish","hentry"],"_links":{"self":[{"href":"https:\/\/uenf.br\/ccta\/lrmga\/wp-json\/wp\/v2\/pages\/2","targetHints":{"allow":["GET"]}}],"collection":[{"href":"https:\/\/uenf.br\/ccta\/lrmga\/wp-json\/wp\/v2\/pages"}],"about":[{"href":"https:\/\/uenf.br\/ccta\/lrmga\/wp-json\/wp\/v2\/types\/page"}],"author":[{"embeddable":true,"href":"https:\/\/uenf.br\/ccta\/lrmga\/wp-json\/wp\/v2\/users\/22"}],"replies":[{"embeddable":true,"href":"https:\/\/uenf.br\/ccta\/lrmga\/wp-json\/wp\/v2\/comments?post=2"}],"version-history":[{"count":0,"href":"https:\/\/uenf.br\/ccta\/lrmga\/wp-json\/wp\/v2\/pages\/2\/revisions"}],"wp:attachment":[{"href":"https:\/\/uenf.br\/ccta\/lrmga\/wp-json\/wp\/v2\/media?parent=2"}],"curies":[{"name":"wp","href":"https:\/\/api.w.org\/{rel}","templated":true}]}}