{"id":286,"date":"2024-06-24T09:24:21","date_gmt":"2024-06-24T12:24:21","guid":{"rendered":"https:\/\/uenf.br\/ccta\/lrmga\/?page_id=286"},"modified":"2025-02-03T09:07:43","modified_gmt":"2025-02-03T12:07:43","slug":"corpo-tecnico","status":"publish","type":"page","link":"https:\/\/uenf.br\/ccta\/lrmga\/corpo-tecnico\/","title":{"rendered":"Corpo T\u00e9cnico"},"content":{"rendered":"<p>O corpo t\u00e9cnico do LRMGA tem sido suporte indispens\u00e1vel nas atividades do laborat\u00f3rio ao longo dos anos. T\u00e9cnicos de n\u00edvel superior como Fausto Paes de Carvalho (<em>in memorian<\/em>) que atuava na Unidade de Apoio animal e o t\u00e9cnico de n\u00edvel m\u00e9dio Jos\u00e9 dos Santos Gomes (<em>in memorian<\/em>) que atuou no Col\u00e9gio Estadual Agr\u00edcola Ant\u00f4nio Sarlo fazem parte deste grupo que tanto tem contribu\u00eddo com as a\u00e7\u00f5es do LRMGA. Na atualidade, conta ainda com o apoio dos t\u00e9cnicos de n\u00edvel superior Carla Sobrinho Paes de Carvalho, Marcus Ant\u00f4nio Pessanha Barreto e M\u00e1rcia Rezende Faes,\u00a0 dos t\u00e9cnicos de n\u00edvel m\u00e9dio Bruna Lomba Dias, Thiago da Silva Corr\u00eaa e V\u00e2nia Ribeiro de Souza, dos auxiliares operacionais: Jos\u00e9 Francisco da Silva, Josu\u00e9 Barbosa Martins e Ozeias Cavalar da Silva e Paulo Cesar Alves Pereira (que atua no Hospital Veterin\u00e1rio).<\/p>\n<table style=\"height: 621px\" width=\"825\">\n<tbody>\n<tr>\n<td width=\"142\"><img loading=\"lazy\" decoding=\"async\" class=\"alignleft size-medium wp-image-316\" src=\"http:\/\/uenf.br\/ccta\/lrmga\/files\/2024\/09\/Foto-Carla-225x300.jpg\" alt=\"\" width=\"225\" height=\"300\" srcset=\"https:\/\/uenf.br\/ccta\/lrmga\/files\/2024\/09\/Foto-Carla-225x300.jpg 225w, https:\/\/uenf.br\/ccta\/lrmga\/files\/2024\/09\/Foto-Carla-768x1024.jpg 768w, https:\/\/uenf.br\/ccta\/lrmga\/files\/2024\/09\/Foto-Carla-1152x1536.jpg 1152w, https:\/\/uenf.br\/ccta\/lrmga\/files\/2024\/09\/Foto-Carla-1536x2048.jpg 1536w, https:\/\/uenf.br\/ccta\/lrmga\/files\/2024\/09\/Foto-Carla-scaled.jpg 1920w\" sizes=\"auto, (max-width: 225px) 100vw, 225px\" \/><\/td>\n<td width=\"142\"><\/td>\n<td width=\"142\"><img loading=\"lazy\" decoding=\"async\" class=\"alignleft size-medium wp-image-317\" src=\"http:\/\/uenf.br\/ccta\/lrmga\/files\/2024\/09\/Foto-Marcus-225x300.jpg\" alt=\"\" width=\"225\" height=\"300\" srcset=\"https:\/\/uenf.br\/ccta\/lrmga\/files\/2024\/09\/Foto-Marcus-225x300.jpg 225w, https:\/\/uenf.br\/ccta\/lrmga\/files\/2024\/09\/Foto-Marcus-768x1024.jpg 768w, https:\/\/uenf.br\/ccta\/lrmga\/files\/2024\/09\/Foto-Marcus-1152x1536.jpg 1152w, https:\/\/uenf.br\/ccta\/lrmga\/files\/2024\/09\/Foto-Marcus-1536x2048.jpg 1536w, https:\/\/uenf.br\/ccta\/lrmga\/files\/2024\/09\/Foto-Marcus-scaled.jpg 1920w\" sizes=\"auto, (max-width: 225px) 100vw, 225px\" \/><\/td>\n<td width=\"142\"><\/td>\n<\/tr>\n<tr>\n<td width=\"142\">TNS &#8211; Carla Sobrinho Paes de Carvalho (Tecnologia de Embri\u00f5es)<\/td>\n<td style=\"text-align: center\" width=\"142\">TNS &#8211; M\u00e1rcia de Resende Faes (Reprodu\u00e7\u00e3o de Pequenos Animais)<\/td>\n<td style=\"text-align: center\" width=\"142\">TNS &#8211; Marcus Ant\u00f4nio Pessanha Barreto (UAP Animal)<\/td>\n<td width=\"142\">\u00a0TNM &#8211; Bruna Lomba Dias Viana Rodrigues (Tecnologia de Embri\u00f5es)<\/td>\n<\/tr>\n<tr>\n<td width=\"142\"><\/td>\n<td width=\"142\"><img loading=\"lazy\" decoding=\"async\" class=\"alignleft size-medium wp-image-318\" src=\"http:\/\/uenf.br\/ccta\/lrmga\/files\/2024\/09\/Foto-Vania-225x300.jpg\" alt=\"\" width=\"225\" height=\"300\" srcset=\"https:\/\/uenf.br\/ccta\/lrmga\/files\/2024\/09\/Foto-Vania-225x300.jpg 225w, https:\/\/uenf.br\/ccta\/lrmga\/files\/2024\/09\/Foto-Vania-768x1024.jpg 768w, https:\/\/uenf.br\/ccta\/lrmga\/files\/2024\/09\/Foto-Vania-1152x1536.jpg 1152w, https:\/\/uenf.br\/ccta\/lrmga\/files\/2024\/09\/Foto-Vania-1536x2048.jpg 1536w, https:\/\/uenf.br\/ccta\/lrmga\/files\/2024\/09\/Foto-Vania-scaled.jpg 1920w\" sizes=\"auto, (max-width: 225px) 100vw, 225px\" \/><\/td>\n<td width=\"142\"><\/td>\n<td width=\"142\"><\/td>\n<\/tr>\n<tr>\n<td width=\"142\">TNM &#8211; Thiago da Silva Corr\u00eaa<\/td>\n<td style=\"text-align: center\" width=\"142\">TNM &#8211; Vania Ribeiro de Souza (Tecnologia de embri\u00f5es)<\/td>\n<td style=\"text-align: center\" width=\"142\">TNE &#8211; Jos\u00e9 Francisco da Silva (T\u00e9cnico de campo)<\/td>\n<td width=\"142\">\u00a0TNE &#8211; Josu\u00e9 Barbosa Martins (T\u00e9cnico de campo)<\/td>\n<\/tr>\n<\/tbody>\n<\/table>\n<table style=\"height: 621px\" width=\"825\">\n<tbody>\n<tr>\n<td width=\"142\"><\/td>\n<td width=\"142\"><\/td>\n<td width=\"142\"><\/td>\n<td width=\"142\"><\/td>\n<\/tr>\n<tr>\n<td width=\"142\">TNE &#8211; Ozeias Cavalar da Silva\u00a0 (T\u00e9cnico de campo)<\/td>\n<td style=\"text-align: center\" width=\"142\"><\/td>\n<td style=\"text-align: center\" width=\"142\"><\/td>\n<td width=\"142\"><\/td>\n<\/tr>\n<tr>\n<td width=\"142\"><\/td>\n<td width=\"142\"><\/td>\n<td width=\"142\"><\/td>\n<td width=\"142\"><\/td>\n<\/tr>\n<tr>\n<td width=\"142\"><\/td>\n<td style=\"text-align: center\" width=\"142\"><\/td>\n<td style=\"text-align: center\" width=\"142\"><\/td>\n<td width=\"142\"><\/td>\n<\/tr>\n<\/tbody>\n<\/table>\n<table style=\"height: 102px\" width=\"826\">\n<tbody>\n<tr>\n<td width=\"142\"><\/td>\n<\/tr>\n<\/tbody>\n<\/table>\n<p>&nbsp;<\/p>\n","protected":false},"excerpt":{"rendered":"<p>O corpo t\u00e9cnico do LRMGA tem sido suporte indispens\u00e1vel nas atividades do laborat\u00f3rio ao longo dos anos. T\u00e9cnicos de n\u00edvel&#8230;<\/p>\n","protected":false},"author":37,"featured_media":0,"parent":0,"menu_order":6,"comment_status":"closed","ping_status":"closed","template":"","meta":{"footnotes":""},"class_list":["post-286","page","type-page","status-publish","hentry"],"_links":{"self":[{"href":"https:\/\/uenf.br\/ccta\/lrmga\/wp-json\/wp\/v2\/pages\/286","targetHints":{"allow":["GET"]}}],"collection":[{"href":"https:\/\/uenf.br\/ccta\/lrmga\/wp-json\/wp\/v2\/pages"}],"about":[{"href":"https:\/\/uenf.br\/ccta\/lrmga\/wp-json\/wp\/v2\/types\/page"}],"author":[{"embeddable":true,"href":"https:\/\/uenf.br\/ccta\/lrmga\/wp-json\/wp\/v2\/users\/37"}],"replies":[{"embeddable":true,"href":"https:\/\/uenf.br\/ccta\/lrmga\/wp-json\/wp\/v2\/comments?post=286"}],"version-history":[{"count":0,"href":"https:\/\/uenf.br\/ccta\/lrmga\/wp-json\/wp\/v2\/pages\/286\/revisions"}],"wp:attachment":[{"href":"https:\/\/uenf.br\/ccta\/lrmga\/wp-json\/wp\/v2\/media?parent=286"}],"curies":[{"name":"wp","href":"https:\/\/api.w.org\/{rel}","templated":true}]}}