{"id":301,"date":"2024-06-26T10:53:46","date_gmt":"2024-06-26T13:53:46","guid":{"rendered":"https:\/\/uenf.br\/ccta\/lrmga\/?page_id=301"},"modified":"2024-08-16T09:19:15","modified_gmt":"2024-08-16T12:19:15","slug":"reginaldo-da-silva-fontes-2","status":"publish","type":"page","link":"https:\/\/uenf.br\/ccta\/lrmga\/reginaldo-da-silva-fontes-2\/","title":{"rendered":"Reginaldo da Silva Fontes"},"content":{"rendered":"<p><img loading=\"lazy\" decoding=\"async\" class=\"alignnone size-medium wp-image-274 aligncenter\" src=\"http:\/\/uenf.br\/ccta\/lrmga\/files\/2024\/06\/IMG_6970-281x300.jpeg\" alt=\"\" width=\"281\" height=\"300\" srcset=\"https:\/\/uenf.br\/ccta\/lrmga\/files\/2024\/06\/IMG_6970-281x300.jpeg 281w, https:\/\/uenf.br\/ccta\/lrmga\/files\/2024\/06\/IMG_6970-958x1024.jpeg 958w, https:\/\/uenf.br\/ccta\/lrmga\/files\/2024\/06\/IMG_6970-768x821.jpeg 768w, https:\/\/uenf.br\/ccta\/lrmga\/files\/2024\/06\/IMG_6970-1437x1536.jpeg 1437w, https:\/\/uenf.br\/ccta\/lrmga\/files\/2024\/06\/IMG_6970.jpeg 1892w\" sizes=\"auto, (max-width: 281px) 100vw, 281px\" \/><\/p>\n<table width=\"566\">\n<tbody>\n<tr>\n<td width=\"406\"><strong>Prof Dr. Reginaldo da Silva Fontes<\/strong><\/p>\n<p><strong>Chefe do LRMGA (2024-2027)<\/strong><\/p>\n<p>Possui gradua\u00e7\u00e3o em Medicina Veterin\u00e1ria pela Universidade Federal de Vi\u00e7osa (1988) e doutorado em Ci\u00eancias Veterin\u00e1rias &#8211; Universite de lEtat a Liege (B\u00e9lgica) (1993). Atualmente \u00e9 professor associado-I da Universidade Estadual do Norte Fluminense Darcy Ribeiro. Tem experi\u00eancia na \u00e1rea de Biotecnologia da Reprodu\u00e7\u00e3o, com \u00eanfase em Controle do Ciclo estral, Transfer\u00eancia de Embri\u00f5es, Fertiliza\u00e7\u00e3o In Vitro e Clonagem em Bovinos, atuando principalmente nos seguintes temas: controle da din\u00e2mica folicular, cultivo in vitro de embri\u00f5es, cultivo de c\u00e9lulas do oviduto, cultivo de c\u00e9lulas som\u00e1ticas.<\/td>\n<\/tr>\n<tr>\n<td width=\"406\"><strong>Email: <\/strong>rfontes@uenf.br<\/p>\n<p><strong>Telefone:\u00a0 <\/strong>(32) 998226161<\/td>\n<\/tr>\n<\/tbody>\n<\/table>\n<p>&nbsp;<\/p>\n","protected":false},"excerpt":{"rendered":"<p>Prof Dr. Reginaldo da Silva Fontes Chefe do LRMGA (2024-2027) Possui gradua\u00e7\u00e3o em Medicina Veterin\u00e1ria pela Universidade Federal de Vi\u00e7osa&#8230;<\/p>\n","protected":false},"author":37,"featured_media":0,"parent":0,"menu_order":8,"comment_status":"closed","ping_status":"closed","template":"","meta":{"footnotes":""},"class_list":["post-301","page","type-page","status-publish","hentry"],"_links":{"self":[{"href":"https:\/\/uenf.br\/ccta\/lrmga\/wp-json\/wp\/v2\/pages\/301","targetHints":{"allow":["GET"]}}],"collection":[{"href":"https:\/\/uenf.br\/ccta\/lrmga\/wp-json\/wp\/v2\/pages"}],"about":[{"href":"https:\/\/uenf.br\/ccta\/lrmga\/wp-json\/wp\/v2\/types\/page"}],"author":[{"embeddable":true,"href":"https:\/\/uenf.br\/ccta\/lrmga\/wp-json\/wp\/v2\/users\/37"}],"replies":[{"embeddable":true,"href":"https:\/\/uenf.br\/ccta\/lrmga\/wp-json\/wp\/v2\/comments?post=301"}],"version-history":[{"count":0,"href":"https:\/\/uenf.br\/ccta\/lrmga\/wp-json\/wp\/v2\/pages\/301\/revisions"}],"wp:attachment":[{"href":"https:\/\/uenf.br\/ccta\/lrmga\/wp-json\/wp\/v2\/media?parent=301"}],"curies":[{"name":"wp","href":"https:\/\/api.w.org\/{rel}","templated":true}]}}