{"id":322,"date":"2024-10-03T09:06:11","date_gmt":"2024-10-03T12:06:11","guid":{"rendered":"https:\/\/uenf.br\/ccta\/lrmga\/?page_id=322"},"modified":"2024-10-03T09:07:08","modified_gmt":"2024-10-03T12:07:08","slug":"editais","status":"publish","type":"page","link":"https:\/\/uenf.br\/ccta\/lrmga\/editais\/","title":{"rendered":"Editais"},"content":{"rendered":"<p><a href=\"http:\/\/uenf.br\/ccta\/lrmga\/files\/2024\/10\/Selecao-Programa-Pos-Graduacao-Medicina-Veterinaria-2025-1.pdf\" target=\"_blank\" rel=\"noopener\">Sele\u00e7\u00e3o Programa P\u00f3s-Gradua\u00e7\u00e3o Medicina Veterin\u00e1ria 2025-1<\/a><\/p>\n","protected":false},"excerpt":{"rendered":"<p>Sele\u00e7\u00e3o Programa P\u00f3s-Gradua\u00e7\u00e3o Medicina Veterin\u00e1ria 2025-1<\/p>\n","protected":false},"author":36,"featured_media":0,"parent":0,"menu_order":0,"comment_status":"closed","ping_status":"closed","template":"","meta":{"footnotes":""},"class_list":["post-322","page","type-page","status-publish","hentry"],"_links":{"self":[{"href":"https:\/\/uenf.br\/ccta\/lrmga\/wp-json\/wp\/v2\/pages\/322","targetHints":{"allow":["GET"]}}],"collection":[{"href":"https:\/\/uenf.br\/ccta\/lrmga\/wp-json\/wp\/v2\/pages"}],"about":[{"href":"https:\/\/uenf.br\/ccta\/lrmga\/wp-json\/wp\/v2\/types\/page"}],"author":[{"embeddable":true,"href":"https:\/\/uenf.br\/ccta\/lrmga\/wp-json\/wp\/v2\/users\/36"}],"replies":[{"embeddable":true,"href":"https:\/\/uenf.br\/ccta\/lrmga\/wp-json\/wp\/v2\/comments?post=322"}],"version-history":[{"count":0,"href":"https:\/\/uenf.br\/ccta\/lrmga\/wp-json\/wp\/v2\/pages\/322\/revisions"}],"wp:attachment":[{"href":"https:\/\/uenf.br\/ccta\/lrmga\/wp-json\/wp\/v2\/media?parent=322"}],"curies":[{"name":"wp","href":"https:\/\/api.w.org\/{rel}","templated":true}]}}